{"id":2036,"date":"2024-08-30T21:45:09","date_gmt":"2024-08-30T21:45:09","guid":{"rendered":"https:\/\/thinkeduhub.com\/?page_id=2036"},"modified":"2025-11-21T17:11:54","modified_gmt":"2025-11-21T17:11:54","slug":"ekskurzije","status":"publish","type":"page","link":"https:\/\/thinkeduhub.com\/hu\/ekskurzije\/","title":{"rendered":"KIR\u00c1NDUL\u00c1SOK"},"content":{"rendered":"<div class=\"wp-block-cover alignfull has-parallax\" style=\"padding-top:200px;padding-bottom:100px;min-height:416px;aspect-ratio:unset;\"><div class=\"wp-block-cover__image-background wp-image-1154 has-parallax\" style=\"background-position:50% 50%;background-image:url(https:\/\/thinkeduhub.com\/wp-content\/uploads\/2024\/08\/honlap-hatter-1-1.jpg)\"><\/div><span aria-hidden=\"true\" class=\"wp-block-cover__background has-background-dim-0 has-background-dim\" style=\"background-color:#c67ba2\"><\/span><div class=\"wp-block-cover__inner-container has-global-padding is-layout-constrained wp-container-core-cover-is-layout-6d4063e3 wp-block-cover-is-layout-constrained\">\n<h1 class=\"wp-block-heading has-text-align-center has-text-color has-bayon-font-family\" style=\"color:#ffffff;font-size:clamp(37.821px, 2.364rem + ((1vw - 3.2px) * 3.657), 70px);font-style:normal;font-weight:700;text-transform:uppercase\">KIR\u00c1NDUL\u00c1SOK<\/h1>\n<\/div><\/div>\n\n\n\n<div class=\"wp-block-group alignfull has-global-padding is-layout-constrained wp-block-group-is-layout-constrained\" style=\"margin-bottom:var(--wp--preset--spacing--70)\">\n<h2 class=\"wp-block-heading alignwide has-text-align-center has-text-color has-bayon-font-family\" id=\"logiscool-kursevi\" style=\"color:#3f0072;margin-top:0;margin-bottom:0;padding-bottom:0px;font-size:clamp(26.465px, 1.654rem + ((1vw - 3.2px) * 2.106), 45px);letter-spacing:2px;text-transform:uppercase\"><strong>LEvel up 8k<\/strong><\/h2>\n\n\n\n<h4 class=\"wp-block-heading alignwide has-text-align-center has-text-color has-link-color wp-elements-d3670ab6eb5f49e5abc3bfd7cbcb5a3c\" style=\"color:#000000;margin-top:0;margin-bottom:0;text-transform:uppercase\">Tanulm\u00e1nyi utaz\u00e1s<\/h4>\n\n\n\n<h6 class=\"wp-block-heading alignwide has-text-align-center has-text-color has-link-color wp-elements-17413669aec9692da6f87f694e2607b7\" style=\"color:#000000;margin-top:0;margin-bottom:0;text-transform:none\">Gyerekek \u00e9s sz\u00fcl\u0151k sz\u00e1m\u00e1ra<\/h6>\n\n\n\n<div class=\"wp-block-group alignwide is-style-default has-background has-small-font-size is-vertical is-content-justification-center is-layout-flex wp-container-core-group-is-layout-d3939954 wp-block-group-is-layout-flex\" style=\"background-color:#10a19e;margin-top:var(--wp--preset--spacing--30);margin-bottom:0;padding-top:0;padding-right:0;padding-bottom:0;padding-left:0\">\n<hr class=\"wp-block-separator alignwide has-text-color has-alpha-channel-opacity has-background is-style-default\" style=\"margin-top:5px;background-color:#10a19e;color:#10a19e\"\/>\n<\/div>\n\n\n\n<div class=\"wp-block-group alignwide has-global-padding is-content-justification-right is-layout-constrained wp-container-core-group-is-layout-bb4622ba wp-block-group-is-layout-constrained\" style=\"margin-top:0;margin-bottom:0px;padding-top:50px;padding-right:10px;padding-bottom:10px;padding-left:10px\">\n<div class=\"wp-block-columns alignwide are-vertically-aligned-top is-layout-flex wp-container-core-columns-is-layout-cfca0e8c wp-block-columns-is-layout-flex\" style=\"margin-bottom:10px\">\n<div class=\"wp-block-column is-vertically-aligned-top border-radius: 20px is-layout-flow wp-container-core-column-is-layout-d6743c7d wp-block-column-is-layout-flow\" style=\"box-shadow:none;flex-basis:370px\">\n<div class=\"wp-block-group has-border-color has-background has-global-padding is-layout-constrained wp-block-group-is-layout-constrained\" style=\"border-color:#ff7000;border-width:1px;border-radius:20px;background:linear-gradient(0deg,rgb(63,0,114) 0%,rgb(16,161,158) 72%);min-height:0px\">\n<figure class=\"wp-block-image aligncenter size-large has-custom-border\"><img loading=\"lazy\" decoding=\"async\" width=\"1024\" height=\"1024\" src=\"https:\/\/thinkeduhub.com\/wp-content\/uploads\/2025\/11\/image-1024x1024.png\" alt=\"\" class=\"has-border-color wp-image-3587\" style=\"border-color:#ff7000;border-width:1px;border-radius:20px\" srcset=\"https:\/\/thinkeduhub.com\/wp-content\/uploads\/2025\/11\/image-1024x1024.png 1024w, https:\/\/thinkeduhub.com\/wp-content\/uploads\/2025\/11\/image-300x300.png 300w, https:\/\/thinkeduhub.com\/wp-content\/uploads\/2025\/11\/image-150x150.png 150w, https:\/\/thinkeduhub.com\/wp-content\/uploads\/2025\/11\/image-768x768.png 768w, https:\/\/thinkeduhub.com\/wp-content\/uploads\/2025\/11\/image-1536x1536.png 1536w, https:\/\/thinkeduhub.com\/wp-content\/uploads\/2025\/11\/image-12x12.png 12w, https:\/\/thinkeduhub.com\/wp-content\/uploads\/2025\/11\/image.png 2048w\" sizes=\"auto, (max-width: 1024px) 100vw, 1024px\" \/><\/figure>\n\n\n\n<h2 class=\"wp-block-heading has-text-align-center has-text-color has-bayon-font-family\" style=\"color:#ffbe00;padding-top:0px;padding-right:var(--wp--preset--spacing--40);padding-bottom:0px;padding-left:var(--wp--preset--spacing--40);font-size:clamp(15.747px, 0.984rem + ((1vw - 3.2px) * 0.938), 24px);font-style:normal;font-weight:600;text-transform:uppercase\">Adventi v\u00e1s\u00e1r &amp; \u201eT\u00e9l Nagyija\u201d cirkuszi el\u0151ad\u00e1s<\/h2>\n\n\n\n<h2 class=\"wp-block-heading has-text-align-center has-text-color has-bayon-font-family\" style=\"color:#ff7000;margin-top:0;margin-bottom:0;padding-top:6px;padding-bottom:0px;font-size:14px;text-transform:uppercase\"><strong><strong>Budapest<\/strong><\/strong><\/h2>\n\n\n\n<p class=\"has-text-align-center has-text-color has-link-color wp-elements-031c5b2402816afbb232529cf89a5b09\" style=\"color:#ffffff;margin-top:20px;padding-top:5px;padding-right:5px;padding-bottom:5px;padding-left:5px\">Csatlakozz hozz\u00e1nk egy felejthetetlen \u00fcnnepi utaz\u00e1sra, amikor elvissz\u00fck a gyerekeket Budapestre, hogy \u00e1t\u00e9lj\u00e9k a Thinkkel a legszebb \u00fcnnepi var\u00e1zst!<\/p>\n\n\n\n<div class=\"wp-block-buttons is-content-justification-center is-layout-flex wp-container-core-buttons-is-layout-1344b37d wp-block-buttons-is-layout-flex\" style=\"margin-top:35px;margin-bottom:15px\">\n<div class=\"wp-block-button has-custom-width wp-block-button__width-75 is-style-fill\"><a class=\"wp-block-button__link has-luminous-vivid-amber-to-luminous-vivid-orange-gradient-background has-text-color has-background has-bayon-font-family has-text-align-center has-custom-font-size wp-element-button\" href=\"https:\/\/thinkeduhub.com\/hu\/adventski-vasar\/\" style=\"border-radius:50px;color:#ffffff;padding-top:15px;padding-right:15px;padding-bottom:15px;padding-left:15px;font-size:clamp(14px, 0.875rem + ((1vw - 3.2px) * 0.227), 16px);text-transform:uppercase\">R\u00e9szletek<\/a><\/div>\n<\/div>\n<\/div>\n<\/div>\n\n\n\n<div class=\"wp-block-column is-vertically-aligned-top border-radius: 20px is-layout-flow wp-container-core-column-is-layout-d6743c7d wp-block-column-is-layout-flow\" style=\"box-shadow:none;flex-basis:370px\">\n<div class=\"wp-block-group has-border-color has-background has-global-padding is-layout-constrained wp-block-group-is-layout-constrained\" style=\"border-color:#ff7000;border-width:1px;border-radius:20px;background:linear-gradient(0deg,rgb(63,0,114) 0%,rgb(16,161,158) 72%);min-height:0px\">\n<figure class=\"wp-block-image aligncenter size-large has-custom-border\"><img loading=\"lazy\" decoding=\"async\" width=\"1024\" height=\"1024\" src=\"https:\/\/thinkeduhub.com\/wp-content\/uploads\/2025\/05\/kep_2025-05-06_084931543-1024x1024.png\" alt=\"\" class=\"has-border-color wp-image-3205\" style=\"border-color:#ff7000;border-width:1px;border-radius:20px\" srcset=\"https:\/\/thinkeduhub.com\/wp-content\/uploads\/2025\/05\/kep_2025-05-06_084931543-1024x1024.png 1024w, https:\/\/thinkeduhub.com\/wp-content\/uploads\/2025\/05\/kep_2025-05-06_084931543-300x300.png 300w, https:\/\/thinkeduhub.com\/wp-content\/uploads\/2025\/05\/kep_2025-05-06_084931543-150x150.png 150w, https:\/\/thinkeduhub.com\/wp-content\/uploads\/2025\/05\/kep_2025-05-06_084931543-768x768.png 768w, https:\/\/thinkeduhub.com\/wp-content\/uploads\/2025\/05\/kep_2025-05-06_084931543-1536x1536.png 1536w, https:\/\/thinkeduhub.com\/wp-content\/uploads\/2025\/05\/kep_2025-05-06_084931543-12x12.png 12w, https:\/\/thinkeduhub.com\/wp-content\/uploads\/2025\/05\/kep_2025-05-06_084931543.png 2048w\" sizes=\"auto, (max-width: 1024px) 100vw, 1024px\" \/><\/figure>\n\n\n\n<h2 class=\"wp-block-heading has-text-align-center has-text-color has-bayon-font-family\" style=\"color:#ffbe00;padding-top:0px;padding-right:var(--wp--preset--spacing--30);padding-bottom:0px;padding-left:var(--wp--preset--spacing--30);font-size:clamp(15.747px, 0.984rem + ((1vw - 3.2px) * 0.938), 24px);font-style:normal;font-weight:600;text-transform:uppercase\">SAFARI PARK RICHTER &amp; PLANETARIjUM<\/h2>\n\n\n\n<h2 class=\"wp-block-heading has-text-align-center has-text-color has-bayon-font-family\" style=\"color:#ff7000;margin-top:0;margin-bottom:0;padding-top:6px;padding-bottom:0px;font-size:14px;text-transform:uppercase\">KECSKEM\u00c9T \u00c9S NAGYK\u0150R\u00d6S<\/h2>\n\n\n\n<p class=\"has-text-align-center has-text-color has-link-color wp-elements-4a985da232486a9f1a133b9aa46793c1\" style=\"color:#ffffff;margin-top:20px;padding-top:5px;padding-right:5px;padding-bottom:5px;padding-left:5px\">K\u00e9sz\u00fcljetek fel a TAVASZ LEGNAGYOBB kalandj\u00e1ra! \u00c1prilis 26-\u00e1n elvissz\u00fck a gyerekeket, bar\u00e1taikat \u00e9s a sz\u00fcl\u0151ket egy var\u00e1zslatos utaz\u00e1sra a vadonon, az \u0171r\u00f6n \u00e9s a leg\u00e9desebb finoms\u00e1gok vil\u00e1g\u00e1n \u00e1t!<\/p>\n\n\n\n<div class=\"wp-block-buttons is-content-justification-center is-layout-flex wp-container-core-buttons-is-layout-e5e66447 wp-block-buttons-is-layout-flex\" style=\"margin-top:6px;margin-bottom:15px\">\n<div class=\"wp-block-button has-custom-width wp-block-button__width-75 is-style-fill\"><a class=\"wp-block-button__link has-luminous-vivid-amber-to-luminous-vivid-orange-gradient-background has-text-color has-background has-bayon-font-family has-text-align-center has-custom-font-size wp-element-button\" href=\"https:\/\/thinkeduhub.com\/hu\/ekskurzija-safari\/\" style=\"border-radius:50px;color:#ffffff;padding-top:15px;padding-right:15px;padding-bottom:15px;padding-left:15px;font-size:clamp(14px, 0.875rem + ((1vw - 3.2px) * 0.227), 16px);text-transform:uppercase\">R\u00e9szletek<\/a><\/div>\n<\/div>\n<\/div>\n<\/div>\n\n\n\n<div class=\"wp-block-column is-vertically-aligned-top border-radius: 20px is-layout-flow wp-container-core-column-is-layout-d6743c7d wp-block-column-is-layout-flow\" style=\"box-shadow:none;flex-basis:370px\">\n<div class=\"wp-block-group has-border-color has-background has-global-padding is-layout-constrained wp-block-group-is-layout-constrained\" style=\"border-color:#ff7000;border-width:1px;border-radius:20px;background:linear-gradient(0deg,rgb(63,0,114) 0%,rgb(16,161,158) 72%);min-height:0px\">\n<figure class=\"wp-block-image aligncenter size-large has-custom-border\"><img loading=\"lazy\" decoding=\"async\" width=\"1024\" height=\"1024\" src=\"https:\/\/thinkeduhub.com\/wp-content\/uploads\/2024\/11\/466073307_516868317989642_4081502057255726267_n-1024x1024.jpg\" alt=\"\" class=\"has-border-color wp-image-2545\" style=\"border-color:#ff7000;border-width:1px;border-radius:20px\" srcset=\"https:\/\/thinkeduhub.com\/wp-content\/uploads\/2024\/11\/466073307_516868317989642_4081502057255726267_n-1024x1024.jpg 1024w, https:\/\/thinkeduhub.com\/wp-content\/uploads\/2024\/11\/466073307_516868317989642_4081502057255726267_n-300x300.jpg 300w, https:\/\/thinkeduhub.com\/wp-content\/uploads\/2024\/11\/466073307_516868317989642_4081502057255726267_n-150x150.jpg 150w, https:\/\/thinkeduhub.com\/wp-content\/uploads\/2024\/11\/466073307_516868317989642_4081502057255726267_n-768x768.jpg 768w, https:\/\/thinkeduhub.com\/wp-content\/uploads\/2024\/11\/466073307_516868317989642_4081502057255726267_n-1536x1536.jpg 1536w, https:\/\/thinkeduhub.com\/wp-content\/uploads\/2024\/11\/466073307_516868317989642_4081502057255726267_n.jpg 2048w\" sizes=\"auto, (max-width: 1024px) 100vw, 1024px\" \/><\/figure>\n\n\n\n<h2 class=\"wp-block-heading has-text-align-center has-text-color has-bayon-font-family\" style=\"color:#ffbe00;padding-top:0px;padding-right:var(--wp--preset--spacing--30);padding-bottom:0px;padding-left:var(--wp--preset--spacing--30);font-size:clamp(15.747px, 0.984rem + ((1vw - 3.2px) * 0.938), 24px);font-style:normal;font-weight:600;text-transform:uppercase\">A Tudom\u00e1ny Fesztiv\u00e1l 2024 &amp; Ill\u00fazi\u00f3k M\u00fazeuma<\/h2>\n\n\n\n<h2 class=\"wp-block-heading has-text-align-center has-text-color has-bayon-font-family\" style=\"color:#ff7000;margin-top:0;margin-bottom:0;padding-top:6px;padding-bottom:0px;font-size:14px;text-transform:uppercase\"><strong><strong>Belgr\u00e1d<\/strong><\/strong><\/h2>\n\n\n\n<p class=\"has-text-align-center has-text-color has-link-color wp-elements-f6244dd1875fe2fa579a9daadec1ac22\" style=\"color:#ffffff;margin-top:20px;padding-top:5px;padding-right:5px;padding-bottom:5px;padding-left:5px\">Csatlakozzanak hozz\u00e1nk DECEMBER 14-\u00c9N egy izgalmas utaz\u00e1sra, amikor a gyerekeket elvissz\u00fck a Tudom\u00e1ny Fesztiv\u00e1lj\u00e1ra \u00e9s az Ill\u00fazi\u00f3k M\u00fazeum\u00e1ba Belgr\u00e1dba!<\/p>\n\n\n\n<div class=\"wp-block-buttons is-content-justification-center is-layout-flex wp-container-core-buttons-is-layout-469b65ce wp-block-buttons-is-layout-flex\" style=\"margin-top:63px;margin-bottom:15px\">\n<div class=\"wp-block-button has-custom-width wp-block-button__width-75 is-style-fill\"><a class=\"wp-block-button__link has-luminous-vivid-amber-to-luminous-vivid-orange-gradient-background has-text-color has-background has-bayon-font-family has-text-align-center has-custom-font-size wp-element-button\" href=\"https:\/\/thinkeduhub.com\/hu\/ekskurzija-beograd\/\" style=\"border-radius:50px;color:#ffffff;padding-top:15px;padding-right:15px;padding-bottom:15px;padding-left:15px;font-size:clamp(14px, 0.875rem + ((1vw - 3.2px) * 0.227), 16px);text-transform:uppercase\">R\u00e9szletek<\/a><\/div>\n<\/div>\n<\/div>\n<\/div>\n<\/div>\n\n\n\n<div class=\"wp-block-columns alignwide are-vertically-aligned-top is-layout-flex wp-container-core-columns-is-layout-cfca0e8c wp-block-columns-is-layout-flex\" style=\"margin-bottom:10px\">\n<div class=\"wp-block-column is-vertically-aligned-top border-radius: 20px is-layout-flow wp-container-core-column-is-layout-d6743c7d wp-block-column-is-layout-flow\" style=\"box-shadow:none;flex-basis:370px\">\n<div class=\"wp-block-group has-border-color has-background has-global-padding is-layout-constrained wp-block-group-is-layout-constrained\" style=\"border-color:#ff7000;border-width:1px;border-radius:20px;background:linear-gradient(0deg,rgb(63,0,114) 0%,rgb(16,161,158) 72%);min-height:0px\">\n<figure class=\"wp-block-image aligncenter size-large has-custom-border\"><img loading=\"lazy\" decoding=\"async\" width=\"1024\" height=\"1024\" src=\"https:\/\/thinkeduhub.com\/wp-content\/uploads\/2024\/08\/457360484_466224683054006_7971169840199743725_n-1-1024x1024.png\" alt=\"\" class=\"has-border-color wp-image-2043\" style=\"border-color:#ff7000;border-width:1px;border-radius:20px\" srcset=\"https:\/\/thinkeduhub.com\/wp-content\/uploads\/2024\/08\/457360484_466224683054006_7971169840199743725_n-1-1024x1024.png 1024w, https:\/\/thinkeduhub.com\/wp-content\/uploads\/2024\/08\/457360484_466224683054006_7971169840199743725_n-1-300x300.png 300w, https:\/\/thinkeduhub.com\/wp-content\/uploads\/2024\/08\/457360484_466224683054006_7971169840199743725_n-1-150x150.png 150w, https:\/\/thinkeduhub.com\/wp-content\/uploads\/2024\/08\/457360484_466224683054006_7971169840199743725_n-1-768x768.png 768w, https:\/\/thinkeduhub.com\/wp-content\/uploads\/2024\/08\/457360484_466224683054006_7971169840199743725_n-1-1536x1536.png 1536w, https:\/\/thinkeduhub.com\/wp-content\/uploads\/2024\/08\/457360484_466224683054006_7971169840199743725_n-1.png 2048w\" sizes=\"auto, (max-width: 1024px) 100vw, 1024px\" \/><\/figure>\n\n\n\n<h2 class=\"wp-block-heading has-text-align-center has-text-color has-bayon-font-family\" style=\"color:#ffbe00;padding-top:0px;padding-right:var(--wp--preset--spacing--40);padding-bottom:0px;padding-left:var(--wp--preset--spacing--40);font-size:clamp(15.747px, 0.984rem + ((1vw - 3.2px) * 0.938), 24px);font-style:normal;font-weight:600;text-transform:uppercase\">Global Chess Festival &amp; 45. Sakkolimpia<\/h2>\n\n\n\n<h2 class=\"wp-block-heading has-text-align-center has-text-color has-bayon-font-family\" style=\"color:#ff7000;margin-top:0;margin-bottom:0;padding-top:6px;padding-bottom:0px;font-size:14px;text-transform:uppercase\"><strong><strong>Budapest<\/strong><\/strong><\/h2>\n\n\n\n<p class=\"has-text-align-center has-text-color has-link-color wp-elements-3c9e250a93399798a76482cb767f4db2\" style=\"color:#ffffff;margin-top:20px;padding-top:5px;padding-right:5px;padding-bottom:5px;padding-left:5px\">Csatlakozzatok hozz\u00e1nk szeptember 17-\u00e9n egy izgalmas utaz\u00e1sra, amikor elvissz\u00fck a gyerekeket a Global Chess Festivalra \u00e9s a 45. Sakkolimpi\u00e1ra a gy\u00f6ny\u00f6r\u0171 Budapestre!<\/p>\n\n\n\n<div class=\"wp-block-buttons is-content-justification-center is-layout-flex wp-container-core-buttons-is-layout-1344b37d wp-block-buttons-is-layout-flex\" style=\"margin-top:35px;margin-bottom:15px\">\n<div class=\"wp-block-button has-custom-width wp-block-button__width-75 is-style-fill\"><a class=\"wp-block-button__link has-luminous-vivid-amber-to-luminous-vivid-orange-gradient-background has-text-color has-background has-bayon-font-family has-text-align-center has-custom-font-size wp-element-button\" href=\"https:\/\/thinkeduhub.com\/hu\/ekskurzija-budapest\/\" style=\"border-radius:50px;color:#ffffff;padding-top:15px;padding-right:15px;padding-bottom:15px;padding-left:15px;font-size:clamp(14px, 0.875rem + ((1vw - 3.2px) * 0.227), 16px);text-transform:uppercase\">R\u00e9szletek<\/a><\/div>\n<\/div>\n<\/div>\n<\/div>\n<\/div>\n<\/div>\n<\/div>","protected":false},"excerpt":{"rendered":"<p>LEvel up 8k Studijsko putovanje Za decu i roditelje Adventski va\u0161ar &amp; Baka zima cirkusa predstava budimpe\u0161ta (ma\u0111arska) Pridru\u017eite nam se na nezaboravnom prazni\u010dnom putovanju kad vodimo decu u Budimpe\u0161tu da do\u017eive najlep\u0161u prazni\u010dnu magiju sa Thinkom! SAFARI PARK RICHTER &amp; PLANETARIjUM KE\u010cKEMET I NA\u0110KERE\u0160 Pripremite se za NAJVE\u0106U avanturu ovog prole\u0107a! 26. aprila vodimo [&hellip;]<\/p>","protected":false},"author":2,"featured_media":0,"parent":0,"menu_order":0,"comment_status":"closed","ping_status":"closed","template":"","meta":{"ngg_post_thumbnail":0,"footnotes":""},"class_list":["post-2036","page","type-page","status-publish","hentry"],"_links":{"self":[{"href":"https:\/\/thinkeduhub.com\/hu\/wp-json\/wp\/v2\/pages\/2036","targetHints":{"allow":["GET"]}}],"collection":[{"href":"https:\/\/thinkeduhub.com\/hu\/wp-json\/wp\/v2\/pages"}],"about":[{"href":"https:\/\/thinkeduhub.com\/hu\/wp-json\/wp\/v2\/types\/page"}],"author":[{"embeddable":true,"href":"https:\/\/thinkeduhub.com\/hu\/wp-json\/wp\/v2\/users\/2"}],"replies":[{"embeddable":true,"href":"https:\/\/thinkeduhub.com\/hu\/wp-json\/wp\/v2\/comments?post=2036"}],"version-history":[{"count":20,"href":"https:\/\/thinkeduhub.com\/hu\/wp-json\/wp\/v2\/pages\/2036\/revisions"}],"predecessor-version":[{"id":3593,"href":"https:\/\/thinkeduhub.com\/hu\/wp-json\/wp\/v2\/pages\/2036\/revisions\/3593"}],"wp:attachment":[{"href":"https:\/\/thinkeduhub.com\/hu\/wp-json\/wp\/v2\/media?parent=2036"}],"curies":[{"name":"wp","href":"https:\/\/api.w.org\/{rel}","templated":true}]}}