{"id":2047,"date":"2024-08-31T11:11:05","date_gmt":"2024-08-31T11:11:05","guid":{"rendered":"https:\/\/thinkeduhub.com\/?page_id=2047"},"modified":"2025-11-21T17:19:07","modified_gmt":"2025-11-21T17:19:07","slug":"ekskurzija-budapest","status":"publish","type":"page","link":"https:\/\/thinkeduhub.com\/hu\/ekskurzija-budapest\/","title":{"rendered":"ekskurzija budapest"},"content":{"rendered":"<div class=\"wp-block-cover alignfull has-parallax\" style=\"padding-top:2%\"><div class=\"wp-block-cover__image-background wp-image-1154 has-parallax\" style=\"background-position:50% 50%;background-image:url(https:\/\/thinkeduhub.com\/wp-content\/uploads\/2024\/08\/honlap-hatter-1-1.jpg)\"><\/div><span aria-hidden=\"true\" class=\"wp-block-cover__background has-background-dim-0 has-background-dim\" style=\"background-color:#440165\"><\/span><div class=\"wp-block-cover__inner-container has-global-padding is-layout-constrained wp-container-core-cover-is-layout-ee51f2d2 wp-block-cover-is-layout-constrained\">\n<h2 class=\"wp-block-heading has-text-align-center has-text-color\" style=\"color:#ffffff;margin-top:0rem;margin-bottom:1.01rem;font-size:clamp(2.2rem, 2.2rem + ((1vw - 0.2rem) * 3.273), 4rem);font-style:normal;font-weight:600;line-height:1;text-transform:none\">Global Chess Festival<\/h2>\n<\/div><\/div>\n\n\n\n<div class=\"wp-block-columns alignwide is-layout-flex wp-container-core-columns-is-layout-2dc2afee wp-block-columns-is-layout-flex\" style=\"border-top-left-radius:0px;border-top-right-radius:0px;border-bottom-left-radius:0px;border-bottom-right-radius:0px;border-bottom-color:#ffffff;border-bottom-width:1px;margin-top:0px;margin-bottom:70px;padding-top:0;padding-right:0rem;padding-bottom:0;padding-left:0rem;box-shadow:none\">\n<div class=\"wp-block-column is-vertically-aligned-top is-layout-flow wp-container-core-column-is-layout-23f998aa wp-block-column-is-layout-flow\" style=\"border-style:none;border-width:0px;padding-top:var(--wp--preset--spacing--70);padding-right:0;padding-bottom:0;padding-left:0rem;flex-basis:80%\">\n<div class=\"wp-block-group is-layout-flow wp-block-group-is-layout-flow\">\n<h3 class=\"wp-block-heading alignwide has-text-align-center has-text-color\" style=\"color:#3f0072;margin-top:0.5rem;margin-bottom:1.01rem;font-size:clamp(1.502rem, 1.502rem + ((1vw - 0.2rem) * 1.815), 2.5rem);font-style:normal;font-weight:600;letter-spacing:0px;line-height:1.3;text-transform:none\">Fedezze fel a sakk var\u00e1zs\u00e1t BUDAPESTEN!<\/h3>\n<\/div>\n\n\n\n<figure class=\"wp-block-image aligncenter size-full has-custom-border is-style-default\"><img loading=\"lazy\" decoding=\"async\" width=\"2048\" height=\"2048\" src=\"https:\/\/thinkeduhub.com\/wp-content\/uploads\/2024\/08\/457360484_466224683054006_7971169840199743725_n-1.png\" alt=\"\" class=\"wp-image-2043\" style=\"border-radius:20px;object-fit:cover\" srcset=\"https:\/\/thinkeduhub.com\/wp-content\/uploads\/2024\/08\/457360484_466224683054006_7971169840199743725_n-1.png 2048w, https:\/\/thinkeduhub.com\/wp-content\/uploads\/2024\/08\/457360484_466224683054006_7971169840199743725_n-1-300x300.png 300w, https:\/\/thinkeduhub.com\/wp-content\/uploads\/2024\/08\/457360484_466224683054006_7971169840199743725_n-1-1024x1024.png 1024w, https:\/\/thinkeduhub.com\/wp-content\/uploads\/2024\/08\/457360484_466224683054006_7971169840199743725_n-1-150x150.png 150w, https:\/\/thinkeduhub.com\/wp-content\/uploads\/2024\/08\/457360484_466224683054006_7971169840199743725_n-1-768x768.png 768w, https:\/\/thinkeduhub.com\/wp-content\/uploads\/2024\/08\/457360484_466224683054006_7971169840199743725_n-1-1536x1536.png 1536w\" sizes=\"auto, (max-width: 2048px) 100vw, 2048px\" \/><\/figure>\n<\/div>\n\n\n\n<div class=\"wp-block-column is-vertically-aligned-center is-layout-flow wp-container-core-column-is-layout-bab8543d wp-block-column-is-layout-flow\" style=\"padding-top:0rem;padding-right:0rem;padding-bottom:0;padding-left:0;flex-basis:80%\">\n<p class=\"has-text-align-center has-text-color\" style=\"color:#3f0072;margin-top:0.5rem;margin-bottom:1.01rem;font-size:clamp(1.502rem, 1.502rem + ((1vw - 0.2rem) * 1.815), 2.5rem);font-style:normal;font-weight:600;letter-spacing:0px;line-height:1.3;text-transform:none\">Program:<\/p>\n\n\n\n<p class=\"has-text-align-left has-medium-font-size\" style=\"font-style:normal;font-weight:500\">\u25b6\ufe0f Budapest nevezetess\u00e9geinek felfedez\u00e9se<\/p>\n\n\n\n<div style=\"height:12px\" aria-hidden=\"true\" class=\"wp-block-spacer\"><\/div>\n\n\n\n<p class=\"has-text-align-left has-medium-font-size\" style=\"font-style:normal;font-weight:500\">\u25b6\ufe0f Global Chess Festival \u2013 Tal\u00e1lkozzon szem\u00e9lyesen minden id\u0151k legjobb sakkoz\u00f3n\u0151j\u00e9vel, Polg\u00e1r Judittal, valamint vil\u00e1gh\u00edr\u0171 sakklegend\u00e1kkal \u00e9s olimpikonokkal<\/p>\n\n\n\n<div style=\"height:12px\" aria-hidden=\"true\" class=\"wp-block-spacer\"><\/div>\n\n\n\n<p class=\"has-medium-font-size\" style=\"font-style:normal;font-weight:500\">\u25b6\ufe0f Nemzeti Gal\u00e9ria l\u00e1togat\u00e1sa \u2013 Mer\u00fclj\u00f6n el a m\u0171v\u00e9szet \u00e9s kult\u00fara vil\u00e1g\u00e1ban<\/p>\n\n\n\n<div style=\"height:12px\" aria-hidden=\"true\" class=\"wp-block-spacer\"><\/div>\n\n\n\n<p class=\"has-medium-font-size\" style=\"font-style:normal;font-weight:500\">\u25b6\ufe0f Tropicarium \u2013 Egy leny\u0171g\u00f6z\u0151 utaz\u00e1s az egzotikus \u00e1llatok birodalm\u00e1ba<\/p>\n\n\n\n<div style=\"height:0px\" aria-hidden=\"true\" class=\"wp-block-spacer\"><\/div>\n\n\n\n<p class=\"has-text-align-center has-text-color\" style=\"color:#3f0072;margin-top:0.5rem;margin-bottom:1.01rem;font-size:clamp(1.502rem, 1.502rem + ((1vw - 0.2rem) * 1.815), 2.5rem);font-style:normal;font-weight:600;letter-spacing:0px;line-height:1.3;text-transform:none\"><\/p>\n<\/div>\n<\/div>","protected":false},"excerpt":{"rendered":"<p>Otkrijte magiju \u0161aha u BUDIMPE\u0160TI! Program: \u25b6\ufe0f Razgledanje znamenitosti Budimpe\u0161te \u25b6\ufe0f Global Chess Festival \u2013 Upoznajte li\u010dno najbolju \u0161ahistkinji svih vremena Judit Polgar i svetske \u0161ahovske legende i u\u010desnike Olimpijskih igara \u25b6\ufe0f Poseta Nacionalnoj galeriji \u2013 U\u017eivajte u umetnosti i kulturi \u25b6\ufe0fTropikarium \u2013 Fascinantan svet egzoti\u010dnih \u017eivotinja<\/p>","protected":false},"author":2,"featured_media":0,"parent":0,"menu_order":0,"comment_status":"closed","ping_status":"closed","template":"","meta":{"ngg_post_thumbnail":0,"footnotes":""},"class_list":["post-2047","page","type-page","status-publish","hentry"],"_links":{"self":[{"href":"https:\/\/thinkeduhub.com\/hu\/wp-json\/wp\/v2\/pages\/2047","targetHints":{"allow":["GET"]}}],"collection":[{"href":"https:\/\/thinkeduhub.com\/hu\/wp-json\/wp\/v2\/pages"}],"about":[{"href":"https:\/\/thinkeduhub.com\/hu\/wp-json\/wp\/v2\/types\/page"}],"author":[{"embeddable":true,"href":"https:\/\/thinkeduhub.com\/hu\/wp-json\/wp\/v2\/users\/2"}],"replies":[{"embeddable":true,"href":"https:\/\/thinkeduhub.com\/hu\/wp-json\/wp\/v2\/comments?post=2047"}],"version-history":[{"count":19,"href":"https:\/\/thinkeduhub.com\/hu\/wp-json\/wp\/v2\/pages\/2047\/revisions"}],"predecessor-version":[{"id":3603,"href":"https:\/\/thinkeduhub.com\/hu\/wp-json\/wp\/v2\/pages\/2047\/revisions\/3603"}],"wp:attachment":[{"href":"https:\/\/thinkeduhub.com\/hu\/wp-json\/wp\/v2\/media?parent=2047"}],"curies":[{"name":"wp","href":"https:\/\/api.w.org\/{rel}","templated":true}]}}