{"id":2127,"date":"2024-08-31T14:03:14","date_gmt":"2024-08-31T14:03:14","guid":{"rendered":"https:\/\/thinkeduhub.com\/?page_id=2127"},"modified":"2025-05-06T07:09:37","modified_gmt":"2025-05-06T07:09:37","slug":"vajarstvo-za-firme","status":"publish","type":"page","link":"https:\/\/thinkeduhub.com\/hu\/vajarstvo-za-firme\/","title":{"rendered":"vajarstvo za firme"},"content":{"rendered":"<div class=\"wp-block-cover alignfull has-parallax\" style=\"padding-top:2%\"><div class=\"wp-block-cover__image-background wp-image-1154 has-parallax\" style=\"background-position:50% 50%;background-image:url(https:\/\/thinkeduhub.com\/wp-content\/uploads\/2024\/08\/honlap-hatter-1-1.jpg)\"><\/div><span aria-hidden=\"true\" class=\"wp-block-cover__background has-background-dim-0 has-background-dim\" style=\"background-color:#440165\"><\/span><div class=\"wp-block-cover__inner-container has-global-padding is-layout-constrained wp-container-core-cover-is-layout-ee51f2d2 wp-block-cover-is-layout-constrained\">\n<h2 class=\"wp-block-heading has-text-align-center has-text-color\" style=\"color:#ffffff;margin-top:0rem;margin-bottom:1.01rem;font-size:clamp(2.2rem, 2.2rem + ((1vw - 0.2rem) * 3.273), 4rem);font-style:normal;font-weight:600;line-height:1;text-transform:none\">Vajartsvo<\/h2>\n<\/div><\/div>\n\n\n\n<div class=\"wp-block-columns alignwide is-layout-flex wp-container-core-columns-is-layout-b161f2b0 wp-block-columns-is-layout-flex\" style=\"border-top-left-radius:0px;border-top-right-radius:0px;border-bottom-left-radius:0px;border-bottom-right-radius:0px;border-bottom-color:#ffffff;border-bottom-width:1px;margin-top:0px;margin-bottom:70px;padding-top:0;padding-right:0rem;padding-bottom:0;padding-left:0rem;box-shadow:none\">\n<div class=\"wp-block-column is-vertically-aligned-center is-layout-flow wp-container-core-column-is-layout-525ade0e wp-block-column-is-layout-flow\" style=\"border-style:none;border-width:0px;padding-top:var(--wp--preset--spacing--70);padding-right:0;padding-bottom:0;padding-left:0;flex-basis:60%\">\n<div class=\"wp-block-group has-global-padding is-layout-constrained wp-container-core-group-is-layout-a1458d1d wp-block-group-is-layout-constrained\">\n<h3 class=\"wp-block-heading has-text-align-center has-text-color\" style=\"color:#3f0072;margin-top:0.5rem;margin-bottom:1.01rem;font-size:clamp(1.502rem, 1.502rem + ((1vw - 0.2rem) * 1.815), 2.5rem);font-style:normal;font-weight:600;letter-spacing:0px;line-height:1.3;text-transform:none\">Csapat\u00e9p\u00edt\u00e9s agyaggal: Szobr\u00e1szati kih\u00edv\u00e1s v\u00e1llalatok \u00e9s bar\u00e1ti t\u00e1rsas\u00e1gok sz\u00e1m\u00e1ra<\/h3>\n\n\n\n<p class=\"has-text-align-left has-text-color\" style=\"color:#03081e;margin-top:0rem;font-size:clamp(0.875rem, 0.875rem + ((1vw - 0.2rem) * 0.773), 1.3rem);font-style:normal;font-weight:400;line-height:1.5\">Kelts\u00e9tek \u00e9letre a csapatszellemet a szobr\u00e1szat m\u0171v\u00e9szet\u00e9n kereszt\u00fcl! Csatlakozzatok egy k\u00fcl\u00f6nleges csapat\u00e9p\u00edt\u0151 programhoz, ahol Evetovi\u0107 Nora k\u00e9pz\u0151m\u0171v\u00e9sz vezet\u00e9s\u00e9vel munkat\u00e1rsaitok vagy bar\u00e1ti t\u00e1rsas\u00e1gotok felfedezheti a szobr\u00e1szat vil\u00e1g\u00e1t. Ez a program nemcsak a kreat\u00edv \u00f6nkifejez\u00e9s lehet\u0151s\u00e9g\u00e9t ny\u00fajtja, hanem a k\u00f6z\u00f6s agyagmunka r\u00e9v\u00e9n er\u0151s\u00edti az egy\u00fcttm\u0171k\u00f6d\u00e9st \u00e9s a kommunik\u00e1ci\u00f3t is. A r\u00e9sztvev\u0151k k\u00f6z\u00f6sen form\u00e1lnak m\u0171v\u00e9szi alkot\u00e1sokat, mik\u00f6zben fejlesztik probl\u00e9mamegold\u00f3 k\u00e9szs\u00e9geiket \u00e9s a csapaton bel\u00fcli koordin\u00e1ci\u00f3t.<\/p>\n<\/div>\n\n\n\n<figure class=\"wp-block-image aligncenter size-full has-custom-border is-style-default\"><img loading=\"lazy\" decoding=\"async\" width=\"2048\" height=\"1365\" src=\"https:\/\/thinkeduhub.com\/wp-content\/uploads\/2024\/08\/370240289_672280288266860_8747910975659937508_n.jpg\" alt=\"\" class=\"wp-image-2138\" style=\"border-radius:20px;object-fit:cover\" srcset=\"https:\/\/thinkeduhub.com\/wp-content\/uploads\/2024\/08\/370240289_672280288266860_8747910975659937508_n.jpg 2048w, https:\/\/thinkeduhub.com\/wp-content\/uploads\/2024\/08\/370240289_672280288266860_8747910975659937508_n-300x200.jpg 300w, https:\/\/thinkeduhub.com\/wp-content\/uploads\/2024\/08\/370240289_672280288266860_8747910975659937508_n-1024x683.jpg 1024w, https:\/\/thinkeduhub.com\/wp-content\/uploads\/2024\/08\/370240289_672280288266860_8747910975659937508_n-768x512.jpg 768w, https:\/\/thinkeduhub.com\/wp-content\/uploads\/2024\/08\/370240289_672280288266860_8747910975659937508_n-1536x1024.jpg 1536w\" sizes=\"auto, (max-width: 2048px) 100vw, 2048px\" \/><\/figure>\n\n\n\n<div class=\"wp-block-group has-global-padding is-layout-constrained wp-container-core-group-is-layout-a1458d1d wp-block-group-is-layout-constrained\">\n<p class=\"has-text-align-left has-text-color translation-block\" style=\"color:#03081e;margin-top:0.6rem;margin-bottom:38px;font-size:clamp(0.875rem, 0.875rem + ((1vw - 0.2rem) * 0.773), 1.3rem);font-style:normal;font-weight:400;line-height:1.5\">El\u0151zetes tapasztalat nem sz\u00fcks\u00e9ges \u2013 mindenki \u00e9lvezheti a szobr\u00e1szat \u00f6r\u00f6m\u00e9t, \u00e9s olyan alkot\u00e1sokat hozhat l\u00e9tre, amelyek a csapat k\u00f6z\u00f6s \u00e9rt\u00e9keit \u00e9s c\u00e9ljait t\u00fckr\u00f6zik. Ez az egyed\u00fcl\u00e1ll\u00f3 m\u0171v\u00e9szeti \u00e9lm\u00e9ny olyan maradand\u00f3 alkot\u00e1sokkal z\u00e1rul, amelyek \u00f6r\u00f6k eml\u00e9keztet\u0151k\u00e9nt szolg\u00e1lnak a csapat erej\u00e9re \u00e9s \u00f6sszetart\u00e1s\u00e1ra.\n\nK\u00e9sz\u00fcljetek egy kreat\u00edv utaz\u00e1sra a form\u00e1z\u00e1s vil\u00e1g\u00e1ba, ahol minden k\u00e9zmozdulat m\u00e9g szorosabbra f\u0171zi a csapatotok kapcsolatait!<\/p>\n<\/div>\n<\/div>\n\n\n\n<div class=\"wp-block-column is-vertically-aligned-center has-global-padding is-content-justification-center is-layout-constrained wp-container-core-column-is-layout-ae48c562 wp-block-column-is-layout-constrained\" style=\"padding-top:0;padding-right:0rem;padding-bottom:0;padding-left:0;flex-basis:40%\">\n<div class=\"wp-block-group is-style-default has-global-padding is-content-justification-center is-layout-constrained wp-container-core-group-is-layout-e46d1308 wp-block-group-is-layout-constrained\" style=\"border-radius:20px;margin-top:0px;padding-top:0px;padding-right:0px;padding-bottom:0px;padding-left:0px\">\n<div class=\"wp-block-group has-border-color has-text-color has-background has-link-color wp-elements-715e4eaa7382e142fce9b855e8189153 has-global-padding is-layout-constrained wp-container-core-group-is-layout-9e9be3cb wp-block-group-is-layout-constrained\" style=\"border-color:#ffffff;border-width:1px;border-radius:20px;color:#ffffff;background-color:#10a19e;padding-top:var(--wp--preset--spacing--20);padding-right:var(--wp--preset--spacing--20);padding-bottom:var(--wp--preset--spacing--20);padding-left:var(--wp--preset--spacing--20)\">\n<p class=\"has-text-align-center has-text-color has-link-color wp-elements-7881c467c04b4b5b8207defc93342151\" style=\"color:#ffffff;margin-top:0;margin-right:0;margin-bottom:0;margin-left:0;font-size:clamp(16.293px, 1.018rem + ((1vw - 3.2px) * 0.989), 25px);font-style:normal;font-weight:700\">Alapvet\u0151 inform\u00e1ci\u00f3k<\/p>\n<\/div>\n\n\n\n<div class=\"wp-block-group has-border-color has-text-color has-background has-link-color wp-elements-db69f6a18c701bcc483755b344a77515 has-global-padding is-layout-constrained wp-container-core-group-is-layout-9e9be3cb wp-block-group-is-layout-constrained\" style=\"border-color:#ffbe00;border-width:1px;border-radius:20px;color:#ffffff;background-color:#3f0073;padding-top:var(--wp--preset--spacing--20);padding-right:var(--wp--preset--spacing--20);padding-bottom:var(--wp--preset--spacing--20);padding-left:var(--wp--preset--spacing--20)\">\n<p class=\"has-text-align-center has-text-color has-link-color wp-elements-8ba175e57b73dd0f2ef4e1230a9521bf\" style=\"color:#ffffff;margin-top:0;margin-right:0;margin-bottom:0;margin-left:0;font-size:13px;font-style:normal;font-weight:500\">Kateg\u00f3ria<\/p>\n\n\n\n<div class=\"wp-block-group is-vertical is-content-justification-center is-layout-flex wp-container-core-group-is-layout-1eeb43da wp-block-group-is-layout-flex\" style=\"margin-top:0;margin-bottom:0;padding-top:0;padding-bottom:0\">\n<hr class=\"wp-block-separator has-text-color has-alpha-channel-opacity has-background is-style-default\" style=\"background-color:#ffbe00;color:#ffbe00\"\/>\n<\/div>\n\n\n\n<p class=\"has-text-align-center has-text-color has-link-color wp-elements-b578327b703d8c094e0e41646ac2049a\" style=\"color:#ffffff;margin-top:0;margin-right:0;margin-bottom:0;margin-left:0;font-size:clamp(14px, 0.875rem + ((1vw - 3.2px) * 0.682), 20px);font-style:normal;font-weight:500\">Vajartsvo<\/p>\n<\/div>\n\n\n\n<div class=\"wp-block-group has-border-color has-text-color has-background has-link-color wp-elements-57b05285e1d832694e17fb1ef9071b67 has-global-padding is-layout-constrained wp-container-core-group-is-layout-9e9be3cb wp-block-group-is-layout-constrained\" style=\"border-color:#ffbe00;border-width:1px;border-radius:20px;color:#ffffff;background-color:#3f0073;padding-top:var(--wp--preset--spacing--20);padding-right:var(--wp--preset--spacing--20);padding-bottom:var(--wp--preset--spacing--20);padding-left:var(--wp--preset--spacing--20)\">\n<p class=\"has-text-align-center has-text-color has-link-color wp-elements-098d6a9cb88b7b01e14fef1d6e7314ee\" style=\"color:#ffffff;margin-top:0;margin-right:0;margin-bottom:0;margin-left:0;font-size:13px;font-style:normal;font-weight:500\">Koroszt\u00e1ly<\/p>\n\n\n\n<div class=\"wp-block-group is-vertical is-content-justification-center is-layout-flex wp-container-core-group-is-layout-1eeb43da wp-block-group-is-layout-flex\" style=\"margin-top:0;margin-bottom:0;padding-top:0;padding-bottom:0\">\n<hr class=\"wp-block-separator has-text-color has-alpha-channel-opacity has-background is-style-default\" style=\"background-color:#ffbe00;color:#ffbe00\"\/>\n<\/div>\n\n\n\n<p class=\"has-text-align-center has-text-color has-link-color wp-elements-fc5885453204aece6b10cec7809f3b2b\" style=\"color:#ffffff;margin-top:0;margin-right:0;margin-bottom:0;margin-left:0;font-size:clamp(14px, 0.875rem + ((1vw - 3.2px) * 0.682), 20px);font-style:normal;font-weight:500\"><strong>Feln\u0151ttek sz\u00e1m\u00e1ra<\/strong><\/p>\n<\/div>\n\n\n\n<div class=\"wp-block-group has-border-color has-text-color has-background has-link-color wp-elements-548802ee966f96e2c4d1e09e37419fcc has-global-padding is-layout-constrained wp-container-core-group-is-layout-9e9be3cb wp-block-group-is-layout-constrained\" style=\"border-color:#ffbe00;border-width:1px;border-radius:20px;color:#ffffff;background-color:#3f0073;padding-top:var(--wp--preset--spacing--20);padding-right:var(--wp--preset--spacing--20);padding-bottom:var(--wp--preset--spacing--20);padding-left:var(--wp--preset--spacing--20)\">\n<p class=\"has-text-align-center has-text-color has-link-color wp-elements-59c0a9d80c2b7032471205e3e963ef41\" style=\"color:#ffffff;margin-top:0;margin-right:0;margin-bottom:0;margin-left:0;font-size:13px;font-style:normal;font-weight:500\">Csoport<\/p>\n\n\n\n<div class=\"wp-block-group is-vertical is-content-justification-center is-layout-flex wp-container-core-group-is-layout-1eeb43da wp-block-group-is-layout-flex\" style=\"margin-top:0;margin-bottom:0;padding-top:0;padding-bottom:0\">\n<hr class=\"wp-block-separator has-text-color has-alpha-channel-opacity has-background is-style-default\" style=\"background-color:#ffbe00;color:#ffbe00\"\/>\n<\/div>\n\n\n\n<p class=\"has-text-align-center has-text-color has-link-color wp-elements-85e4ff987731eb1214f55ac612bcb8ff\" style=\"color:#ffffff;margin-top:0;margin-right:0;margin-bottom:0;margin-left:0;font-size:clamp(14px, 0.875rem + ((1vw - 3.2px) * 0.682), 20px);font-style:normal;font-weight:500\">Legfeljebb 20 f\u0151<\/p>\n<\/div>\n\n\n\n<div class=\"wp-block-group has-border-color has-text-color has-background has-link-color wp-elements-7a953ad8a0d61d55d4f416c9eb1e20fc has-global-padding is-layout-constrained wp-container-core-group-is-layout-9e9be3cb wp-block-group-is-layout-constrained\" style=\"border-color:#ffbe00;border-width:1px;border-radius:20px;color:#ffffff;background-color:#3f0073;padding-top:var(--wp--preset--spacing--20);padding-right:var(--wp--preset--spacing--20);padding-bottom:var(--wp--preset--spacing--20);padding-left:var(--wp--preset--spacing--20)\">\n<p class=\"has-text-align-center has-text-color has-link-color wp-elements-41fc1bda9cbfaa00817994cd773d58b4\" style=\"color:#ffffff;margin-top:0;margin-right:0;margin-bottom:0;margin-left:0;font-size:13px;font-style:normal;font-weight:500\">El\u0151felt\u00e9tel<\/p>\n\n\n\n<div class=\"wp-block-group is-vertical is-content-justification-center is-layout-flex wp-container-core-group-is-layout-1eeb43da wp-block-group-is-layout-flex\" style=\"margin-top:0;margin-bottom:0;padding-top:0;padding-bottom:0\">\n<hr class=\"wp-block-separator has-text-color has-alpha-channel-opacity has-background is-style-default\" style=\"background-color:#ffbe00;color:#ffbe00\"\/>\n<\/div>\n\n\n\n<p class=\"has-text-align-center has-text-color has-link-color wp-elements-6432b0f2844ea95d2b8ab5665a3e3860\" style=\"color:#ffffff;margin-top:0;margin-right:0;margin-bottom:0;margin-left:0;font-size:clamp(14px, 0.875rem + ((1vw - 3.2px) * 0.682), 20px);font-style:normal;font-weight:500\">Nincs<\/p>\n<\/div>\n\n\n\n<div class=\"wp-block-group has-border-color has-text-color has-background has-link-color wp-elements-cb75a18ca4bbc8c0ced9d90a9df56f78 has-global-padding is-layout-constrained wp-container-core-group-is-layout-9e9be3cb wp-block-group-is-layout-constrained\" style=\"border-color:#ffbe00;border-width:1px;border-radius:20px;color:#ffffff;background-color:#3f0073;padding-top:var(--wp--preset--spacing--20);padding-right:var(--wp--preset--spacing--20);padding-bottom:var(--wp--preset--spacing--20);padding-left:var(--wp--preset--spacing--20)\">\n<p class=\"has-text-align-center has-text-color has-link-color wp-elements-303fa40106e72556456574a02b8afc8b\" style=\"color:#ffffff;margin-top:0;margin-right:0;margin-bottom:0;margin-left:0;font-size:13px;font-style:normal;font-weight:500\">Workshop id\u0151tartama<\/p>\n\n\n\n<div class=\"wp-block-group is-vertical is-content-justification-center is-layout-flex wp-container-core-group-is-layout-1eeb43da wp-block-group-is-layout-flex\" style=\"margin-top:0;margin-bottom:0;padding-top:0;padding-bottom:0\">\n<hr class=\"wp-block-separator has-text-color has-alpha-channel-opacity has-background is-style-default\" style=\"background-color:#ffbe00;color:#ffbe00\"\/>\n<\/div>\n\n\n\n<p class=\"has-text-align-center has-text-color has-link-color wp-elements-1436ba04c65ce73c9653ecae3c4b1180\" style=\"color:#ffffff;margin-top:0;margin-right:0;margin-bottom:0;margin-left:0;font-size:clamp(14px, 0.875rem + ((1vw - 3.2px) * 0.682), 20px);font-style:normal;font-weight:500\">120 perc<\/p>\n<\/div>\n\n\n\n<div class=\"wp-block-group has-border-color has-text-color has-background has-link-color wp-elements-2690fd7c113cbfd118171e633902eec7 has-global-padding is-layout-constrained wp-container-core-group-is-layout-9e9be3cb wp-block-group-is-layout-constrained\" style=\"border-color:#ffbe00;border-width:1px;border-radius:20px;color:#ffffff;background-color:#3f0073;padding-top:var(--wp--preset--spacing--20);padding-right:var(--wp--preset--spacing--20);padding-bottom:var(--wp--preset--spacing--20);padding-left:var(--wp--preset--spacing--20)\">\n<p class=\"has-text-align-center has-text-color has-link-color wp-elements-a5231e49288d7bc0001a5b0e6ec5cf2b\" style=\"color:#ffffff;margin-top:0;margin-right:0;margin-bottom:0;margin-left:0;font-size:13px;font-style:normal;font-weight:500\">Workshop \u00e1ra<\/p>\n\n\n\n<div class=\"wp-block-group is-vertical is-content-justification-center is-layout-flex wp-container-core-group-is-layout-1eeb43da wp-block-group-is-layout-flex\" style=\"margin-top:0;margin-bottom:0;padding-top:0;padding-bottom:0\">\n<hr class=\"wp-block-separator has-text-color has-alpha-channel-opacity has-background is-style-default\" style=\"background-color:#ffbe00;color:#ffbe00\"\/>\n<\/div>\n\n\n\n<p class=\"has-text-align-center has-text-color has-link-color wp-elements-1153bf4f8f6924e3c98f5d8977212e64\" style=\"color:#ffffff;margin-top:0;margin-right:0;margin-bottom:0;margin-left:0;font-size:clamp(14px, 0.875rem + ((1vw - 3.2px) * 0.682), 20px);font-style:normal;font-weight:500\">2.500 \/ f\u0151<\/p>\n<\/div>\n<\/div>\n<\/div>\n<\/div>","protected":false},"excerpt":{"rendered":"<p>Tim bilding u glini: Vajarski izazov za firme i dru\u017eine O\u017eivite timski duh kroz umetnost vajanja! Pridru\u017eite nam se na jedinstvenom tim bildingu, gde \u0107e va\u0161i zaposleni ili \u010dlanovi dru\u017eine pod stru\u010dnim vo\u0111stvom akademske umetnice Nore Evetovi\u0107 istra\u017eiti svet skulpture. Ovaj program nije samo prilika za kreativno izra\u017eavanje, ve\u0107 i za ja\u010danje me\u0111usobne saradnje i [&hellip;]<\/p>","protected":false},"author":2,"featured_media":0,"parent":0,"menu_order":0,"comment_status":"closed","ping_status":"closed","template":"","meta":{"ngg_post_thumbnail":0,"footnotes":""},"class_list":["post-2127","page","type-page","status-publish","hentry"],"_links":{"self":[{"href":"https:\/\/thinkeduhub.com\/hu\/wp-json\/wp\/v2\/pages\/2127","targetHints":{"allow":["GET"]}}],"collection":[{"href":"https:\/\/thinkeduhub.com\/hu\/wp-json\/wp\/v2\/pages"}],"about":[{"href":"https:\/\/thinkeduhub.com\/hu\/wp-json\/wp\/v2\/types\/page"}],"author":[{"embeddable":true,"href":"https:\/\/thinkeduhub.com\/hu\/wp-json\/wp\/v2\/users\/2"}],"replies":[{"embeddable":true,"href":"https:\/\/thinkeduhub.com\/hu\/wp-json\/wp\/v2\/comments?post=2127"}],"version-history":[{"count":8,"href":"https:\/\/thinkeduhub.com\/hu\/wp-json\/wp\/v2\/pages\/2127\/revisions"}],"predecessor-version":[{"id":3223,"href":"https:\/\/thinkeduhub.com\/hu\/wp-json\/wp\/v2\/pages\/2127\/revisions\/3223"}],"wp:attachment":[{"href":"https:\/\/thinkeduhub.com\/hu\/wp-json\/wp\/v2\/media?parent=2127"}],"curies":[{"name":"wp","href":"https:\/\/api.w.org\/{rel}","templated":true}]}}