{"id":2129,"date":"2024-08-31T14:03:47","date_gmt":"2024-08-31T14:03:47","guid":{"rendered":"https:\/\/thinkeduhub.com\/?page_id=2129"},"modified":"2024-09-06T01:28:56","modified_gmt":"2024-09-06T01:28:56","slug":"the-circle","status":"publish","type":"page","link":"https:\/\/thinkeduhub.com\/hu\/the-circle\/","title":{"rendered":"the circle"},"content":{"rendered":"<div class=\"wp-block-cover alignfull has-parallax\" style=\"padding-top:2%\"><span aria-hidden=\"true\" class=\"wp-block-cover__background has-background-dim-0 has-background-dim\" style=\"background-color:#440165\"><\/span><div class=\"wp-block-cover__image-background wp-image-1154 has-parallax\" style=\"background-position:50% 50%;background-image:url(https:\/\/thinkeduhub.com\/wp-content\/uploads\/2024\/08\/honlap-hatter-1-1.jpg)\"><\/div><div class=\"wp-block-cover__inner-container has-global-padding is-layout-constrained wp-container-core-cover-is-layout-ee51f2d2 wp-block-cover-is-layout-constrained\">\n<h2 class=\"wp-block-heading has-text-align-center has-text-color\" style=\"color:#ffffff;margin-top:0rem;margin-bottom:1.01rem;font-size:clamp(2.2rem, 2.2rem + ((1vw - 0.2rem) * 3.273), 4rem);font-style:normal;font-weight:600;line-height:1;text-transform:none\">The Cirlce<\/h2>\n<\/div><\/div>\n\n\n\n<div class=\"wp-block-columns alignwide is-layout-flex wp-container-core-columns-is-layout-b161f2b0 wp-block-columns-is-layout-flex\" style=\"border-top-left-radius:0px;border-top-right-radius:0px;border-bottom-left-radius:0px;border-bottom-right-radius:0px;border-bottom-color:#ffffff;border-bottom-width:1px;margin-top:0px;margin-bottom:70px;padding-top:0;padding-right:0rem;padding-bottom:0;padding-left:0rem;box-shadow:none\">\n<div class=\"wp-block-column is-vertically-aligned-center is-layout-flow wp-container-core-column-is-layout-525ade0e wp-block-column-is-layout-flow\" style=\"border-style:none;border-width:0px;padding-top:var(--wp--preset--spacing--70);padding-right:0;padding-bottom:0;padding-left:0;flex-basis:60%\">\n<div class=\"wp-block-group has-global-padding is-layout-constrained wp-container-core-group-is-layout-a1458d1d wp-block-group-is-layout-constrained\">\n<h3 class=\"wp-block-heading has-text-align-center has-text-color\" style=\"color:#3f0072;margin-top:0.5rem;margin-bottom:1.01rem;font-size:clamp(1.502rem, 1.502rem + ((1vw - 0.2rem) * 1.815), 2.5rem);font-style:normal;font-weight:600;letter-spacing:0px;line-height:1.3;text-transform:none\">Strat\u00e9giai kv\u00edz a csapatszellem \u00e9s \u00e9leselm\u00e9j\u0171s\u00e9g jegy\u00e9ben<\/h3>\n\n\n\n<p class=\"has-text-align-left has-text-color\" style=\"color:#03081e;margin-top:0rem;font-size:clamp(0.875rem, 0.875rem + ((1vw - 0.2rem) * 0.773), 1.3rem);font-style:normal;font-weight:400;line-height:1.5\">K\u00e9szen \u00e1lltok egy kih\u00edv\u00e1sra, amely pr\u00f3b\u00e1ra teszi tud\u00e1sotokat, strat\u00e9gi\u00e1tokat \u00e9s csapatmunk\u00e1tokat? Csatlakozzatok a The Circle kv\u00edzhez, amelyet R\u00f3zsa Zsombor alkotott meg, \u00e9s mer\u00fcljetek el egy vil\u00e1gban, ahol a verseng\u00e9s \u00e9s az egy\u00fcttm\u0171k\u00f6d\u00e9s k\u00e9z a k\u00e9zben j\u00e1r a gy\u0151zelem fel\u00e9 vezet\u0151 \u00faton. A The Circle egy olyan kv\u00edz, amely 280 gondosan \u00f6ssze\u00e1ll\u00edtott k\u00e9rd\u00e9st \u00f6tv\u00f6z strat\u00e9giai elemekkel.<\/p>\n\n\n\n<p class=\"has-text-align-left has-text-color\" style=\"color:#03081e;margin-top:0rem;font-size:clamp(0.875rem, 0.875rem + ((1vw - 0.2rem) * 0.773), 1.3rem);font-style:normal;font-weight:400;line-height:1.5\">Bizonyos pillanatokban a csapatotok m\u00e1s csapatokkal k\u00fczd meg, m\u00edg m\u00e1skor az egy\u00fcttm\u0171k\u00f6d\u00e9s lesz kulcsfontoss\u00e1g\u00fa az akad\u00e1lyok lek\u00fczd\u00e9s\u00e9hez \u00e9s a k\u00f6r k\u00f6z\u00e9ppontja fel\u00e9 val\u00f3 halad\u00e1shoz. Csak az a csapat \u00e9rhet c\u00e9lba, amely k\u00e9pes egyens\u00falyt teremteni ezek k\u00f6z\u00f6tt a kih\u00edv\u00e1sok k\u00f6z\u00f6tt.<\/p>\n<\/div>\n\n\n\n<figure class=\"wp-block-image aligncenter size-full has-custom-border is-style-default\"><img loading=\"lazy\" decoding=\"async\" width=\"1568\" height=\"1177\" src=\"https:\/\/thinkeduhub.com\/wp-content\/uploads\/2024\/08\/445751532_843235681166789_6970156785322929808_n.jpg\" alt=\"\" class=\"wp-image-2142\" style=\"border-radius:20px;object-fit:cover\" srcset=\"https:\/\/thinkeduhub.com\/wp-content\/uploads\/2024\/08\/445751532_843235681166789_6970156785322929808_n.jpg 1568w, https:\/\/thinkeduhub.com\/wp-content\/uploads\/2024\/08\/445751532_843235681166789_6970156785322929808_n-300x225.jpg 300w, https:\/\/thinkeduhub.com\/wp-content\/uploads\/2024\/08\/445751532_843235681166789_6970156785322929808_n-1024x769.jpg 1024w, https:\/\/thinkeduhub.com\/wp-content\/uploads\/2024\/08\/445751532_843235681166789_6970156785322929808_n-768x576.jpg 768w, https:\/\/thinkeduhub.com\/wp-content\/uploads\/2024\/08\/445751532_843235681166789_6970156785322929808_n-1536x1153.jpg 1536w\" sizes=\"auto, (max-width: 1568px) 100vw, 1568px\" \/><\/figure>\n\n\n\n<div class=\"wp-block-group has-global-padding is-layout-constrained wp-container-core-group-is-layout-a1458d1d wp-block-group-is-layout-constrained\">\n<p class=\"has-text-align-left has-text-color translation-block\" style=\"color:#03081e;margin-top:0.6rem;margin-bottom:75px;font-size:clamp(0.875rem, 0.875rem + ((1vw - 0.2rem) * 0.773), 1.3rem);font-style:normal;font-weight:400;line-height:1.5\">A gy\u0151ztes az lesz, aki els\u0151k\u00e9nt \u00e9ri el a k\u00f6r k\u00f6zep\u00e9t, lek\u00fczdve minden akad\u00e1lyt \u00e9s az ellenfelek \u00e1ltal \u00e1ll\u00edtott kih\u00edv\u00e1sokat. A The Circle kv\u00edz t\u00f6bb mint egy j\u00e1t\u00e9k \u2013 ez egy lehet\u0151s\u00e9g, hogy a csapatotok pr\u00f3b\u00e1ra tegye tud\u00e1s\u00e1t, fejlessze strat\u00e9giai gondolkod\u00e1s\u00e1t \u00e9s er\u0151s\u00edtse a csapategys\u00e9get sz\u00f3rakoztat\u00f3 \u00e9s izgalmas kih\u00edv\u00e1sok sor\u00e1n.\n\nK\u00e9sz\u00fcljetek fel egy izgalmas utaz\u00e1sra a k\u00f6r k\u00f6z\u00e9ppontja fel\u00e9, ahol csak a leg\u00fcgyesebbek \u00e9s leg\u00e9leselm\u00e9j\u0171bbek gy\u0151zhetnek!<\/p>\n<\/div>\n<\/div>\n\n\n\n<div class=\"wp-block-column is-vertically-aligned-center has-global-padding is-content-justification-center is-layout-constrained wp-container-core-column-is-layout-ae48c562 wp-block-column-is-layout-constrained\" style=\"padding-top:0;padding-right:0rem;padding-bottom:0;padding-left:0;flex-basis:40%\">\n<div class=\"wp-block-group is-style-default has-global-padding is-content-justification-center is-layout-constrained wp-container-core-group-is-layout-e46d1308 wp-block-group-is-layout-constrained\" style=\"border-radius:20px;margin-top:0px;padding-top:0px;padding-right:0px;padding-bottom:0px;padding-left:0px\">\n<div class=\"wp-block-group has-border-color has-text-color has-background has-link-color wp-elements-715e4eaa7382e142fce9b855e8189153 has-global-padding is-layout-constrained wp-container-core-group-is-layout-9e9be3cb wp-block-group-is-layout-constrained\" style=\"border-color:#ffffff;border-width:1px;border-radius:20px;color:#ffffff;background-color:#10a19e;padding-top:var(--wp--preset--spacing--20);padding-right:var(--wp--preset--spacing--20);padding-bottom:var(--wp--preset--spacing--20);padding-left:var(--wp--preset--spacing--20)\">\n<p class=\"has-text-align-center has-text-color has-link-color wp-elements-7881c467c04b4b5b8207defc93342151\" style=\"color:#ffffff;margin-top:0;margin-right:0;margin-bottom:0;margin-left:0;font-size:clamp(16.293px, 1.018rem + ((1vw - 3.2px) * 0.989), 25px);font-style:normal;font-weight:700\">Alapvet\u0151 inform\u00e1ci\u00f3k<\/p>\n<\/div>\n\n\n\n<div class=\"wp-block-group has-border-color has-text-color has-background has-link-color wp-elements-a6da52d453871d447574356fc2d14e9e has-global-padding is-layout-constrained wp-container-core-group-is-layout-9e9be3cb wp-block-group-is-layout-constrained\" style=\"border-color:#ffbe00;border-width:1px;border-radius:20px;color:#ffffff;background-color:#3f0073;padding-top:var(--wp--preset--spacing--20);padding-right:var(--wp--preset--spacing--20);padding-bottom:var(--wp--preset--spacing--20);padding-left:var(--wp--preset--spacing--20)\">\n<p class=\"has-text-align-center has-text-color has-link-color wp-elements-8ba175e57b73dd0f2ef4e1230a9521bf\" style=\"color:#ffffff;margin-top:0;margin-right:0;margin-bottom:0;margin-left:0;font-size:13px;font-style:normal;font-weight:500\">Kateg\u00f3ria<\/p>\n\n\n\n<div class=\"wp-block-group is-vertical is-content-justification-center is-layout-flex wp-container-core-group-is-layout-1eeb43da wp-block-group-is-layout-flex\" style=\"margin-top:0;margin-bottom:0;padding-top:0;padding-bottom:0\">\n<hr class=\"wp-block-separator has-text-color has-alpha-channel-opacity has-background is-style-default\" style=\"background-color:#ffbe00;color:#ffbe00\"\/>\n<\/div>\n\n\n\n<p class=\"has-text-align-center has-text-color has-link-color wp-elements-4928265252d4815d8eccb7e17fd56b04\" style=\"color:#ffffff;margin-top:0;margin-right:0;margin-bottom:0;margin-left:0;font-size:clamp(14px, 0.875rem + ((1vw - 3.2px) * 0.682), 20px);font-style:normal;font-weight:500\">Kv\u00edz<\/p>\n<\/div>\n\n\n\n<div class=\"wp-block-group has-border-color has-text-color has-background has-link-color wp-elements-5f7de578df776ac82daf5148ff53a75f has-global-padding is-layout-constrained wp-container-core-group-is-layout-9e9be3cb wp-block-group-is-layout-constrained\" style=\"border-color:#ffbe00;border-width:1px;border-radius:20px;color:#ffffff;background-color:#3f0073;padding-top:var(--wp--preset--spacing--20);padding-right:var(--wp--preset--spacing--20);padding-bottom:var(--wp--preset--spacing--20);padding-left:var(--wp--preset--spacing--20)\">\n<p class=\"has-text-align-center has-text-color has-link-color wp-elements-098d6a9cb88b7b01e14fef1d6e7314ee\" style=\"color:#ffffff;margin-top:0;margin-right:0;margin-bottom:0;margin-left:0;font-size:13px;font-style:normal;font-weight:500\">Koroszt\u00e1ly<\/p>\n\n\n\n<div class=\"wp-block-group is-vertical is-content-justification-center is-layout-flex wp-container-core-group-is-layout-1eeb43da wp-block-group-is-layout-flex\" style=\"margin-top:0;margin-bottom:0;padding-top:0;padding-bottom:0\">\n<hr class=\"wp-block-separator has-text-color has-alpha-channel-opacity has-background is-style-default\" style=\"background-color:#ffbe00;color:#ffbe00\"\/>\n<\/div>\n\n\n\n<p class=\"has-text-align-center has-text-color has-link-color wp-elements-08584464f5a2f0624820d4e4189b5111\" style=\"color:#ffffff;margin-top:0;margin-right:0;margin-bottom:0;margin-left:0;font-size:clamp(14px, 0.875rem + ((1vw - 3.2px) * 0.682), 20px);font-style:normal;font-weight:500\">Feln\u0151ttek sz\u00e1m\u00e1ra<\/p>\n<\/div>\n\n\n\n<div class=\"wp-block-group has-border-color has-text-color has-background has-link-color wp-elements-9d6c12449084681d8f002ded5b7a04d3 has-global-padding is-layout-constrained wp-container-core-group-is-layout-9e9be3cb wp-block-group-is-layout-constrained\" style=\"border-color:#ffbe00;border-width:1px;border-radius:20px;color:#ffffff;background-color:#3f0073;padding-top:var(--wp--preset--spacing--20);padding-right:var(--wp--preset--spacing--20);padding-bottom:var(--wp--preset--spacing--20);padding-left:var(--wp--preset--spacing--20)\">\n<p class=\"has-text-align-center has-text-color has-link-color wp-elements-59c0a9d80c2b7032471205e3e963ef41\" style=\"color:#ffffff;margin-top:0;margin-right:0;margin-bottom:0;margin-left:0;font-size:13px;font-style:normal;font-weight:500\">Csoport<\/p>\n\n\n\n<div class=\"wp-block-group is-vertical is-content-justification-center is-layout-flex wp-container-core-group-is-layout-1eeb43da wp-block-group-is-layout-flex\" style=\"margin-top:0;margin-bottom:0;padding-top:0;padding-bottom:0\">\n<hr class=\"wp-block-separator has-text-color has-alpha-channel-opacity has-background is-style-default\" style=\"background-color:#ffbe00;color:#ffbe00\"\/>\n<\/div>\n\n\n\n<p class=\"has-text-align-center has-text-color has-link-color wp-elements-d5958f03657b59ae1d4050e84e62bf92\" style=\"color:#ffffff;margin-top:0;margin-right:0;margin-bottom:0;margin-left:0;font-size:clamp(14px, 0.875rem + ((1vw - 3.2px) * 0.682), 20px);font-style:normal;font-weight:500\">Legfeljebb 20 f\u0151<\/p>\n<\/div>\n\n\n\n<div class=\"wp-block-group has-border-color has-text-color has-background has-link-color wp-elements-7a953ad8a0d61d55d4f416c9eb1e20fc has-global-padding is-layout-constrained wp-container-core-group-is-layout-9e9be3cb wp-block-group-is-layout-constrained\" style=\"border-color:#ffbe00;border-width:1px;border-radius:20px;color:#ffffff;background-color:#3f0073;padding-top:var(--wp--preset--spacing--20);padding-right:var(--wp--preset--spacing--20);padding-bottom:var(--wp--preset--spacing--20);padding-left:var(--wp--preset--spacing--20)\">\n<p class=\"has-text-align-center has-text-color has-link-color wp-elements-41fc1bda9cbfaa00817994cd773d58b4\" style=\"color:#ffffff;margin-top:0;margin-right:0;margin-bottom:0;margin-left:0;font-size:13px;font-style:normal;font-weight:500\">El\u0151felt\u00e9tel<\/p>\n\n\n\n<div class=\"wp-block-group is-vertical is-content-justification-center is-layout-flex wp-container-core-group-is-layout-1eeb43da wp-block-group-is-layout-flex\" style=\"margin-top:0;margin-bottom:0;padding-top:0;padding-bottom:0\">\n<hr class=\"wp-block-separator has-text-color has-alpha-channel-opacity has-background is-style-default\" style=\"background-color:#ffbe00;color:#ffbe00\"\/>\n<\/div>\n\n\n\n<p class=\"has-text-align-center has-text-color has-link-color wp-elements-6432b0f2844ea95d2b8ab5665a3e3860\" style=\"color:#ffffff;margin-top:0;margin-right:0;margin-bottom:0;margin-left:0;font-size:clamp(14px, 0.875rem + ((1vw - 3.2px) * 0.682), 20px);font-style:normal;font-weight:500\">Nincs<\/p>\n<\/div>\n\n\n\n<div class=\"wp-block-group has-border-color has-text-color has-background has-link-color wp-elements-d9dea6082a178d13a26edaf7be08f290 has-global-padding is-layout-constrained wp-container-core-group-is-layout-9e9be3cb wp-block-group-is-layout-constrained\" style=\"border-color:#ffbe00;border-width:1px;border-radius:20px;color:#ffffff;background-color:#3f0073;padding-top:var(--wp--preset--spacing--20);padding-right:var(--wp--preset--spacing--20);padding-bottom:var(--wp--preset--spacing--20);padding-left:var(--wp--preset--spacing--20)\">\n<p class=\"has-text-align-center has-text-color has-link-color wp-elements-0a8e93ce68bbc2b29b08757870d96425\" style=\"color:#ffffff;margin-top:0;margin-right:0;margin-bottom:0;margin-left:0;font-size:13px;font-style:normal;font-weight:500\">Trajanje kviza<\/p>\n\n\n\n<div class=\"wp-block-group is-vertical is-content-justification-center is-layout-flex wp-container-core-group-is-layout-1eeb43da wp-block-group-is-layout-flex\" style=\"margin-top:0;margin-bottom:0;padding-top:0;padding-bottom:0\">\n<hr class=\"wp-block-separator has-text-color has-alpha-channel-opacity has-background is-style-default\" style=\"background-color:#ffbe00;color:#ffbe00\"\/>\n<\/div>\n\n\n\n<p class=\"has-text-align-center has-text-color has-link-color wp-elements-1436ba04c65ce73c9653ecae3c4b1180\" style=\"color:#ffffff;margin-top:0;margin-right:0;margin-bottom:0;margin-left:0;font-size:clamp(14px, 0.875rem + ((1vw - 3.2px) * 0.682), 20px);font-style:normal;font-weight:500\">120 perc<\/p>\n<\/div>\n\n\n\n<div class=\"wp-block-group has-border-color has-text-color has-background has-link-color wp-elements-ebe26c7eb9b3dd97092000344686226e has-global-padding is-layout-constrained wp-container-core-group-is-layout-9e9be3cb wp-block-group-is-layout-constrained\" style=\"border-color:#ffbe00;border-width:1px;border-radius:20px;color:#ffffff;background-color:#3f0073;padding-top:var(--wp--preset--spacing--20);padding-right:var(--wp--preset--spacing--20);padding-bottom:var(--wp--preset--spacing--20);padding-left:var(--wp--preset--spacing--20)\">\n<p class=\"has-text-align-center has-text-color has-link-color wp-elements-7929c37e81e9d72bd63a8e57be1ef5d9\" style=\"color:#ffffff;margin-top:0;margin-right:0;margin-bottom:0;margin-left:0;font-size:13px;font-style:normal;font-weight:500\">Cena<\/p>\n\n\n\n<div class=\"wp-block-group is-vertical is-content-justification-center is-layout-flex wp-container-core-group-is-layout-1eeb43da wp-block-group-is-layout-flex\" style=\"margin-top:0;margin-bottom:0;padding-top:0;padding-bottom:0\">\n<hr class=\"wp-block-separator has-text-color has-alpha-channel-opacity has-background is-style-default\" style=\"background-color:#ffbe00;color:#ffbe00\"\/>\n<\/div>\n\n\n\n<p class=\"has-text-align-center has-text-color has-link-color wp-elements-9cca51215ac45628847ecffe97c9d2f6\" style=\"color:#ffffff;margin-top:0;margin-right:0;margin-bottom:0;margin-left:0;font-size:clamp(14px, 0.875rem + ((1vw - 3.2px) * 0.682), 20px);font-style:normal;font-weight:500\">1.500 \/ f\u0151<\/p>\n<\/div>\n<\/div>\n<\/div>\n<\/div>","protected":false},"excerpt":{"rendered":"<p>Strate\u0161ki kviz za timski duh i o\u0161troumnost Da li ste spremni za izazov koji testira va\u0161e znanje, strategiju i timsku saradnju? Pridru\u017eite se kvizu The Circle, koji je osmislio \u017dombor Ro\u017ea, i u\u0111ite u svet gde se takmi\u010denje i saradnja prepli\u0107u na putu ka pobedi. The Circle je kviz koji kombinuje 280 pa\u017eljivo osmi\u0161ljenih pitanja [&hellip;]<\/p>","protected":false},"author":2,"featured_media":0,"parent":0,"menu_order":0,"comment_status":"closed","ping_status":"closed","template":"","meta":{"ngg_post_thumbnail":0,"footnotes":""},"class_list":["post-2129","page","type-page","status-publish","hentry"],"_links":{"self":[{"href":"https:\/\/thinkeduhub.com\/hu\/wp-json\/wp\/v2\/pages\/2129","targetHints":{"allow":["GET"]}}],"collection":[{"href":"https:\/\/thinkeduhub.com\/hu\/wp-json\/wp\/v2\/pages"}],"about":[{"href":"https:\/\/thinkeduhub.com\/hu\/wp-json\/wp\/v2\/types\/page"}],"author":[{"embeddable":true,"href":"https:\/\/thinkeduhub.com\/hu\/wp-json\/wp\/v2\/users\/2"}],"replies":[{"embeddable":true,"href":"https:\/\/thinkeduhub.com\/hu\/wp-json\/wp\/v2\/comments?post=2129"}],"version-history":[{"count":7,"href":"https:\/\/thinkeduhub.com\/hu\/wp-json\/wp\/v2\/pages\/2129\/revisions"}],"predecessor-version":[{"id":2316,"href":"https:\/\/thinkeduhub.com\/hu\/wp-json\/wp\/v2\/pages\/2129\/revisions\/2316"}],"wp:attachment":[{"href":"https:\/\/thinkeduhub.com\/hu\/wp-json\/wp\/v2\/media?parent=2129"}],"curies":[{"name":"wp","href":"https:\/\/api.w.org\/{rel}","templated":true}]}}