{"id":2131,"date":"2024-08-31T14:04:09","date_gmt":"2024-08-31T14:04:09","guid":{"rendered":"https:\/\/thinkeduhub.com\/?page_id=2131"},"modified":"2024-09-06T01:28:43","modified_gmt":"2024-09-06T01:28:43","slug":"after","status":"publish","type":"page","link":"https:\/\/thinkeduhub.com\/hu\/after\/","title":{"rendered":"#after!"},"content":{"rendered":"<div class=\"wp-block-cover alignfull has-parallax\" style=\"padding-top:2%\"><span aria-hidden=\"true\" class=\"wp-block-cover__background has-background-dim-0 has-background-dim\" style=\"background-color:#440165\"><\/span><div class=\"wp-block-cover__image-background wp-image-1154 has-parallax\" style=\"background-position:50% 50%;background-image:url(https:\/\/thinkeduhub.com\/wp-content\/uploads\/2024\/08\/honlap-hatter-1-1.jpg)\"><\/div><div class=\"wp-block-cover__inner-container has-global-padding is-layout-constrained wp-container-core-cover-is-layout-ee51f2d2 wp-block-cover-is-layout-constrained\">\n<h2 class=\"wp-block-heading has-text-align-center has-text-color\" style=\"color:#ffffff;margin-top:0rem;margin-bottom:1.01rem;font-size:clamp(2.2rem, 2.2rem + ((1vw - 0.2rem) * 3.273), 4rem);font-style:normal;font-weight:600;line-height:1;text-transform:none\">#after!<\/h2>\n<\/div><\/div>\n\n\n\n<div class=\"wp-block-columns alignwide is-layout-flex wp-container-core-columns-is-layout-b161f2b0 wp-block-columns-is-layout-flex\" style=\"border-top-left-radius:0px;border-top-right-radius:0px;border-bottom-left-radius:0px;border-bottom-right-radius:0px;border-bottom-color:#ffffff;border-bottom-width:1px;margin-top:0px;margin-bottom:70px;padding-top:0;padding-right:0rem;padding-bottom:0;padding-left:0rem;box-shadow:none\">\n<div class=\"wp-block-column is-vertically-aligned-center is-layout-flow wp-container-core-column-is-layout-525ade0e wp-block-column-is-layout-flow\" style=\"border-style:none;border-width:0px;padding-top:var(--wp--preset--spacing--70);padding-right:0;padding-bottom:0;padding-left:0;flex-basis:60%\">\n<div class=\"wp-block-group has-global-padding is-layout-constrained wp-container-core-group-is-layout-a1458d1d wp-block-group-is-layout-constrained\">\n<h3 class=\"wp-block-heading has-text-align-center has-text-color\" style=\"color:#3f0072;margin-top:0.5rem;margin-bottom:1.01rem;font-size:clamp(1.502rem, 1.502rem + ((1vw - 0.2rem) * 1.815), 2.5rem);font-style:normal;font-weight:600;letter-spacing:0px;line-height:1.3;text-transform:none\">Sz\u00f3rakoztat\u00f3 kv\u00edz, amely a tin\u00e9dzsereket a popkult\u00far\u00e1n kereszt\u00fcl hozza \u00f6ssze<\/h3>\n\n\n\n<p class=\"has-text-align-left has-text-color\" style=\"color:#03081e;margin-top:0rem;font-size:clamp(0.875rem, 0.875rem + ((1vw - 0.2rem) * 0.773), 1.3rem);font-style:normal;font-weight:400;line-height:1.5\">K\u00e9szen \u00e1lltok egy izgalmas utaz\u00e1sra a popkult\u00fara vil\u00e1g\u00e1ba? Csatlakozzatok a #after! kv\u00edzhez, amelyet R\u00f3zsa Zsombor alkotott meg, \u00e9s fedezz\u00e9tek fel, hogyan teheti a sz\u00f3rakoz\u00e1s \u00e9s a csapatmunka az oszt\u00e1lyotokat m\u00e9g \u00f6sszetart\u00f3bb\u00e1! Az After! kv\u00edz kifejezetten tin\u00e9dzserek sz\u00e1m\u00e1ra k\u00e9sz\u00fclt, \u00e9s sz\u00f3rakoztat\u00f3 kih\u00edv\u00e1sokon kereszt\u00fcl vezeti be \u0151ket a popkult\u00fara leny\u0171g\u00f6z\u0151 vil\u00e1g\u00e1ba.<\/p>\n\n\n\n<p class=\"has-text-align-left has-text-color\" style=\"color:#03081e;margin-top:0rem;font-size:clamp(0.875rem, 0.875rem + ((1vw - 0.2rem) * 0.773), 1.3rem);font-style:normal;font-weight:400;line-height:1.5\">Ez az interakt\u00edv j\u00e1t\u00e9k t\u00f6k\u00e9letes v\u00e1laszt\u00e1s szakk\u00f6ri foglalkoz\u00e1sokhoz vagy ak\u00e1r a tan\u00f3r\u00e1k alternat\u00edv\u00e1jak\u00e9nt is, lehet\u0151s\u00e9get adva a di\u00e1koknak arra, hogy j\u00e1t\u00e9k k\u00f6zben er\u0151s\u00edts\u00e9k kapcsolataikat t\u00e1rsaikkal.<\/p>\n<\/div>\n\n\n\n<figure class=\"wp-block-image aligncenter size-full has-custom-border is-style-default\"><img loading=\"lazy\" decoding=\"async\" width=\"1771\" height=\"1330\" src=\"https:\/\/thinkeduhub.com\/wp-content\/uploads\/2024\/08\/443843342_843232927833731_5239069031450155952_n-01.jpg\" alt=\"\" class=\"wp-image-2027\" style=\"border-radius:20px;object-fit:cover\" srcset=\"https:\/\/thinkeduhub.com\/wp-content\/uploads\/2024\/08\/443843342_843232927833731_5239069031450155952_n-01.jpg 1771w, https:\/\/thinkeduhub.com\/wp-content\/uploads\/2024\/08\/443843342_843232927833731_5239069031450155952_n-01-300x225.jpg 300w, https:\/\/thinkeduhub.com\/wp-content\/uploads\/2024\/08\/443843342_843232927833731_5239069031450155952_n-01-1024x769.jpg 1024w, https:\/\/thinkeduhub.com\/wp-content\/uploads\/2024\/08\/443843342_843232927833731_5239069031450155952_n-01-768x577.jpg 768w, https:\/\/thinkeduhub.com\/wp-content\/uploads\/2024\/08\/443843342_843232927833731_5239069031450155952_n-01-1536x1154.jpg 1536w\" sizes=\"auto, (max-width: 1771px) 100vw, 1771px\" \/><\/figure>\n\n\n\n<div class=\"wp-block-group has-global-padding is-layout-constrained wp-container-core-group-is-layout-a1458d1d wp-block-group-is-layout-constrained\">\n<p class=\"has-text-align-left has-text-color translation-block\" style=\"color:#03081e;margin-top:0.6rem;margin-bottom:75px;font-size:clamp(0.875rem, 0.875rem + ((1vw - 0.2rem) * 0.773), 1.3rem);font-style:normal;font-weight:400;line-height:1.5\">A #after! kv\u00edz rengeteg nevet\u00e9st \u00e9s izgalmas helyzetet k\u00edn\u00e1l, ide\u00e1lis l\u00e9gk\u00f6rt teremtve az oszt\u00e1lyk\u00f6z\u00f6ss\u00e9g \u00f6sszekov\u00e1csol\u00e1s\u00e1hoz. A k\u00fcl\u00f6nf\u00e9le kih\u00edv\u00e1sok \u00e9s j\u00e1t\u00e9kok r\u00e9v\u00e9n a r\u00e9sztvev\u0151k jobban megismerik egym\u00e1st, fejlesztik csapatmunk\u00e1jukat, \u00e9s minden pillanatot \u00e9lveznek, amit egy\u00fctt t\u00f6ltenek.\n\nNe hagyj\u00e1tok ki ezt a lehet\u0151s\u00e9get, hogy a tin\u00e9dzserek egy sz\u00f3rakoztat\u00f3 \u00e9s tanuls\u00e1gos m\u00f3don mer\u00fcljenek el a popkult\u00far\u00e1ban. A #after! itt van, hogy felejthetetlen \u00e9lm\u00e9nyeket ny\u00fajtson \u00e9s m\u00e9g er\u0151sebb\u00e9 tegye oszt\u00e1lyk\u00f6z\u00f6ss\u00e9geteket!<\/p>\n<\/div>\n<\/div>\n\n\n\n<div class=\"wp-block-column is-vertically-aligned-center has-global-padding is-content-justification-center is-layout-constrained wp-container-core-column-is-layout-ae48c562 wp-block-column-is-layout-constrained\" style=\"padding-top:0;padding-right:0rem;padding-bottom:0;padding-left:0;flex-basis:40%\">\n<div class=\"wp-block-group is-style-default has-global-padding is-content-justification-center is-layout-constrained wp-container-core-group-is-layout-e46d1308 wp-block-group-is-layout-constrained\" style=\"border-radius:20px;margin-top:0px;padding-top:0px;padding-right:0px;padding-bottom:0px;padding-left:0px\">\n<div class=\"wp-block-group has-border-color has-text-color has-background has-link-color wp-elements-715e4eaa7382e142fce9b855e8189153 has-global-padding is-layout-constrained wp-container-core-group-is-layout-9e9be3cb wp-block-group-is-layout-constrained\" style=\"border-color:#ffffff;border-width:1px;border-radius:20px;color:#ffffff;background-color:#10a19e;padding-top:var(--wp--preset--spacing--20);padding-right:var(--wp--preset--spacing--20);padding-bottom:var(--wp--preset--spacing--20);padding-left:var(--wp--preset--spacing--20)\">\n<p class=\"has-text-align-center has-text-color has-link-color wp-elements-7881c467c04b4b5b8207defc93342151\" style=\"color:#ffffff;margin-top:0;margin-right:0;margin-bottom:0;margin-left:0;font-size:clamp(16.293px, 1.018rem + ((1vw - 3.2px) * 0.989), 25px);font-style:normal;font-weight:700\">Alapvet\u0151 inform\u00e1ci\u00f3k<\/p>\n<\/div>\n\n\n\n<div class=\"wp-block-group has-border-color has-text-color has-background has-link-color wp-elements-a6da52d453871d447574356fc2d14e9e has-global-padding is-layout-constrained wp-container-core-group-is-layout-9e9be3cb wp-block-group-is-layout-constrained\" style=\"border-color:#ffbe00;border-width:1px;border-radius:20px;color:#ffffff;background-color:#3f0073;padding-top:var(--wp--preset--spacing--20);padding-right:var(--wp--preset--spacing--20);padding-bottom:var(--wp--preset--spacing--20);padding-left:var(--wp--preset--spacing--20)\">\n<p class=\"has-text-align-center has-text-color has-link-color wp-elements-8ba175e57b73dd0f2ef4e1230a9521bf\" style=\"color:#ffffff;margin-top:0;margin-right:0;margin-bottom:0;margin-left:0;font-size:13px;font-style:normal;font-weight:500\">Kateg\u00f3ria<\/p>\n\n\n\n<div class=\"wp-block-group is-vertical is-content-justification-center is-layout-flex wp-container-core-group-is-layout-1eeb43da wp-block-group-is-layout-flex\" style=\"margin-top:0;margin-bottom:0;padding-top:0;padding-bottom:0\">\n<hr class=\"wp-block-separator has-text-color has-alpha-channel-opacity has-background is-style-default\" style=\"background-color:#ffbe00;color:#ffbe00\"\/>\n<\/div>\n\n\n\n<p class=\"has-text-align-center has-text-color has-link-color wp-elements-4928265252d4815d8eccb7e17fd56b04\" style=\"color:#ffffff;margin-top:0;margin-right:0;margin-bottom:0;margin-left:0;font-size:clamp(14px, 0.875rem + ((1vw - 3.2px) * 0.682), 20px);font-style:normal;font-weight:500\">Kv\u00edz<\/p>\n<\/div>\n\n\n\n<div class=\"wp-block-group has-border-color has-text-color has-background has-link-color wp-elements-3eda1caad8d852683581095725c6dae7 has-global-padding is-layout-constrained wp-container-core-group-is-layout-9e9be3cb wp-block-group-is-layout-constrained\" style=\"border-color:#ffbe00;border-width:1px;border-radius:20px;color:#ffffff;background-color:#3f0073;padding-top:var(--wp--preset--spacing--20);padding-right:var(--wp--preset--spacing--20);padding-bottom:var(--wp--preset--spacing--20);padding-left:var(--wp--preset--spacing--20)\">\n<p class=\"has-text-align-center has-text-color has-link-color wp-elements-098d6a9cb88b7b01e14fef1d6e7314ee\" style=\"color:#ffffff;margin-top:0;margin-right:0;margin-bottom:0;margin-left:0;font-size:13px;font-style:normal;font-weight:500\">Koroszt\u00e1ly<\/p>\n\n\n\n<div class=\"wp-block-group is-vertical is-content-justification-center is-layout-flex wp-container-core-group-is-layout-1eeb43da wp-block-group-is-layout-flex\" style=\"margin-top:0;margin-bottom:0;padding-top:0;padding-bottom:0\">\n<hr class=\"wp-block-separator has-text-color has-alpha-channel-opacity has-background is-style-default\" style=\"background-color:#ffbe00;color:#ffbe00\"\/>\n<\/div>\n\n\n\n<p class=\"has-text-align-center has-text-color has-link-color wp-elements-5555667deed996102c551621e9b9ff1d\" style=\"color:#ffffff;margin-top:0;margin-right:0;margin-bottom:0;margin-left:0;font-size:clamp(14px, 0.875rem + ((1vw - 3.2px) * 0.682), 20px);font-style:normal;font-weight:500\">13-t\u00f3l 18 \u00e9ves korig<\/p>\n<\/div>\n\n\n\n<div class=\"wp-block-group has-border-color has-text-color has-background has-link-color wp-elements-9d6c12449084681d8f002ded5b7a04d3 has-global-padding is-layout-constrained wp-container-core-group-is-layout-9e9be3cb wp-block-group-is-layout-constrained\" style=\"border-color:#ffbe00;border-width:1px;border-radius:20px;color:#ffffff;background-color:#3f0073;padding-top:var(--wp--preset--spacing--20);padding-right:var(--wp--preset--spacing--20);padding-bottom:var(--wp--preset--spacing--20);padding-left:var(--wp--preset--spacing--20)\">\n<p class=\"has-text-align-center has-text-color has-link-color wp-elements-59c0a9d80c2b7032471205e3e963ef41\" style=\"color:#ffffff;margin-top:0;margin-right:0;margin-bottom:0;margin-left:0;font-size:13px;font-style:normal;font-weight:500\">Csoport<\/p>\n\n\n\n<div class=\"wp-block-group is-vertical is-content-justification-center is-layout-flex wp-container-core-group-is-layout-1eeb43da wp-block-group-is-layout-flex\" style=\"margin-top:0;margin-bottom:0;padding-top:0;padding-bottom:0\">\n<hr class=\"wp-block-separator has-text-color has-alpha-channel-opacity has-background is-style-default\" style=\"background-color:#ffbe00;color:#ffbe00\"\/>\n<\/div>\n\n\n\n<p class=\"has-text-align-center has-text-color has-link-color wp-elements-d5958f03657b59ae1d4050e84e62bf92\" style=\"color:#ffffff;margin-top:0;margin-right:0;margin-bottom:0;margin-left:0;font-size:clamp(14px, 0.875rem + ((1vw - 3.2px) * 0.682), 20px);font-style:normal;font-weight:500\">Legfeljebb 20 f\u0151<\/p>\n<\/div>\n\n\n\n<div class=\"wp-block-group has-border-color has-text-color has-background has-link-color wp-elements-7a953ad8a0d61d55d4f416c9eb1e20fc has-global-padding is-layout-constrained wp-container-core-group-is-layout-9e9be3cb wp-block-group-is-layout-constrained\" style=\"border-color:#ffbe00;border-width:1px;border-radius:20px;color:#ffffff;background-color:#3f0073;padding-top:var(--wp--preset--spacing--20);padding-right:var(--wp--preset--spacing--20);padding-bottom:var(--wp--preset--spacing--20);padding-left:var(--wp--preset--spacing--20)\">\n<p class=\"has-text-align-center has-text-color has-link-color wp-elements-41fc1bda9cbfaa00817994cd773d58b4\" style=\"color:#ffffff;margin-top:0;margin-right:0;margin-bottom:0;margin-left:0;font-size:13px;font-style:normal;font-weight:500\">El\u0151felt\u00e9tel<\/p>\n\n\n\n<div class=\"wp-block-group is-vertical is-content-justification-center is-layout-flex wp-container-core-group-is-layout-1eeb43da wp-block-group-is-layout-flex\" style=\"margin-top:0;margin-bottom:0;padding-top:0;padding-bottom:0\">\n<hr class=\"wp-block-separator has-text-color has-alpha-channel-opacity has-background is-style-default\" style=\"background-color:#ffbe00;color:#ffbe00\"\/>\n<\/div>\n\n\n\n<p class=\"has-text-align-center has-text-color has-link-color wp-elements-6432b0f2844ea95d2b8ab5665a3e3860\" style=\"color:#ffffff;margin-top:0;margin-right:0;margin-bottom:0;margin-left:0;font-size:clamp(14px, 0.875rem + ((1vw - 3.2px) * 0.682), 20px);font-style:normal;font-weight:500\">Nincs<\/p>\n<\/div>\n\n\n\n<div class=\"wp-block-group has-border-color has-text-color has-background has-link-color wp-elements-d9dea6082a178d13a26edaf7be08f290 has-global-padding is-layout-constrained wp-container-core-group-is-layout-9e9be3cb wp-block-group-is-layout-constrained\" style=\"border-color:#ffbe00;border-width:1px;border-radius:20px;color:#ffffff;background-color:#3f0073;padding-top:var(--wp--preset--spacing--20);padding-right:var(--wp--preset--spacing--20);padding-bottom:var(--wp--preset--spacing--20);padding-left:var(--wp--preset--spacing--20)\">\n<p class=\"has-text-align-center has-text-color has-link-color wp-elements-0a8e93ce68bbc2b29b08757870d96425\" style=\"color:#ffffff;margin-top:0;margin-right:0;margin-bottom:0;margin-left:0;font-size:13px;font-style:normal;font-weight:500\">Trajanje kviza<\/p>\n\n\n\n<div class=\"wp-block-group is-vertical is-content-justification-center is-layout-flex wp-container-core-group-is-layout-1eeb43da wp-block-group-is-layout-flex\" style=\"margin-top:0;margin-bottom:0;padding-top:0;padding-bottom:0\">\n<hr class=\"wp-block-separator has-text-color has-alpha-channel-opacity has-background is-style-default\" style=\"background-color:#ffbe00;color:#ffbe00\"\/>\n<\/div>\n\n\n\n<p class=\"has-text-align-center has-text-color has-link-color wp-elements-1436ba04c65ce73c9653ecae3c4b1180\" style=\"color:#ffffff;margin-top:0;margin-right:0;margin-bottom:0;margin-left:0;font-size:clamp(14px, 0.875rem + ((1vw - 3.2px) * 0.682), 20px);font-style:normal;font-weight:500\">120 perc<\/p>\n<\/div>\n\n\n\n<div class=\"wp-block-group has-border-color has-text-color has-background has-link-color wp-elements-508491b07e87897a20cb6d4ddd69ac88 has-global-padding is-layout-constrained wp-container-core-group-is-layout-9e9be3cb wp-block-group-is-layout-constrained\" style=\"border-color:#ffbe00;border-width:1px;border-radius:20px;color:#ffffff;background-color:#3f0073;padding-top:var(--wp--preset--spacing--20);padding-right:var(--wp--preset--spacing--20);padding-bottom:var(--wp--preset--spacing--20);padding-left:var(--wp--preset--spacing--20)\">\n<p class=\"has-text-align-center has-text-color has-link-color wp-elements-7929c37e81e9d72bd63a8e57be1ef5d9\" style=\"color:#ffffff;margin-top:0;margin-right:0;margin-bottom:0;margin-left:0;font-size:13px;font-style:normal;font-weight:500\">Cena<\/p>\n\n\n\n<div class=\"wp-block-group is-vertical is-content-justification-center is-layout-flex wp-container-core-group-is-layout-1eeb43da wp-block-group-is-layout-flex\" style=\"margin-top:0;margin-bottom:0;padding-top:0;padding-bottom:0\">\n<hr class=\"wp-block-separator has-text-color has-alpha-channel-opacity has-background is-style-default\" style=\"background-color:#ffbe00;color:#ffbe00\"\/>\n<\/div>\n\n\n\n<p class=\"has-text-align-center has-text-color has-link-color wp-elements-97fe8205c56c12eeaed96f76ba7fdd03\" style=\"color:#ffffff;margin-top:0;margin-right:0;margin-bottom:0;margin-left:0;font-size:clamp(14px, 0.875rem + ((1vw - 3.2px) * 0.682), 20px);font-style:normal;font-weight:500\">750 \/ f\u0151<\/p>\n<\/div>\n<\/div>\n<\/div>\n<\/div>","protected":false},"excerpt":{"rendered":"<p>Zabavni kviz koji spaja tinejd\u017eere kroz pop kulturu Spremni ste za uzbudljivo putovanje u svet pop kulture? Pridru\u017eite se kvizu #after!, koji je osmislio \u017dombor Ro\u017ea, i otkrijte kako zabava i timska saradnja mogu u\u010diniti va\u0161 razred jo\u0161 bli\u017eim! After! je kviz specijalno dizajniran za tinejd\u017eere, uvode\u0107i ih u fascinantan svet pop kulture kroz re\u0161avanje [&hellip;]<\/p>","protected":false},"author":2,"featured_media":0,"parent":0,"menu_order":0,"comment_status":"closed","ping_status":"closed","template":"","meta":{"ngg_post_thumbnail":0,"footnotes":""},"class_list":["post-2131","page","type-page","status-publish","hentry"],"_links":{"self":[{"href":"https:\/\/thinkeduhub.com\/hu\/wp-json\/wp\/v2\/pages\/2131","targetHints":{"allow":["GET"]}}],"collection":[{"href":"https:\/\/thinkeduhub.com\/hu\/wp-json\/wp\/v2\/pages"}],"about":[{"href":"https:\/\/thinkeduhub.com\/hu\/wp-json\/wp\/v2\/types\/page"}],"author":[{"embeddable":true,"href":"https:\/\/thinkeduhub.com\/hu\/wp-json\/wp\/v2\/users\/2"}],"replies":[{"embeddable":true,"href":"https:\/\/thinkeduhub.com\/hu\/wp-json\/wp\/v2\/comments?post=2131"}],"version-history":[{"count":6,"href":"https:\/\/thinkeduhub.com\/hu\/wp-json\/wp\/v2\/pages\/2131\/revisions"}],"predecessor-version":[{"id":2315,"href":"https:\/\/thinkeduhub.com\/hu\/wp-json\/wp\/v2\/pages\/2131\/revisions\/2315"}],"wp:attachment":[{"href":"https:\/\/thinkeduhub.com\/hu\/wp-json\/wp\/v2\/media?parent=2131"}],"curies":[{"name":"wp","href":"https:\/\/api.w.org\/{rel}","templated":true}]}}