{"id":2549,"date":"2024-11-29T16:33:03","date_gmt":"2024-11-29T16:33:03","guid":{"rendered":"https:\/\/thinkeduhub.com\/?page_id=2549"},"modified":"2025-11-21T17:18:35","modified_gmt":"2025-11-21T17:18:35","slug":"ekskurzija-beograd","status":"publish","type":"page","link":"https:\/\/thinkeduhub.com\/hu\/ekskurzija-beograd\/","title":{"rendered":"ekskurzija beograd"},"content":{"rendered":"<div class=\"wp-block-cover alignfull has-parallax\" style=\"padding-top:2%\"><div class=\"wp-block-cover__image-background wp-image-1154 has-parallax\" style=\"background-position:50% 50%;background-image:url(https:\/\/thinkeduhub.com\/wp-content\/uploads\/2024\/08\/honlap-hatter-1-1.jpg)\"><\/div><span aria-hidden=\"true\" class=\"wp-block-cover__background has-background-dim-0 has-background-dim\" style=\"background-color:#440165\"><\/span><div class=\"wp-block-cover__inner-container has-global-padding is-layout-constrained wp-container-core-cover-is-layout-ee51f2d2 wp-block-cover-is-layout-constrained\">\n<h2 class=\"wp-block-heading has-text-align-center has-text-color\" style=\"color:#ffffff;margin-top:0rem;margin-bottom:1.01rem;font-size:clamp(2.2rem, 2.2rem + ((1vw - 0.2rem) * 3.273), 4rem);font-style:normal;font-weight:600;line-height:1;text-transform:none\">Tudom\u00e1ny Fesztiv\u00e1l<\/h2>\n<\/div><\/div>\n\n\n\n<div class=\"wp-block-columns alignwide is-layout-flex wp-container-core-columns-is-layout-2dc2afee wp-block-columns-is-layout-flex\" style=\"border-top-left-radius:0px;border-top-right-radius:0px;border-bottom-left-radius:0px;border-bottom-right-radius:0px;border-bottom-color:#ffffff;border-bottom-width:1px;margin-top:0px;margin-bottom:70px;padding-top:0;padding-right:0rem;padding-bottom:0;padding-left:0rem;box-shadow:none\">\n<div class=\"wp-block-column is-vertically-aligned-top is-layout-flow wp-container-core-column-is-layout-23f998aa wp-block-column-is-layout-flow\" style=\"border-style:none;border-width:0px;padding-top:var(--wp--preset--spacing--70);padding-right:0;padding-bottom:0;padding-left:0rem;flex-basis:80%\">\n<div class=\"wp-block-group is-layout-flow wp-block-group-is-layout-flow\">\n<h3 class=\"wp-block-heading alignwide has-text-align-center has-text-color\" style=\"color:#3f0072;margin-top:0.5rem;margin-bottom:1.01rem;font-size:clamp(1.352rem, 1.352rem + ((1vw - 0.2rem) * 1.542), 2.2rem);font-style:normal;font-weight:600;letter-spacing:0px;line-height:1.3;text-transform:none\">Kir\u00e1ndul\u00e1s Belgr\u00e1dba: Tudom\u00e1ny \u00e9s ill\u00fazi\u00f3!<\/h3>\n<\/div>\n\n\n\n<figure class=\"wp-block-image aligncenter size-full has-custom-border is-style-default\"><img loading=\"lazy\" decoding=\"async\" width=\"2048\" height=\"2048\" src=\"https:\/\/thinkeduhub.com\/wp-content\/uploads\/2024\/11\/466073307_516868317989642_4081502057255726267_n.jpg\" alt=\"\" class=\"wp-image-2545\" style=\"border-radius:20px;object-fit:cover\" srcset=\"https:\/\/thinkeduhub.com\/wp-content\/uploads\/2024\/11\/466073307_516868317989642_4081502057255726267_n.jpg 2048w, https:\/\/thinkeduhub.com\/wp-content\/uploads\/2024\/11\/466073307_516868317989642_4081502057255726267_n-300x300.jpg 300w, https:\/\/thinkeduhub.com\/wp-content\/uploads\/2024\/11\/466073307_516868317989642_4081502057255726267_n-1024x1024.jpg 1024w, https:\/\/thinkeduhub.com\/wp-content\/uploads\/2024\/11\/466073307_516868317989642_4081502057255726267_n-150x150.jpg 150w, https:\/\/thinkeduhub.com\/wp-content\/uploads\/2024\/11\/466073307_516868317989642_4081502057255726267_n-768x768.jpg 768w, https:\/\/thinkeduhub.com\/wp-content\/uploads\/2024\/11\/466073307_516868317989642_4081502057255726267_n-1536x1536.jpg 1536w\" sizes=\"auto, (max-width: 2048px) 100vw, 2048px\" \/><\/figure>\n<\/div>\n\n\n\n<div class=\"wp-block-column is-vertically-aligned-bottom is-layout-flow wp-container-core-column-is-layout-bab8543d wp-block-column-is-layout-flow\" style=\"padding-top:0rem;padding-right:0rem;padding-bottom:0;padding-left:0;flex-basis:80%\">\n<p class=\"has-text-color has-link-color wp-elements-c08ce269eaece67bbf563afc182ee81e\" style=\"color:#3f0072;margin-top:var(--wp--preset--spacing--70);font-size:clamp(14.642px, 0.915rem + ((1vw - 3.2px) * 0.836), 22px);\">A TH!NK felejthetetlen kir\u00e1ndul\u00e1sra visz december 14-\u00e9n BELGR\u00c1DBA, ahol egy\u00fctt fedezz\u00fck fel a tudom\u00e1ny, az ill\u00fazi\u00f3k \u00e9s a f\u0151v\u00e1ros nevezetess\u00e9geinek var\u00e1zs\u00e1t!<\/p>\n\n\n\n<p class=\"has-text-align-center has-text-color\" style=\"color:#3f0072;margin-top:0.5rem;margin-bottom:1.01rem;font-size:clamp(1.502rem, 1.502rem + ((1vw - 0.2rem) * 1.815), 2.5rem);font-style:normal;font-weight:600;letter-spacing:0px;line-height:1.3;text-transform:none\">Program:<\/p>\n\n\n\n<p class=\"has-text-align-left has-medium-font-size\" style=\"font-style:normal;font-weight:500\">\u25b6\ufe0f Tudom\u00e1ny Fesztiv\u00e1l \u2013 Mer\u00fclj\u00f6n el a tudom\u00e1nyos innov\u00e1ci\u00f3k vil\u00e1g\u00e1ban izgalmas k\u00eds\u00e9rleteken \u00e9s interakt\u00edv m\u0171helymunk\u00e1kon kereszt\u00fcl<\/p>\n\n\n\n<div style=\"height:12px\" aria-hidden=\"true\" class=\"wp-block-spacer\"><\/div>\n\n\n\n<p class=\"has-text-align-left has-medium-font-size\" style=\"font-style:normal;font-weight:500\">\u25b6\ufe0f Ill\u00fazi\u00f3k M\u00fazeuma \u2013 \u00c9lvezze az optikai ill\u00fazi\u00f3k rejt\u00e9lyeit \u00e9s sz\u00f3rakoztat\u00f3 tr\u00fckkjeit<\/p>\n\n\n\n<div style=\"height:12px\" aria-hidden=\"true\" class=\"wp-block-spacer\"><\/div>\n\n\n\n<p class=\"has-medium-font-size\" style=\"font-style:normal;font-weight:500\">\u25b6\ufe0f Belgr\u00e1d felfedez\u00e9se \u2013 V\u00e1rosn\u00e9z\u00e9s a legszebb nevezetess\u00e9gekn\u00e9l, a Kalemegd\u00e1nt\u00f3l a Knez Mihailova utc\u00e1ig<\/p>\n\n\n\n<div style=\"height:12px\" aria-hidden=\"true\" class=\"wp-block-spacer\"><\/div>\n\n\n\n<p class=\"has-medium-font-size\" style=\"font-style:normal;font-weight:500\">\u25b6\ufe0f Egyed\u00fcl\u00e1ll\u00f3 tudom\u00e1nyos-kos\u00e1rlabda esem\u00e9ny \u2013 A tudom\u00e1ny \u00e9s a sport izgalmas \u00f6tv\u00f6zete egy sz\u00f3rakoztat\u00f3 sportkih\u00edv\u00e1son kereszt\u00fcl<\/p>\n\n\n\n<div style=\"height:0px\" aria-hidden=\"true\" class=\"wp-block-spacer\"><\/div>\n\n\n\n<p class=\"has-text-align-center has-text-color\" style=\"color:#3f0072;margin-top:0.5rem;margin-bottom:1.01rem;font-size:clamp(1.502rem, 1.502rem + ((1vw - 0.2rem) * 1.815), 2.5rem);font-style:normal;font-weight:600;letter-spacing:0px;line-height:1.3;text-transform:none\"><\/p>\n<\/div>\n<\/div>","protected":false},"excerpt":{"rendered":"<p>Izlet u Beograd: Nauka i iluzija! TH!NK vas vodi na nezaboravn izlet 14. DECEMBRA u BEOGRAD, gde \u0107emo zajedno otkrivati magiju nauke, iluzija i znamenitosti glavnog grada! Program: \u25b6\ufe0f Festival nauke \u2013 Zaronite u svet nau\u010dnih inovacija kroz uzbudljive eksperimente i interaktivne radionice \u25b6\ufe0f Muzej iluzija \u2013 U\u017eivajte u zagonetnim opti\u010dkim iluzijama i zabavnim trikovima [&hellip;]<\/p>","protected":false},"author":2,"featured_media":0,"parent":0,"menu_order":0,"comment_status":"closed","ping_status":"closed","template":"","meta":{"ngg_post_thumbnail":0,"footnotes":""},"class_list":["post-2549","page","type-page","status-publish","hentry"],"_links":{"self":[{"href":"https:\/\/thinkeduhub.com\/hu\/wp-json\/wp\/v2\/pages\/2549","targetHints":{"allow":["GET"]}}],"collection":[{"href":"https:\/\/thinkeduhub.com\/hu\/wp-json\/wp\/v2\/pages"}],"about":[{"href":"https:\/\/thinkeduhub.com\/hu\/wp-json\/wp\/v2\/types\/page"}],"author":[{"embeddable":true,"href":"https:\/\/thinkeduhub.com\/hu\/wp-json\/wp\/v2\/users\/2"}],"replies":[{"embeddable":true,"href":"https:\/\/thinkeduhub.com\/hu\/wp-json\/wp\/v2\/comments?post=2549"}],"version-history":[{"count":5,"href":"https:\/\/thinkeduhub.com\/hu\/wp-json\/wp\/v2\/pages\/2549\/revisions"}],"predecessor-version":[{"id":3601,"href":"https:\/\/thinkeduhub.com\/hu\/wp-json\/wp\/v2\/pages\/2549\/revisions\/3601"}],"wp:attachment":[{"href":"https:\/\/thinkeduhub.com\/hu\/wp-json\/wp\/v2\/media?parent=2549"}],"curies":[{"name":"wp","href":"https:\/\/api.w.org\/{rel}","templated":true}]}}