{"id":3209,"date":"2025-05-06T06:55:09","date_gmt":"2025-05-06T06:55:09","guid":{"rendered":"https:\/\/thinkeduhub.com\/?page_id=3209"},"modified":"2025-11-21T17:18:19","modified_gmt":"2025-11-21T17:18:19","slug":"ekskurzija-safari","status":"publish","type":"page","link":"https:\/\/thinkeduhub.com\/hu\/ekskurzija-safari\/","title":{"rendered":"ekskurzija safari"},"content":{"rendered":"<div class=\"wp-block-cover alignfull has-parallax\" style=\"padding-top:2%\"><div class=\"wp-block-cover__image-background wp-image-1154 has-parallax\" style=\"background-position:50% 50%;background-image:url(https:\/\/thinkeduhub.com\/wp-content\/uploads\/2024\/08\/honlap-hatter-1-1.jpg)\"><\/div><span aria-hidden=\"true\" class=\"wp-block-cover__background has-background-dim-0 has-background-dim\" style=\"background-color:#440165\"><\/span><div class=\"wp-block-cover__inner-container has-global-padding is-layout-constrained wp-container-core-cover-is-layout-ee51f2d2 wp-block-cover-is-layout-constrained\">\n<h2 class=\"wp-block-heading has-text-align-center has-text-color\" style=\"color:#ffffff;margin-top:0rem;margin-bottom:1.01rem;font-size:clamp(2.2rem, 2.2rem + ((1vw - 0.2rem) * 3.273), 4rem);font-style:normal;font-weight:600;line-height:1;text-transform:none\">SAFARI PARK RICHTER &amp; PLANETARIJUM<\/h2>\n<\/div><\/div>\n\n\n\n<div class=\"wp-block-columns alignwide is-layout-flex wp-container-core-columns-is-layout-2dc2afee wp-block-columns-is-layout-flex\" style=\"border-top-left-radius:0px;border-top-right-radius:0px;border-bottom-left-radius:0px;border-bottom-right-radius:0px;border-bottom-color:#ffffff;border-bottom-width:1px;margin-top:0px;margin-bottom:70px;padding-top:0;padding-right:0rem;padding-bottom:0;padding-left:0rem;box-shadow:none\">\n<div class=\"wp-block-column is-vertically-aligned-top is-layout-flow wp-container-core-column-is-layout-23f998aa wp-block-column-is-layout-flow\" style=\"border-style:none;border-width:0px;padding-top:var(--wp--preset--spacing--70);padding-right:0;padding-bottom:0;padding-left:0rem;flex-basis:80%\">\n<div class=\"wp-block-group is-layout-flow wp-block-group-is-layout-flow\">\n<h3 class=\"wp-block-heading alignwide has-text-align-center has-text-color\" style=\"color:#3f0072;margin-top:0.5rem;margin-bottom:1.01rem;font-size:clamp(1.352rem, 1.352rem + ((1vw - 0.2rem) * 1.542), 2.2rem);font-style:normal;font-weight:600;letter-spacing:0px;line-height:1.3;text-transform:none\">SPEKTAKL KOJI SE NE PROPU\u0160TA!<\/h3>\n<\/div>\n\n\n\n<figure class=\"wp-block-image aligncenter size-full has-custom-border is-style-default\"><img loading=\"lazy\" decoding=\"async\" width=\"2048\" height=\"2048\" src=\"https:\/\/thinkeduhub.com\/wp-content\/uploads\/2025\/05\/kep_2025-05-06_084931543.png\" alt=\"\" class=\"wp-image-3205\" style=\"border-radius:20px;object-fit:cover\" srcset=\"https:\/\/thinkeduhub.com\/wp-content\/uploads\/2025\/05\/kep_2025-05-06_084931543.png 2048w, https:\/\/thinkeduhub.com\/wp-content\/uploads\/2025\/05\/kep_2025-05-06_084931543-300x300.png 300w, https:\/\/thinkeduhub.com\/wp-content\/uploads\/2025\/05\/kep_2025-05-06_084931543-1024x1024.png 1024w, https:\/\/thinkeduhub.com\/wp-content\/uploads\/2025\/05\/kep_2025-05-06_084931543-150x150.png 150w, https:\/\/thinkeduhub.com\/wp-content\/uploads\/2025\/05\/kep_2025-05-06_084931543-768x768.png 768w, https:\/\/thinkeduhub.com\/wp-content\/uploads\/2025\/05\/kep_2025-05-06_084931543-1536x1536.png 1536w, https:\/\/thinkeduhub.com\/wp-content\/uploads\/2025\/05\/kep_2025-05-06_084931543-12x12.png 12w\" sizes=\"auto, (max-width: 2048px) 100vw, 2048px\" \/><\/figure>\n<\/div>\n\n\n\n<div class=\"wp-block-column is-vertically-aligned-bottom is-layout-flow wp-container-core-column-is-layout-bab8543d wp-block-column-is-layout-flow\" style=\"padding-top:0rem;padding-right:0rem;padding-bottom:0;padding-left:0;flex-basis:80%\">\n<p class=\"has-text-color has-link-color wp-elements-5bf43465d21637c263a1c3b427487234\" style=\"color:#3f0072;margin-top:var(--wp--preset--spacing--70);font-size:clamp(14.642px, 0.915rem + ((1vw - 3.2px) * 0.836), 22px);\">K\u00e9sz\u00fcljetek fel a TAVASZ LEGNAGYOBB kalandj\u00e1ra! \u00c1prilis 26-\u00e1n elvissz\u00fck a gyerekeket, bar\u00e1taikat \u00e9s a sz\u00fcl\u0151ket egy var\u00e1zslatos utaz\u00e1sra a vadonon, az \u0171r\u00f6n \u00e9s a leg\u00e9desebb finoms\u00e1gok vil\u00e1g\u00e1n \u00e1t!<\/p>\n\n\n\n<p class=\"has-text-align-center has-text-color\" style=\"color:#3f0072;margin-top:0.5rem;margin-bottom:1.01rem;font-size:clamp(1.502rem, 1.502rem + ((1vw - 0.2rem) * 1.815), 2.5rem);font-style:normal;font-weight:600;letter-spacing:0px;line-height:1.3;text-transform:none\">Program:<\/p>\n\n\n\n<p class=\"has-text-align-center\" style=\"margin-top:0;margin-bottom:0;font-size:clamp(14.642px, 0.915rem + ((1vw - 3.2px) * 0.836), 22px);font-style:normal;font-weight:500\">NA\u0110KERE\u0160 &#8211; SAFARI PARK RICHTER \u2013 NAJVE\u0106I U SREDNJOJ EVROPI!<\/p>\n\n\n\n<div style=\"height:12px\" aria-hidden=\"true\" class=\"wp-block-spacer\"><\/div>\n\n\n\n<p class=\"has-text-align-left has-medium-font-size\" style=\"margin-top:0;margin-bottom:0;font-style:normal;font-weight:500\">\u25b6\ufe0f Pogledaj divlje \u017eivotinje izbliza i \u010dak ih nahrani!<\/p>\n\n\n\n<div style=\"height:12px\" aria-hidden=\"true\" class=\"wp-block-spacer\"><\/div>\n\n\n\n<p class=\"has-medium-font-size\" style=\"font-style:normal;font-weight:500\">\u25b6\ufe0f Zakora\u010di u doba d\u017einovskih dinosaurusa!<\/p>\n\n\n\n<div style=\"height:12px\" aria-hidden=\"true\" class=\"wp-block-spacer\"><\/div>\n\n\n\n<p class=\"has-medium-font-size\" style=\"margin-bottom:var(--wp--preset--spacing--20);font-style:normal;font-weight:500\">\u25b6\ufe0f Oseti \u010daroliju cirkuske predstave i zabavi se u lunaparku!<\/p>\n\n\n\n<p class=\"has-text-align-center\" style=\"font-size:clamp(14.642px, 0.915rem + ((1vw - 3.2px) * 0.836), 22px);font-style:normal;font-weight:500\">KE\u010cKEMET \u2013 LETIMO ME\u0110U ZVEZDE!<\/p>\n\n\n\n<p class=\"has-medium-font-size\" style=\"margin-bottom:var(--wp--preset--spacing--20);font-style:normal;font-weight:500\">\u25b6\ufe0f U Planetarijumu otkrivamo tajne kosmosa i posmatramo svemir kao pravi astronauti!<\/p>\n\n\n\n<p class=\"has-text-align-center\" style=\"font-size:clamp(14px, 0.875rem + ((1vw - 3.2px) * 0.682), 20px);font-style:normal;font-weight:500\">\u0160OLTVADKERT \u2013 SLATKI RAJ KOJI ODUZIMA DAH!<\/p>\n\n\n\n<p class=\"has-medium-font-size\" style=\"font-style:normal;font-weight:500\">\u25b6\ufe0f Najpoznatija poslasti\u010darnica Ma\u0111arske otvara vrata najukusnijim, nagra\u0111ivanim kola\u010dima \u2013 probaj ih SVE!<\/p>\n\n\n\n<p class=\"has-text-align-center has-text-color\" style=\"color:#3f0072;margin-top:0.5rem;margin-bottom:1.01rem;font-size:clamp(1.502rem, 1.502rem + ((1vw - 0.2rem) * 1.815), 2.5rem);font-style:normal;font-weight:600;letter-spacing:0px;line-height:1.3;text-transform:none\"><\/p>\n<\/div>\n<\/div>","protected":false},"excerpt":{"rendered":"<p>SPEKTAKL KOJI SE NE PROPU\u0160TA! Pripremite se za NAJVE\u0106U avanturu ovog prole\u0107a! 26. aprila vodimo decu, njihove drugare i roditelje na magi\u010dno putovanje kroz divljinu, svemir i svet najsla\u0111ih poslastica! Program: NA\u0110KERE\u0160 &#8211; SAFARI PARK RICHTER \u2013 NAJVE\u0106I U SREDNJOJ EVROPI! \u25b6\ufe0f Pogledaj divlje \u017eivotinje izbliza i \u010dak ih nahrani! \u25b6\ufe0f Zakora\u010di u doba d\u017einovskih [&hellip;]<\/p>","protected":false},"author":2,"featured_media":0,"parent":0,"menu_order":0,"comment_status":"closed","ping_status":"closed","template":"","meta":{"ngg_post_thumbnail":0,"footnotes":""},"class_list":["post-3209","page","type-page","status-publish","hentry"],"_links":{"self":[{"href":"https:\/\/thinkeduhub.com\/hu\/wp-json\/wp\/v2\/pages\/3209","targetHints":{"allow":["GET"]}}],"collection":[{"href":"https:\/\/thinkeduhub.com\/hu\/wp-json\/wp\/v2\/pages"}],"about":[{"href":"https:\/\/thinkeduhub.com\/hu\/wp-json\/wp\/v2\/types\/page"}],"author":[{"embeddable":true,"href":"https:\/\/thinkeduhub.com\/hu\/wp-json\/wp\/v2\/users\/2"}],"replies":[{"embeddable":true,"href":"https:\/\/thinkeduhub.com\/hu\/wp-json\/wp\/v2\/comments?post=3209"}],"version-history":[{"count":10,"href":"https:\/\/thinkeduhub.com\/hu\/wp-json\/wp\/v2\/pages\/3209\/revisions"}],"predecessor-version":[{"id":3600,"href":"https:\/\/thinkeduhub.com\/hu\/wp-json\/wp\/v2\/pages\/3209\/revisions\/3600"}],"wp:attachment":[{"href":"https:\/\/thinkeduhub.com\/hu\/wp-json\/wp\/v2\/media?parent=3209"}],"curies":[{"name":"wp","href":"https:\/\/api.w.org\/{rel}","templated":true}]}}