{"id":3238,"date":"2025-05-06T07:21:28","date_gmt":"2025-05-06T07:21:28","guid":{"rendered":"https:\/\/thinkeduhub.com\/?page_id=3238"},"modified":"2025-05-16T20:27:27","modified_gmt":"2025-05-16T20:27:27","slug":"artvoyage-grcka","status":"publish","type":"page","link":"https:\/\/thinkeduhub.com\/hu\/artvoyage-grcka\/","title":{"rendered":"artvoyage grcka"},"content":{"rendered":"<div class=\"wp-block-cover alignfull has-parallax\" style=\"padding-top:2%\"><div class=\"wp-block-cover__image-background wp-image-1154 has-parallax\" style=\"background-position:50% 50%;background-image:url(https:\/\/thinkeduhub.com\/wp-content\/uploads\/2024\/08\/honlap-hatter-1-1.jpg)\"><\/div><span aria-hidden=\"true\" class=\"wp-block-cover__background has-background-dim-0 has-background-dim\" style=\"background-color:#440165\"><\/span><div class=\"wp-block-cover__inner-container has-global-padding is-layout-constrained wp-container-core-cover-is-layout-ee51f2d2 wp-block-cover-is-layout-constrained\">\n<h2 class=\"wp-block-heading has-text-align-center has-text-color\" style=\"color:#ffffff;margin-top:0rem;margin-bottom:1.01rem;font-size:clamp(2.2rem, 2.2rem + ((1vw - 0.2rem) * 3.273), 4rem);font-style:normal;font-weight:600;line-height:1;text-transform:none\">ARTVOYAGE &#8211; GR\u010cKA<\/h2>\n<\/div><\/div>\n\n\n\n<div class=\"wp-block-columns alignwide is-layout-flex wp-container-core-columns-is-layout-b161f2b0 wp-block-columns-is-layout-flex\" style=\"border-top-left-radius:0px;border-top-right-radius:0px;border-bottom-left-radius:0px;border-bottom-right-radius:0px;border-bottom-color:#ffffff;border-bottom-width:1px;margin-top:0px;margin-bottom:70px;padding-top:0;padding-right:0rem;padding-bottom:0;padding-left:0rem;box-shadow:none\">\n<div class=\"wp-block-column is-vertically-aligned-center is-layout-flow wp-container-core-column-is-layout-525ade0e wp-block-column-is-layout-flow\" style=\"border-style:none;border-width:0px;padding-top:var(--wp--preset--spacing--70);padding-right:0;padding-bottom:0;padding-left:0;flex-basis:60%\">\n<div class=\"wp-block-group has-global-padding is-layout-constrained wp-container-core-group-is-layout-a1458d1d wp-block-group-is-layout-constrained\">\n<h3 class=\"wp-block-heading has-text-align-center has-text-color\" style=\"color:#3f0072;margin-top:0.5rem;margin-bottom:1.01rem;font-size:clamp(1.502rem, 1.502rem + ((1vw - 0.2rem) * 1.815), 2.5rem);font-style:normal;font-weight:600;letter-spacing:0px;line-height:1.3;text-transform:uppercase\"><strong>Prva destinacija: GR\u010cKA<\/strong><\/h3>\n\n\n\n<p class=\"has-text-align-left has-text-color\" style=\"color:#03081e;margin-top:0rem;font-size:clamp(0.875rem, 0.875rem + ((1vw - 0.2rem) * 0.773), 1.3rem);font-style:normal;font-weight:400;line-height:1.5\">Kroz tehniku vajarstva, o\u017eivljavamo gr\u010dku umetnost i mitologiju \u2013 oblikujte svoja remek-dela inspirisana besmrtnim motivima iz starog sveta.<\/p>\n\n\n\n<p class=\"has-text-align-left has-text-color\" style=\"color:#03081e;margin-top:0rem;font-size:clamp(0.875rem, 0.875rem + ((1vw - 0.2rem) * 0.773), 1.3rem);font-style:normal;font-weight:400;line-height:1.5\">Pored umetni\u010dkog stvaranja, u\u017eiva\u0107ete u degustaciji gr\u010dkih specijaliteta i pi\u0107a koja vas vode na put kroz bogatstvo mediteranske tradicije.<\/p>\n<\/div>\n\n\n\n<figure class=\"wp-block-image aligncenter size-full is-resized has-custom-border is-style-default\" style=\"margin-top:var(--wp--preset--spacing--40);margin-bottom:0\"><img loading=\"lazy\" decoding=\"async\" width=\"768\" height=\"768\" src=\"https:\/\/thinkeduhub.com\/wp-content\/uploads\/2025\/05\/image.png\" alt=\"\" class=\"wp-image-3227\" style=\"border-radius:20px;object-fit:cover;width:575px;height:auto\" srcset=\"https:\/\/thinkeduhub.com\/wp-content\/uploads\/2025\/05\/image.png 768w, https:\/\/thinkeduhub.com\/wp-content\/uploads\/2025\/05\/image-300x300.png 300w, https:\/\/thinkeduhub.com\/wp-content\/uploads\/2025\/05\/image-150x150.png 150w, https:\/\/thinkeduhub.com\/wp-content\/uploads\/2025\/05\/image-12x12.png 12w\" sizes=\"auto, (max-width: 768px) 100vw, 768px\" \/><\/figure>\n\n\n\n<div class=\"wp-block-group has-global-padding is-layout-constrained wp-container-core-group-is-layout-a1458d1d wp-block-group-is-layout-constrained\">\n<p class=\"has-text-color\" style=\"color:#03081e;margin-top:0rem;margin-bottom:var(--wp--preset--spacing--40);font-size:clamp(0.875rem, 0.875rem + ((1vw - 0.2rem) * 0.773), 1.3rem);font-style:normal;font-weight:400;line-height:1.5\">Radionicu vodi akademska umetnica Nora Evetovi\u0107, koja \u0107e vas kroz svaki korak usmeravati ka stvaranju dela koja odra\u017eavaju du\u0161u i estetiku Gr\u010dke.<\/p>\n<\/div>\n<\/div>\n\n\n\n<div class=\"wp-block-column is-vertically-aligned-center has-global-padding is-content-justification-center is-layout-constrained wp-container-core-column-is-layout-ae48c562 wp-block-column-is-layout-constrained\" style=\"padding-top:0;padding-right:0rem;padding-bottom:0;padding-left:0;flex-basis:40%\">\n<div class=\"wp-block-group is-style-default has-global-padding is-content-justification-center is-layout-constrained wp-container-core-group-is-layout-e46d1308 wp-block-group-is-layout-constrained\" style=\"border-radius:20px;margin-top:0px;padding-top:0px;padding-right:0px;padding-bottom:0px;padding-left:0px\">\n<div class=\"wp-block-group has-border-color has-text-color has-background has-link-color wp-elements-715e4eaa7382e142fce9b855e8189153 has-global-padding is-layout-constrained wp-container-core-group-is-layout-9e9be3cb wp-block-group-is-layout-constrained\" style=\"border-color:#ffffff;border-width:1px;border-radius:20px;color:#ffffff;background-color:#10a19e;padding-top:var(--wp--preset--spacing--20);padding-right:var(--wp--preset--spacing--20);padding-bottom:var(--wp--preset--spacing--20);padding-left:var(--wp--preset--spacing--20)\">\n<p class=\"has-text-align-center has-text-color has-link-color wp-elements-7881c467c04b4b5b8207defc93342151\" style=\"color:#ffffff;margin-top:0;margin-right:0;margin-bottom:0;margin-left:0;font-size:clamp(16.293px, 1.018rem + ((1vw - 3.2px) * 0.989), 25px);font-style:normal;font-weight:700\">Alapvet\u0151 inform\u00e1ci\u00f3k<\/p>\n<\/div>\n\n\n\n<div class=\"wp-block-group has-border-color has-text-color has-background has-link-color wp-elements-fe9416cfc3b8b8e131a39471860d536b has-global-padding is-layout-constrained wp-container-core-group-is-layout-9e9be3cb wp-block-group-is-layout-constrained\" style=\"border-color:#ffbe00;border-width:1px;border-radius:20px;color:#ffffff;background-color:#3f0073;padding-top:var(--wp--preset--spacing--20);padding-right:var(--wp--preset--spacing--20);padding-bottom:var(--wp--preset--spacing--20);padding-left:var(--wp--preset--spacing--20)\">\n<p class=\"has-text-align-center has-text-color has-link-color wp-elements-8ba175e57b73dd0f2ef4e1230a9521bf\" style=\"color:#ffffff;margin-top:0;margin-right:0;margin-bottom:0;margin-left:0;font-size:13px;font-style:normal;font-weight:500\">Kateg\u00f3ria<\/p>\n\n\n\n<div class=\"wp-block-group is-vertical is-content-justification-center is-layout-flex wp-container-core-group-is-layout-1eeb43da wp-block-group-is-layout-flex\" style=\"margin-top:0;margin-bottom:0;padding-top:0;padding-bottom:0\">\n<hr class=\"wp-block-separator has-text-color has-alpha-channel-opacity has-background is-style-default\" style=\"background-color:#ffbe00;color:#ffbe00\"\/>\n<\/div>\n\n\n\n<p class=\"has-text-align-center has-text-color has-link-color wp-elements-2acb533fc1cb3cdfcb7cf191d5463501\" style=\"color:#ffffff;margin-top:0;margin-right:0;margin-bottom:0;margin-left:0;font-size:clamp(14px, 0.875rem + ((1vw - 3.2px) * 0.682), 20px);font-style:normal;font-weight:500\">Slikarstvo\/Vajarstvo<\/p>\n<\/div>\n\n\n\n<div class=\"wp-block-group has-border-color has-text-color has-background has-link-color wp-elements-57b05285e1d832694e17fb1ef9071b67 has-global-padding is-layout-constrained wp-container-core-group-is-layout-9e9be3cb wp-block-group-is-layout-constrained\" style=\"border-color:#ffbe00;border-width:1px;border-radius:20px;color:#ffffff;background-color:#3f0073;padding-top:var(--wp--preset--spacing--20);padding-right:var(--wp--preset--spacing--20);padding-bottom:var(--wp--preset--spacing--20);padding-left:var(--wp--preset--spacing--20)\">\n<p class=\"has-text-align-center has-text-color has-link-color wp-elements-098d6a9cb88b7b01e14fef1d6e7314ee\" style=\"color:#ffffff;margin-top:0;margin-right:0;margin-bottom:0;margin-left:0;font-size:13px;font-style:normal;font-weight:500\">Koroszt\u00e1ly<\/p>\n\n\n\n<div class=\"wp-block-group is-vertical is-content-justification-center is-layout-flex wp-container-core-group-is-layout-1eeb43da wp-block-group-is-layout-flex\" style=\"margin-top:0;margin-bottom:0;padding-top:0;padding-bottom:0\">\n<hr class=\"wp-block-separator has-text-color has-alpha-channel-opacity has-background is-style-default\" style=\"background-color:#ffbe00;color:#ffbe00\"\/>\n<\/div>\n\n\n\n<p class=\"has-text-align-center has-text-color has-link-color wp-elements-fc5885453204aece6b10cec7809f3b2b\" style=\"color:#ffffff;margin-top:0;margin-right:0;margin-bottom:0;margin-left:0;font-size:clamp(14px, 0.875rem + ((1vw - 3.2px) * 0.682), 20px);font-style:normal;font-weight:500\"><strong>Feln\u0151ttek sz\u00e1m\u00e1ra<\/strong><\/p>\n<\/div>\n\n\n\n<div class=\"wp-block-group has-border-color has-text-color has-background has-link-color wp-elements-db1f38a3785add74837ce19fb1309ee9 has-global-padding is-layout-constrained wp-container-core-group-is-layout-9e9be3cb wp-block-group-is-layout-constrained\" style=\"border-color:#ffbe00;border-width:1px;border-radius:20px;color:#ffffff;background-color:#3f0073;padding-top:var(--wp--preset--spacing--20);padding-right:var(--wp--preset--spacing--20);padding-bottom:var(--wp--preset--spacing--20);padding-left:var(--wp--preset--spacing--20)\">\n<p class=\"has-text-align-center has-text-color has-link-color wp-elements-59c0a9d80c2b7032471205e3e963ef41\" style=\"color:#ffffff;margin-top:0;margin-right:0;margin-bottom:0;margin-left:0;font-size:13px;font-style:normal;font-weight:500\">Csoport<\/p>\n\n\n\n<div class=\"wp-block-group is-vertical is-content-justification-center is-layout-flex wp-container-core-group-is-layout-1eeb43da wp-block-group-is-layout-flex\" style=\"margin-top:0;margin-bottom:0;padding-top:0;padding-bottom:0\">\n<hr class=\"wp-block-separator has-text-color has-alpha-channel-opacity has-background is-style-default\" style=\"background-color:#ffbe00;color:#ffbe00\"\/>\n<\/div>\n\n\n\n<p class=\"has-text-align-center has-text-color has-link-color wp-elements-553a488c6391c0e9637a39b73c91a28d\" style=\"color:#ffffff;margin-top:0;margin-right:0;margin-bottom:0;margin-left:0;font-size:clamp(14px, 0.875rem + ((1vw - 3.2px) * 0.682), 20px);font-style:normal;font-weight:500\">Max 12 u\u010de\u0161nika<\/p>\n<\/div>\n\n\n\n<div class=\"wp-block-group has-border-color has-text-color has-background has-link-color wp-elements-7a953ad8a0d61d55d4f416c9eb1e20fc has-global-padding is-layout-constrained wp-container-core-group-is-layout-9e9be3cb wp-block-group-is-layout-constrained\" style=\"border-color:#ffbe00;border-width:1px;border-radius:20px;color:#ffffff;background-color:#3f0073;padding-top:var(--wp--preset--spacing--20);padding-right:var(--wp--preset--spacing--20);padding-bottom:var(--wp--preset--spacing--20);padding-left:var(--wp--preset--spacing--20)\">\n<p class=\"has-text-align-center has-text-color has-link-color wp-elements-41fc1bda9cbfaa00817994cd773d58b4\" style=\"color:#ffffff;margin-top:0;margin-right:0;margin-bottom:0;margin-left:0;font-size:13px;font-style:normal;font-weight:500\">El\u0151felt\u00e9tel<\/p>\n\n\n\n<div class=\"wp-block-group is-vertical is-content-justification-center is-layout-flex wp-container-core-group-is-layout-1eeb43da wp-block-group-is-layout-flex\" style=\"margin-top:0;margin-bottom:0;padding-top:0;padding-bottom:0\">\n<hr class=\"wp-block-separator has-text-color has-alpha-channel-opacity has-background is-style-default\" style=\"background-color:#ffbe00;color:#ffbe00\"\/>\n<\/div>\n\n\n\n<p class=\"has-text-align-center has-text-color has-link-color wp-elements-6432b0f2844ea95d2b8ab5665a3e3860\" style=\"color:#ffffff;margin-top:0;margin-right:0;margin-bottom:0;margin-left:0;font-size:clamp(14px, 0.875rem + ((1vw - 3.2px) * 0.682), 20px);font-style:normal;font-weight:500\">Nincs<\/p>\n<\/div>\n\n\n\n<div class=\"wp-block-group has-border-color has-text-color has-background has-link-color wp-elements-cb75a18ca4bbc8c0ced9d90a9df56f78 has-global-padding is-layout-constrained wp-container-core-group-is-layout-9e9be3cb wp-block-group-is-layout-constrained\" style=\"border-color:#ffbe00;border-width:1px;border-radius:20px;color:#ffffff;background-color:#3f0073;padding-top:var(--wp--preset--spacing--20);padding-right:var(--wp--preset--spacing--20);padding-bottom:var(--wp--preset--spacing--20);padding-left:var(--wp--preset--spacing--20)\">\n<p class=\"has-text-align-center has-text-color has-link-color wp-elements-303fa40106e72556456574a02b8afc8b\" style=\"color:#ffffff;margin-top:0;margin-right:0;margin-bottom:0;margin-left:0;font-size:13px;font-style:normal;font-weight:500\">Workshop id\u0151tartama<\/p>\n\n\n\n<div class=\"wp-block-group is-vertical is-content-justification-center is-layout-flex wp-container-core-group-is-layout-1eeb43da wp-block-group-is-layout-flex\" style=\"margin-top:0;margin-bottom:0;padding-top:0;padding-bottom:0\">\n<hr class=\"wp-block-separator has-text-color has-alpha-channel-opacity has-background is-style-default\" style=\"background-color:#ffbe00;color:#ffbe00\"\/>\n<\/div>\n\n\n\n<p class=\"has-text-align-center has-text-color has-link-color wp-elements-1436ba04c65ce73c9653ecae3c4b1180\" style=\"color:#ffffff;margin-top:0;margin-right:0;margin-bottom:0;margin-left:0;font-size:clamp(14px, 0.875rem + ((1vw - 3.2px) * 0.682), 20px);font-style:normal;font-weight:500\">120 perc<\/p>\n<\/div>\n\n\n\n<div class=\"wp-block-group has-border-color has-text-color has-background has-link-color wp-elements-6e2126e36d43f628d279bac0a21a87a7 has-global-padding is-layout-constrained wp-container-core-group-is-layout-9e9be3cb wp-block-group-is-layout-constrained\" style=\"border-color:#ffbe00;border-width:1px;border-radius:20px;color:#ffffff;background-color:#3f0073;padding-top:var(--wp--preset--spacing--20);padding-right:var(--wp--preset--spacing--20);padding-bottom:var(--wp--preset--spacing--20);padding-left:var(--wp--preset--spacing--20)\">\n<p class=\"has-text-align-center has-text-color has-link-color wp-elements-a5231e49288d7bc0001a5b0e6ec5cf2b\" style=\"color:#ffffff;margin-top:0;margin-right:0;margin-bottom:0;margin-left:0;font-size:13px;font-style:normal;font-weight:500\">Workshop \u00e1ra<\/p>\n\n\n\n<div class=\"wp-block-group is-vertical is-content-justification-center is-layout-flex wp-container-core-group-is-layout-1eeb43da wp-block-group-is-layout-flex\" style=\"margin-top:0;margin-bottom:0;padding-top:0;padding-bottom:0\">\n<hr class=\"wp-block-separator has-text-color has-alpha-channel-opacity has-background is-style-default\" style=\"background-color:#ffbe00;color:#ffbe00\"\/>\n<\/div>\n\n\n\n<p class=\"has-text-align-center has-text-color has-link-color wp-elements-fa833c61cdb81acb74703da115662ebe\" style=\"color:#ffffff;margin-top:0;margin-right:0;margin-bottom:0;margin-left:0;font-size:clamp(14px, 0.875rem + ((1vw - 3.2px) * 0.682), 20px);font-style:normal;font-weight:500\">2.800 RSD po u\u010desniku<\/p>\n<\/div>\n<\/div>\n<\/div>\n<\/div>","protected":false},"excerpt":{"rendered":"<p>Prva destinacija: GR\u010cKA Kroz tehniku vajarstva, o\u017eivljavamo gr\u010dku umetnost i mitologiju \u2013 oblikujte svoja remek-dela inspirisana besmrtnim motivima iz starog sveta. Pored umetni\u010dkog stvaranja, u\u017eiva\u0107ete u degustaciji gr\u010dkih specijaliteta i pi\u0107a koja vas vode na put kroz bogatstvo mediteranske tradicije. Radionicu vodi akademska umetnica Nora Evetovi\u0107, koja \u0107e vas kroz svaki korak usmeravati ka stvaranju [&hellip;]<\/p>","protected":false},"author":2,"featured_media":0,"parent":0,"menu_order":0,"comment_status":"closed","ping_status":"closed","template":"","meta":{"ngg_post_thumbnail":0,"footnotes":""},"class_list":["post-3238","page","type-page","status-publish","hentry"],"_links":{"self":[{"href":"https:\/\/thinkeduhub.com\/hu\/wp-json\/wp\/v2\/pages\/3238","targetHints":{"allow":["GET"]}}],"collection":[{"href":"https:\/\/thinkeduhub.com\/hu\/wp-json\/wp\/v2\/pages"}],"about":[{"href":"https:\/\/thinkeduhub.com\/hu\/wp-json\/wp\/v2\/types\/page"}],"author":[{"embeddable":true,"href":"https:\/\/thinkeduhub.com\/hu\/wp-json\/wp\/v2\/users\/2"}],"replies":[{"embeddable":true,"href":"https:\/\/thinkeduhub.com\/hu\/wp-json\/wp\/v2\/comments?post=3238"}],"version-history":[{"count":9,"href":"https:\/\/thinkeduhub.com\/hu\/wp-json\/wp\/v2\/pages\/3238\/revisions"}],"predecessor-version":[{"id":3260,"href":"https:\/\/thinkeduhub.com\/hu\/wp-json\/wp\/v2\/pages\/3238\/revisions\/3260"}],"wp:attachment":[{"href":"https:\/\/thinkeduhub.com\/hu\/wp-json\/wp\/v2\/media?parent=3238"}],"curies":[{"name":"wp","href":"https:\/\/api.w.org\/{rel}","templated":true}]}}