{"id":3477,"date":"2025-11-05T13:48:22","date_gmt":"2025-11-05T13:48:22","guid":{"rendered":"https:\/\/thinkeduhub.com\/?page_id=3477"},"modified":"2025-11-05T13:55:01","modified_gmt":"2025-11-05T13:55:01","slug":"rodjendani","status":"publish","type":"page","link":"https:\/\/thinkeduhub.com\/hu\/rodjendani\/","title":{"rendered":"ro\u0111endani"},"content":{"rendered":"<div class=\"wp-block-group alignwide has-global-padding is-content-justification-center is-layout-constrained wp-block-group-is-layout-constrained\" style=\"margin-bottom:5.5rem\">\n<h2 class=\"wp-block-heading alignwide has-text-align-center has-text-color has-bayon-font-family\" id=\"logiscool-kursevi\" style=\"color:#3f0072;margin-top:0;margin-bottom:0;padding-bottom:0px;font-size:clamp(26.465px, 1.654rem + ((1vw - 3.2px) * 2.106), 45px);letter-spacing:2px;text-transform:uppercase\"><strong>LOGISCool<\/strong><\/h2>\n\n\n\n<h4 class=\"wp-block-heading alignwide has-text-align-center has-text-color has-link-color wp-elements-7a9f4559b611e77d6537cb268375e286\" style=\"color:#000000;margin-top:0;margin-bottom:0\">DIGIT\u00c1LIS \u00cdR\u00c1STUD\u00c1S \u00c9S PROGRAMOZ\u00c1S<\/h4>\n\n\n\n<div class=\"wp-block-group alignwide is-style-default has-background has-small-font-size is-vertical is-content-justification-center is-layout-flex wp-container-core-group-is-layout-d3939954 wp-block-group-is-layout-flex\" style=\"background-color:#10a19e;margin-top:var(--wp--preset--spacing--30);margin-bottom:0;padding-top:0;padding-right:0;padding-bottom:0;padding-left:0\">\n<hr class=\"wp-block-separator alignwide has-text-color has-alpha-channel-opacity has-background is-style-default\" style=\"margin-top:5px;background-color:#10a19e;color:#10a19e\"\/>\n<\/div>\n\n\n\n<div class=\"wp-block-columns alignwide are-vertically-aligned-top is-layout-flex wp-container-core-columns-is-layout-7562474a wp-block-columns-is-layout-flex\" style=\"margin-bottom:50px\">\n<div class=\"wp-block-column is-vertically-aligned-top border-radius: 20px is-layout-flow wp-container-core-column-is-layout-d6743c7d wp-block-column-is-layout-flow\" style=\"box-shadow:none;flex-basis:370px\">\n<div class=\"wp-block-group has-border-color has-background has-global-padding is-layout-constrained wp-block-group-is-layout-constrained\" style=\"border-color:#ff7000;border-width:1px;border-radius:20px;background:linear-gradient(0deg,rgb(63,0,114) 0%,rgb(16,161,158) 72%);min-height:0px\">\n<figure class=\"wp-block-image aligncenter size-full has-custom-border\"><img loading=\"lazy\" decoding=\"async\" width=\"500\" height=\"500\" src=\"https:\/\/thinkeduhub.com\/wp-content\/uploads\/2025\/11\/BIRTHDAY-sr-2025-minecraft.jpg\" alt=\"\" class=\"has-border-color wp-image-3478\" style=\"border-color:#ff7000;border-width:1px;border-top-left-radius:20px;border-top-right-radius:20px;border-bottom-left-radius:20px;border-bottom-right-radius:20px;aspect-ratio:1;object-fit:cover\" srcset=\"https:\/\/thinkeduhub.com\/wp-content\/uploads\/2025\/11\/BIRTHDAY-sr-2025-minecraft.jpg 500w, https:\/\/thinkeduhub.com\/wp-content\/uploads\/2025\/11\/BIRTHDAY-sr-2025-minecraft-300x300.jpg 300w, https:\/\/thinkeduhub.com\/wp-content\/uploads\/2025\/11\/BIRTHDAY-sr-2025-minecraft-150x150.jpg 150w, https:\/\/thinkeduhub.com\/wp-content\/uploads\/2025\/11\/BIRTHDAY-sr-2025-minecraft-12x12.jpg 12w\" sizes=\"auto, (max-width: 500px) 100vw, 500px\" \/><\/figure>\n\n\n\n<h2 class=\"wp-block-heading has-text-align-center has-text-color has-bayon-font-family\" style=\"color:#ffbe00;padding-top:0px;padding-bottom:0px;font-size:clamp(15.747px, 0.984rem + ((1vw - 3.2px) * 0.938), 24px);font-style:normal;font-weight:600;text-transform:uppercase\">MINECRAFT SZ\u00dcLET\u00c9SNAP<\/h2>\n\n\n\n<div class=\"wp-block-buttons is-content-justification-center is-layout-flex wp-container-core-buttons-is-layout-c4520c37 wp-block-buttons-is-layout-flex\" style=\"margin-top:20px;margin-bottom:20px\">\n<div class=\"wp-block-button has-custom-width wp-block-button__width-75 is-style-fill\"><a class=\"wp-block-button__link has-luminous-vivid-amber-to-luminous-vivid-orange-gradient-background has-text-color has-background has-bayon-font-family has-text-align-center has-custom-font-size wp-element-button\" href=\"https:\/\/thinkeduhub.com\/hu\/minecraft-rodjendan\/\" style=\"border-radius:50px;color:#ffffff;padding-top:15px;padding-right:15px;padding-bottom:15px;padding-left:15px;font-size:13px;text-transform:uppercase\">R\u00e9szletek<\/a><\/div>\n<\/div>\n<\/div>\n<\/div>\n\n\n\n<div class=\"wp-block-column is-vertically-aligned-top border-radius: 20px is-layout-flow wp-container-core-column-is-layout-47e5a185 wp-block-column-is-layout-flow\" style=\"box-shadow:none;flex-basis:370px\">\n<div class=\"wp-block-group has-border-color has-background has-global-padding is-layout-constrained wp-block-group-is-layout-constrained\" style=\"border-color:#ff7000;border-width:1px;border-radius:20px;background:linear-gradient(0deg,rgb(63,0,114) 0%,rgb(16,161,158) 72%);min-height:0px\">\n<figure class=\"wp-block-image aligncenter size-full has-custom-border\"><img loading=\"lazy\" decoding=\"async\" width=\"500\" height=\"500\" src=\"https:\/\/thinkeduhub.com\/wp-content\/uploads\/2025\/11\/BIRTHDAY-sr-2025-roblox.jpg\" alt=\"\" class=\"has-border-color wp-image-3479\" style=\"border-color:#ff7000;border-width:1px;border-top-left-radius:20px;border-top-right-radius:20px;border-bottom-left-radius:20px;border-bottom-right-radius:20px;aspect-ratio:1;object-fit:cover\" srcset=\"https:\/\/thinkeduhub.com\/wp-content\/uploads\/2025\/11\/BIRTHDAY-sr-2025-roblox.jpg 500w, https:\/\/thinkeduhub.com\/wp-content\/uploads\/2025\/11\/BIRTHDAY-sr-2025-roblox-300x300.jpg 300w, https:\/\/thinkeduhub.com\/wp-content\/uploads\/2025\/11\/BIRTHDAY-sr-2025-roblox-150x150.jpg 150w, https:\/\/thinkeduhub.com\/wp-content\/uploads\/2025\/11\/BIRTHDAY-sr-2025-roblox-12x12.jpg 12w\" sizes=\"auto, (max-width: 500px) 100vw, 500px\" \/><\/figure>\n\n\n\n<h2 class=\"wp-block-heading has-text-align-center has-text-color has-bayon-font-family\" style=\"color:#ffbe00;padding-top:0px;padding-bottom:0px;font-size:clamp(15.747px, 0.984rem + ((1vw - 3.2px) * 0.938), 24px);font-style:normal;font-weight:600;text-transform:uppercase\">ROBLOX SZ\u00dcLET\u00c9SNAP<\/h2>\n\n\n\n<div class=\"wp-block-buttons is-content-justification-center is-layout-flex wp-container-core-buttons-is-layout-c4520c37 wp-block-buttons-is-layout-flex\" style=\"margin-top:20px;margin-bottom:20px\">\n<div class=\"wp-block-button has-custom-width wp-block-button__width-75 is-style-fill\"><a class=\"wp-block-button__link has-luminous-vivid-amber-to-luminous-vivid-orange-gradient-background has-text-color has-background has-bayon-font-family has-text-align-center has-custom-font-size wp-element-button\" href=\"https:\/\/thinkeduhub.com\/hu\/roblox-rodjendan\/\" style=\"border-radius:50px;color:#ffffff;padding-top:15px;padding-right:15px;padding-bottom:15px;padding-left:15px;font-size:13px;text-transform:uppercase\">R\u00e9szletek<\/a><\/div>\n<\/div>\n<\/div>\n<\/div>\n<\/div>\n<\/div>","protected":false},"excerpt":{"rendered":"<p>LOGISCool DIGITALNA PISMENOST I PROGRAMIRANJE Minecraft ro\u0111endan roblox ro\u0111endan<\/p>","protected":false},"author":2,"featured_media":0,"parent":0,"menu_order":0,"comment_status":"closed","ping_status":"closed","template":"","meta":{"ngg_post_thumbnail":0,"footnotes":""},"class_list":["post-3477","page","type-page","status-publish","hentry"],"_links":{"self":[{"href":"https:\/\/thinkeduhub.com\/hu\/wp-json\/wp\/v2\/pages\/3477","targetHints":{"allow":["GET"]}}],"collection":[{"href":"https:\/\/thinkeduhub.com\/hu\/wp-json\/wp\/v2\/pages"}],"about":[{"href":"https:\/\/thinkeduhub.com\/hu\/wp-json\/wp\/v2\/types\/page"}],"author":[{"embeddable":true,"href":"https:\/\/thinkeduhub.com\/hu\/wp-json\/wp\/v2\/users\/2"}],"replies":[{"embeddable":true,"href":"https:\/\/thinkeduhub.com\/hu\/wp-json\/wp\/v2\/comments?post=3477"}],"version-history":[{"count":3,"href":"https:\/\/thinkeduhub.com\/hu\/wp-json\/wp\/v2\/pages\/3477\/revisions"}],"predecessor-version":[{"id":3487,"href":"https:\/\/thinkeduhub.com\/hu\/wp-json\/wp\/v2\/pages\/3477\/revisions\/3487"}],"wp:attachment":[{"href":"https:\/\/thinkeduhub.com\/hu\/wp-json\/wp\/v2\/media?parent=3477"}],"curies":[{"name":"wp","href":"https:\/\/api.w.org\/{rel}","templated":true}]}}