{"id":3482,"date":"2025-11-05T13:53:16","date_gmt":"2025-11-05T13:53:16","guid":{"rendered":"https:\/\/thinkeduhub.com\/?page_id=3482"},"modified":"2025-11-05T15:50:27","modified_gmt":"2025-11-05T15:50:27","slug":"minecraft-rodjendan","status":"publish","type":"page","link":"https:\/\/thinkeduhub.com\/hu\/minecraft-rodjendan\/","title":{"rendered":"minecraft ro\u0111endan"},"content":{"rendered":"<div class=\"wp-block-cover alignfull has-parallax\" style=\"padding-top:2%\"><div class=\"wp-block-cover__image-background wp-image-1154 has-parallax\" style=\"background-position:50% 50%;background-image:url(https:\/\/thinkeduhub.com\/wp-content\/uploads\/2024\/08\/honlap-hatter-1-1.jpg)\"><\/div><span aria-hidden=\"true\" class=\"wp-block-cover__background has-background-dim-0 has-background-dim\" style=\"background-color:#440165\"><\/span><div class=\"wp-block-cover__inner-container has-global-padding is-layout-constrained wp-container-core-cover-is-layout-ee51f2d2 wp-block-cover-is-layout-constrained\">\n<h2 class=\"wp-block-heading has-text-align-center has-text-color\" style=\"color:#ffffff;margin-top:0rem;margin-bottom:1.01rem;font-size:clamp(2.2rem, 2.2rem + ((1vw - 0.2rem) * 3.273), 4rem);font-style:normal;font-weight:600;line-height:1;text-transform:capitalize\">MINECRAFT SZ\u00dcLET\u00c9SNAP<\/h2>\n<\/div><\/div>\n\n\n\n<div class=\"wp-block-columns alignwide is-layout-flex wp-container-core-columns-is-layout-b161f2b0 wp-block-columns-is-layout-flex\" style=\"border-top-left-radius:0px;border-top-right-radius:0px;border-bottom-left-radius:0px;border-bottom-right-radius:0px;border-bottom-color:#ffffff;border-bottom-width:1px;margin-top:0px;margin-bottom:70px;padding-top:0;padding-right:0rem;padding-bottom:0;padding-left:0rem;box-shadow:none\">\n<div class=\"wp-block-column is-vertically-aligned-center is-layout-flow wp-container-core-column-is-layout-525ade0e wp-block-column-is-layout-flow\" style=\"border-style:none;border-width:0px;padding-top:var(--wp--preset--spacing--70);padding-right:0;padding-bottom:0;padding-left:0;flex-basis:60%\">\n<div class=\"wp-block-group has-global-padding is-layout-constrained wp-container-core-group-is-layout-a1458d1d wp-block-group-is-layout-constrained\">\n<h3 class=\"wp-block-heading has-text-align-center has-text-color\" style=\"color:#3f0072;margin-top:0.5rem;margin-bottom:1.01rem;font-size:clamp(1.502rem, 1.502rem + ((1vw - 0.2rem) * 1.815), 2.5rem);font-style:normal;font-weight:600;letter-spacing:0px;line-height:1.3;text-transform:none\">Minecraft-sz\u00fclinap a THINK-ben \u2013 h\u00e1rom \u00f3ra tele kalanddal \u00e9s sz\u00f3rakoz\u00e1ssal<\/h3>\n\n\n\n<p class=\"has-text-align-left has-text-color\" style=\"color:#03081e;margin-top:0rem;font-size:clamp(0.875rem, 0.875rem + ((1vw - 0.2rem) * 0.773), 1.3rem);font-style:normal;font-weight:400;line-height:1.5\">Ha a gyermeked rajong a Minecraft\u00e9rt, ez lesz az a sz\u00fclet\u00e9snap, amire sok\u00e1ig eml\u00e9kezni fog. Az Edukativni centar THINK egyedi, teljesen tematikus programot szervez 7 \u00e9s 12 \u00e9v k\u00f6z\u00f6tti gyerekeknek, legfeljebb 20 f\u0151s csoportban.<\/p>\n<\/div>\n\n\n\n<figure class=\"wp-block-image aligncenter size-full is-resized has-custom-border is-style-default\" style=\"margin-top:var(--wp--preset--spacing--40);margin-bottom:0\"><img loading=\"lazy\" decoding=\"async\" width=\"500\" height=\"500\" src=\"https:\/\/thinkeduhub.com\/wp-content\/uploads\/2025\/11\/BIRTHDAY-sr-2025-minecraft-1.jpg\" alt=\"\" class=\"wp-image-3498\" style=\"border-radius:20px;width:400px\" srcset=\"https:\/\/thinkeduhub.com\/wp-content\/uploads\/2025\/11\/BIRTHDAY-sr-2025-minecraft-1.jpg 500w, https:\/\/thinkeduhub.com\/wp-content\/uploads\/2025\/11\/BIRTHDAY-sr-2025-minecraft-1-300x300.jpg 300w, https:\/\/thinkeduhub.com\/wp-content\/uploads\/2025\/11\/BIRTHDAY-sr-2025-minecraft-1-150x150.jpg 150w, https:\/\/thinkeduhub.com\/wp-content\/uploads\/2025\/11\/BIRTHDAY-sr-2025-minecraft-1-12x12.jpg 12w\" sizes=\"auto, (max-width: 500px) 100vw, 500px\" \/><\/figure>\n\n\n\n<div class=\"wp-block-group has-global-padding is-layout-constrained wp-container-core-group-is-layout-a1458d1d wp-block-group-is-layout-constrained\">\n<p class=\"has-text-align-left has-text-color\" style=\"color:#03081e;margin-top:0.6rem;margin-bottom:75px;font-size:clamp(0.875rem, 0.875rem + ((1vw - 0.2rem) * 0.773), 1.3rem);font-style:normal;font-weight:400;line-height:1.5\">Minden r\u00e9szlet \u2013 a dekor\u00e1ci\u00f3t\u00f3l \u00e9s j\u00e1t\u00e9kokt\u00f3l kezdve a vend\u00e9gl\u00e1t\u00e1sig \u2013 \u00fagy van megtervezve, hogy a gyerekek \u00fagy \u00e9rezz\u00e9k, mintha val\u00f3ban bel\u00e9ptek volna a Minecraft vil\u00e1g\u00e1ba.<\/p>\n<\/div>\n<\/div>\n\n\n\n<div class=\"wp-block-column is-vertically-aligned-center has-global-padding is-content-justification-center is-layout-constrained wp-container-core-column-is-layout-ae48c562 wp-block-column-is-layout-constrained\" style=\"padding-top:0;padding-right:0rem;padding-bottom:0;padding-left:0;flex-basis:40%\">\n<div class=\"wp-block-group is-style-default has-global-padding is-content-justification-center is-layout-constrained wp-container-core-group-is-layout-e46d1308 wp-block-group-is-layout-constrained\" style=\"border-radius:20px;margin-top:0px;padding-top:0px;padding-right:0px;padding-bottom:0px;padding-left:0px\">\n<div class=\"wp-block-group has-border-color has-text-color has-background has-link-color wp-elements-715e4eaa7382e142fce9b855e8189153 has-global-padding is-layout-constrained wp-container-core-group-is-layout-9e9be3cb wp-block-group-is-layout-constrained\" style=\"border-color:#ffffff;border-width:1px;border-radius:20px;color:#ffffff;background-color:#10a19e;padding-top:var(--wp--preset--spacing--20);padding-right:var(--wp--preset--spacing--20);padding-bottom:var(--wp--preset--spacing--20);padding-left:var(--wp--preset--spacing--20)\">\n<p class=\"has-text-align-center has-text-color has-link-color wp-elements-7881c467c04b4b5b8207defc93342151\" style=\"color:#ffffff;margin-top:0;margin-right:0;margin-bottom:0;margin-left:0;font-size:clamp(16.293px, 1.018rem + ((1vw - 3.2px) * 0.989), 25px);font-style:normal;font-weight:700\">Alapvet\u0151 inform\u00e1ci\u00f3k<\/p>\n<\/div>\n\n\n\n<div class=\"wp-block-group has-border-color has-text-color has-background has-link-color wp-elements-1c27ed62850255ff2b810d7cf4291f6b has-global-padding is-layout-constrained wp-container-core-group-is-layout-9e9be3cb wp-block-group-is-layout-constrained\" style=\"border-color:#ffbe00;border-width:1px;border-radius:20px;color:#ffffff;background-color:#3f0073;padding-top:var(--wp--preset--spacing--20);padding-right:var(--wp--preset--spacing--20);padding-bottom:var(--wp--preset--spacing--20);padding-left:var(--wp--preset--spacing--20)\">\n<p class=\"has-text-align-center has-text-color has-link-color wp-elements-8d75bd178ed20e619ae88ecbf878c34d\" style=\"color:#ffffff;margin-top:0;margin-right:0;margin-bottom:0;margin-left:0;font-size:13px;font-style:normal;font-weight:500\">Helyis\u00e9g<\/p>\n\n\n\n<div class=\"wp-block-group is-vertical is-content-justification-center is-layout-flex wp-container-core-group-is-layout-1eeb43da wp-block-group-is-layout-flex\" style=\"margin-top:0;margin-bottom:0;padding-top:0;padding-bottom:0\">\n<hr class=\"wp-block-separator has-text-color has-alpha-channel-opacity has-background is-style-default\" style=\"background-color:#ffbe00;color:#ffbe00\"\/>\n<\/div>\n\n\n\n<p class=\"has-text-align-center has-text-color has-link-color wp-elements-077d0875561bc2b7da12ef56a051dbb4\" style=\"color:#ffffff;margin-top:0;margin-right:0;margin-bottom:0;margin-left:0;font-size:clamp(14px, 0.875rem + ((1vw - 3.2px) * 0.682), 20px);font-style:normal;font-weight:500\">Edukativni centar THINK, Szabadka<\/p>\n<\/div>\n\n\n\n<div class=\"wp-block-group has-border-color has-text-color has-background has-link-color wp-elements-811e76de861668b69373dbe6ca9ea744 has-global-padding is-layout-constrained wp-container-core-group-is-layout-9e9be3cb wp-block-group-is-layout-constrained\" style=\"border-color:#ffbe00;border-width:1px;border-radius:20px;color:#ffffff;background-color:#3f0073;padding-top:var(--wp--preset--spacing--20);padding-right:var(--wp--preset--spacing--20);padding-bottom:var(--wp--preset--spacing--20);padding-left:var(--wp--preset--spacing--20)\">\n<p class=\"has-text-align-center has-text-color has-link-color wp-elements-8eefa621a88fbc5cb9f6ee53b338217c\" style=\"color:#ffffff;margin-top:0;margin-right:0;margin-bottom:0;margin-left:0;font-size:13px;font-style:normal;font-weight:500\">\u00edd\u0151tartam<\/p>\n\n\n\n<div class=\"wp-block-group is-vertical is-content-justification-center is-layout-flex wp-container-core-group-is-layout-1eeb43da wp-block-group-is-layout-flex\" style=\"margin-top:0;margin-bottom:0;padding-top:0;padding-bottom:0\">\n<hr class=\"wp-block-separator has-text-color has-alpha-channel-opacity has-background is-style-default\" style=\"background-color:#ffbe00;color:#ffbe00\"\/>\n<\/div>\n\n\n\n<p class=\"has-text-align-center has-text-color has-link-color wp-elements-c983c442946376b35a22b2d036558cbd\" style=\"color:#ffffff;margin-top:0;margin-right:0;margin-bottom:0;margin-left:0;font-size:clamp(14px, 0.875rem + ((1vw - 3.2px) * 0.682), 20px);font-style:normal;font-weight:500\">3 \u00f3ra<\/p>\n<\/div>\n\n\n\n<div class=\"wp-block-group has-border-color has-text-color has-background has-link-color wp-elements-78fcd5b5c514304210e2a7cf102c96f6 has-global-padding is-layout-constrained wp-container-core-group-is-layout-9e9be3cb wp-block-group-is-layout-constrained\" style=\"border-color:#ffbe00;border-width:1px;border-radius:20px;color:#ffffff;background-color:#3f0073;padding-top:var(--wp--preset--spacing--20);padding-right:var(--wp--preset--spacing--20);padding-bottom:var(--wp--preset--spacing--20);padding-left:var(--wp--preset--spacing--20)\">\n<p class=\"has-text-align-center has-text-color has-link-color wp-elements-11b7da3d18eb085b84771163d5624c68\" style=\"color:#ffffff;margin-top:0;margin-right:0;margin-bottom:0;margin-left:0;font-size:13px;font-style:normal;font-weight:500\">Gyerekek sz\u00e1ma<\/p>\n\n\n\n<div class=\"wp-block-group is-vertical is-content-justification-center is-layout-flex wp-container-core-group-is-layout-1eeb43da wp-block-group-is-layout-flex\" style=\"margin-top:0;margin-bottom:0;padding-top:0;padding-bottom:0\">\n<hr class=\"wp-block-separator has-text-color has-alpha-channel-opacity has-background is-style-default\" style=\"background-color:#ffbe00;color:#ffbe00\"\/>\n<\/div>\n\n\n\n<p class=\"has-text-align-center has-text-color has-link-color wp-elements-0bb08be56c23bb5e919319bef6977d0a\" style=\"color:#ffffff;margin-top:0;margin-right:0;margin-bottom:0;margin-left:0;font-size:clamp(14px, 0.875rem + ((1vw - 3.2px) * 0.682), 20px);font-style:normal;font-weight:500\">Legfeljebb 20 gyermek sz\u00e1m\u00e1ra<\/p>\n<\/div>\n\n\n\n<div class=\"wp-block-group has-border-color has-text-color has-background has-link-color wp-elements-7a953ad8a0d61d55d4f416c9eb1e20fc has-global-padding is-layout-constrained wp-container-core-group-is-layout-9e9be3cb wp-block-group-is-layout-constrained\" style=\"border-color:#ffbe00;border-width:1px;border-radius:20px;color:#ffffff;background-color:#3f0073;padding-top:var(--wp--preset--spacing--20);padding-right:var(--wp--preset--spacing--20);padding-bottom:var(--wp--preset--spacing--20);padding-left:var(--wp--preset--spacing--20)\">\n<p class=\"has-text-align-center has-text-color has-link-color wp-elements-41fc1bda9cbfaa00817994cd773d58b4\" style=\"color:#ffffff;margin-top:0;margin-right:0;margin-bottom:0;margin-left:0;font-size:13px;font-style:normal;font-weight:500\">El\u0151felt\u00e9tel<\/p>\n\n\n\n<div class=\"wp-block-group is-vertical is-content-justification-center is-layout-flex wp-container-core-group-is-layout-1eeb43da wp-block-group-is-layout-flex\" style=\"margin-top:0;margin-bottom:0;padding-top:0;padding-bottom:0\">\n<hr class=\"wp-block-separator has-text-color has-alpha-channel-opacity has-background is-style-default\" style=\"background-color:#ffbe00;color:#ffbe00\"\/>\n<\/div>\n\n\n\n<p class=\"has-text-align-center has-text-color has-link-color wp-elements-6432b0f2844ea95d2b8ab5665a3e3860\" style=\"color:#ffffff;margin-top:0;margin-right:0;margin-bottom:0;margin-left:0;font-size:clamp(14px, 0.875rem + ((1vw - 3.2px) * 0.682), 20px);font-style:normal;font-weight:500\">Nincs<\/p>\n<\/div>\n\n\n\n<div class=\"wp-block-group has-border-color has-text-color has-background has-link-color wp-elements-e53f8bdfa5857e63e1059e42f0c71282 has-global-padding is-layout-constrained wp-container-core-group-is-layout-9e9be3cb wp-block-group-is-layout-constrained\" style=\"border-color:#ffbe00;border-width:1px;border-radius:20px;color:#ffffff;background-color:#3f0073;padding-top:var(--wp--preset--spacing--20);padding-right:var(--wp--preset--spacing--20);padding-bottom:var(--wp--preset--spacing--20);padding-left:var(--wp--preset--spacing--20)\">\n<p class=\"has-text-align-center has-text-color has-link-color wp-elements-098d6a9cb88b7b01e14fef1d6e7314ee\" style=\"color:#ffffff;margin-top:0;margin-right:0;margin-bottom:0;margin-left:0;font-size:13px;font-style:normal;font-weight:500\">Koroszt\u00e1ly<\/p>\n\n\n\n<div class=\"wp-block-group is-vertical is-content-justification-center is-layout-flex wp-container-core-group-is-layout-1eeb43da wp-block-group-is-layout-flex\" style=\"margin-top:0;margin-bottom:0;padding-top:0;padding-bottom:0\">\n<hr class=\"wp-block-separator has-text-color has-alpha-channel-opacity has-background is-style-default\" style=\"background-color:#ffbe00;color:#ffbe00\"\/>\n<\/div>\n\n\n\n<p class=\"has-text-align-center has-text-color has-link-color wp-elements-e388e113b7b481c10c19dd9bed71be79\" style=\"color:#ffffff;margin-top:0;margin-right:0;margin-bottom:0;margin-left:0;font-size:clamp(14px, 0.875rem + ((1vw - 3.2px) * 0.682), 20px);font-style:normal;font-weight:500\">7 \u00e9s 12 \u00e9v k\u00f6z\u00f6tti gyerekeknek<\/p>\n<\/div>\n<\/div>\n<\/div>\n<\/div>\n\n\n\n<div class=\"wp-block-cover alignfull has-parallax\" style=\"margin-top:0;margin-bottom:0;padding-top:6%\"><div class=\"wp-block-cover__image-background wp-image-1154 has-parallax\" style=\"background-position:50% 50%;background-image:url(https:\/\/thinkeduhub.com\/wp-content\/uploads\/2024\/08\/honlap-hatter-1-1.jpg)\"><\/div><span aria-hidden=\"true\" class=\"wp-block-cover__background has-background-dim-0 has-background-dim\" style=\"background-color:#440165\"><\/span><div class=\"wp-block-cover__inner-container has-global-padding is-layout-constrained wp-container-core-cover-is-layout-f195bcb6 wp-block-cover-is-layout-constrained\">\n<div class=\"wp-block-group alignfull has-global-padding is-layout-constrained wp-container-core-group-is-layout-d61ca039 wp-block-group-is-layout-constrained\" style=\"margin-top:75px;margin-bottom:130px;padding-right:0;padding-left:0\">\n<h2 class=\"wp-block-heading has-text-align-center has-text-color has-link-color wp-elements-0f3970de7f7b3ae49f9ee80dd9387125\" style=\"color:#ffffff;font-size:clamp(31.152px, 1.947rem + ((1vw - 3.2px) * 2.71), 55px);font-style:normal;font-weight:600\">Alapvet\u0151 jellemz\u0151k<\/h2>\n\n\n\n<div class=\"wp-block-group is-vertical is-content-justification-center is-layout-flex wp-container-core-group-is-layout-21d58805 wp-block-group-is-layout-flex\" style=\"margin-top:0;margin-bottom:var(--wp--preset--spacing--60);padding-top:0;padding-bottom:0\">\n<hr class=\"wp-block-separator has-text-color has-alpha-channel-opacity has-background wp-container-content-4daaf377\" style=\"margin-top:8px;margin-bottom:15px;background-color:#10a19e;color:#10a19e\"\/>\n<\/div>\n\n\n\n<div class=\"wp-block-group has-border-color has-background has-global-padding is-layout-constrained wp-container-core-group-is-layout-3a40a2e5 wp-block-group-is-layout-constrained\" style=\"border-color:#10a19e;border-width:3px;border-radius:20px;background-color:#3f0072;margin-top:0px;padding-top:30px;padding-right:30px;padding-bottom:30px;padding-left:30px\">\n<p class=\"has-text-align-left has-text-color has-link-color wp-elements-7b5a56af7e505bdb44adfcf9c4741ced\" style=\"color:#ffffff;font-style:normal;font-weight:500\"><strong>A sz\u00fclet\u00e9snap tartalmazza:<\/strong><\/p>\n\n\n\n<p class=\"has-text-color has-link-color wp-elements-1f9e25437e02092c8b41c19a5520685e\" style=\"color:#ffffff;font-style:normal;font-weight:500\">\u25b6\ufe0f Egy Minecraft-m\u0171helyt, ahol a gyerekek \u00e9p\u00edtenek, felfedeznek \u00e9s csapatban oldanak meg feladatokat.<\/p>\n\n\n\n<p class=\"has-text-color has-link-color wp-elements-514331a9eafd027db678f667278478e3\" style=\"color:#ffffff;font-style:normal;font-weight:500\">\u25b6\ufe0f T\u00e9m\u00e1j\u00fa snack-k\u00edn\u00e1lat kreat\u00edv \u201efalatokkal \u00e9s blokkokkal\u201c, amelyek a j\u00e1t\u00e9k n\u00e9pszer\u0171 elemeib\u0151l inspir\u00e1l\u00f3dtak \u2013 sz\u00f3rakoztat\u00f3, \u00edzletes \u00e9s k\u00fcl\u00f6nleges.<\/p>\n\n\n\n<p class=\"has-text-color has-link-color wp-elements-4dbf535920910986cf793ed7631783b9\" style=\"color:#ffffff;font-style:normal;font-weight:500\">\u25b6\ufe0f Minecraft-st\u00edlus\u00fa fot\u00f3sarkok, amelyek mintha a j\u00e1t\u00e9k egyik jelenet\u00e9b\u0151l l\u00e9ptek volna el\u0151 \u2013 t\u00f6k\u00e9letesek f\u00e9nyk\u00e9pez\u00e9sre \u00e9s maradand\u00f3 eml\u00e9kek k\u00e9sz\u00edt\u00e9s\u00e9re a sz\u00fclinapos sz\u00e1m\u00e1ra.<\/p>\n\n\n\n<p class=\"has-text-color has-link-color wp-elements-93a5c95eead418d3110e5cb43ef27b32\" style=\"color:#ffffff;font-style:normal;font-weight:500\">\u25b6\ufe0f Minecraft kv\u00edzek \u00e9s kih\u00edv\u00e1sok, amelyek \u00f6szt\u00f6nzik a versenyszellemet, a logikus gondolkod\u00e1st \u00e9s a csapatmunk\u00e1t.<\/p>\n\n\n\n<p class=\"has-text-color has-link-color wp-elements-583b4130245c86c3f010599800e0c801\" style=\"color:#ffffff;font-style:normal;font-weight:500\">\u25b6\ufe0f A terem dekor\u00e1ci\u00f3ja teljes eg\u00e9sz\u00e9ben a Minecraft t\u00e9m\u00e1ra \u00e9p\u00fcl \u2013 a lufikt\u00f3l \u00e9s h\u00e1tt\u00e9rk\u00e9pekt\u0151l kezdve a r\u00e9szletekig, amelyek megteremtik a j\u00e1t\u00e9k var\u00e1zslatos hangulat\u00e1t.<\/p>\n<\/div>\n<\/div>\n<\/div><\/div>\n\n\n\n<div class=\"wp-block-group alignwide has-global-padding is-layout-constrained wp-block-group-is-layout-constrained\" style=\"margin-bottom:100px\">\n<h2 class=\"wp-block-heading has-text-align-center has-text-color has-link-color wp-elements-3922ec654145cb683d584401e9bb34b3\" style=\"color:#3f0072;font-size:clamp(31.152px, 1.947rem + ((1vw - 3.2px) * 2.71), 55px);font-style:normal;font-weight:600\">Regisztr\u00e1ci\u00f3<\/h2>\n\n\n\n<div class=\"wp-block-group is-vertical is-content-justification-center is-layout-flex wp-container-core-group-is-layout-1eeb43da wp-block-group-is-layout-flex\" style=\"margin-top:0;margin-bottom:0;padding-top:0;padding-bottom:0\">\n<hr class=\"wp-block-separator has-text-color has-alpha-channel-opacity has-background wp-container-content-4daaf377\" style=\"margin-top:8px;margin-bottom:15px;background-color:#10a19e;color:#10a19e\"\/>\n<\/div>\n\n\n\n<h5 class=\"wp-block-heading has-text-align-center has-text-color has-link-color wp-elements-99600274bc00b352ab832a1bd1ea8eb9\" style=\"color:#3f0072\">Foglalj id\u0151pontot id\u0151ben, \u00e9s aj\u00e1nd\u00e9kozd gyermekednek azt a sz\u00fclet\u00e9snapot, amir\u0151l m\u00e9g sok\u00e1ig besz\u00e9lni fognak!<br>A Minecraft vil\u00e1g a csapatotokat v\u00e1rja!<br><br>Email: <br>think.edu.hub.subotica@gmail.com<br><br>Telefonsz\u00e1m:<br>+381 69 625 546<br>+381 69 625 453<br><\/h5>\n<\/div>","protected":false},"excerpt":{"rendered":"<p>Minecraft ro\u0111endan u THINKU \u2013 tri sata prepune zabave Ako tvoje dete obo\u017eava Minecraft, ovo je ro\u0111endan koji \u0107e dugo pamtiti. U Edukativnom centru THINK organizujemo jedinstven, potpuno tematski program osmi\u0161ljen za decu od 7 do 12 godina, u grupi do 20 u\u010desnika. Svaki detalj \u2013 od dekoracije i igara do keteringa \u2013 osmi\u0161ljen je [&hellip;]<\/p>","protected":false},"author":2,"featured_media":0,"parent":0,"menu_order":0,"comment_status":"closed","ping_status":"closed","template":"","meta":{"ngg_post_thumbnail":0,"footnotes":""},"class_list":["post-3482","page","type-page","status-publish","hentry"],"_links":{"self":[{"href":"https:\/\/thinkeduhub.com\/hu\/wp-json\/wp\/v2\/pages\/3482","targetHints":{"allow":["GET"]}}],"collection":[{"href":"https:\/\/thinkeduhub.com\/hu\/wp-json\/wp\/v2\/pages"}],"about":[{"href":"https:\/\/thinkeduhub.com\/hu\/wp-json\/wp\/v2\/types\/page"}],"author":[{"embeddable":true,"href":"https:\/\/thinkeduhub.com\/hu\/wp-json\/wp\/v2\/users\/2"}],"replies":[{"embeddable":true,"href":"https:\/\/thinkeduhub.com\/hu\/wp-json\/wp\/v2\/comments?post=3482"}],"version-history":[{"count":11,"href":"https:\/\/thinkeduhub.com\/hu\/wp-json\/wp\/v2\/pages\/3482\/revisions"}],"predecessor-version":[{"id":3507,"href":"https:\/\/thinkeduhub.com\/hu\/wp-json\/wp\/v2\/pages\/3482\/revisions\/3507"}],"wp:attachment":[{"href":"https:\/\/thinkeduhub.com\/hu\/wp-json\/wp\/v2\/media?parent=3482"}],"curies":[{"name":"wp","href":"https:\/\/api.w.org\/{rel}","templated":true}]}}