{"id":3484,"date":"2025-11-05T13:53:48","date_gmt":"2025-11-05T13:53:48","guid":{"rendered":"https:\/\/thinkeduhub.com\/?page_id=3484"},"modified":"2025-11-05T15:52:52","modified_gmt":"2025-11-05T15:52:52","slug":"roblox-rodjendan","status":"publish","type":"page","link":"https:\/\/thinkeduhub.com\/hu\/roblox-rodjendan\/","title":{"rendered":"Roblox ro\u0111endan"},"content":{"rendered":"<div class=\"wp-block-cover alignfull has-parallax\" style=\"padding-top:2%\"><div class=\"wp-block-cover__image-background wp-image-1154 has-parallax\" style=\"background-position:50% 50%;background-image:url(https:\/\/thinkeduhub.com\/wp-content\/uploads\/2024\/08\/honlap-hatter-1-1.jpg)\"><\/div><span aria-hidden=\"true\" class=\"wp-block-cover__background has-background-dim-0 has-background-dim\" style=\"background-color:#440165\"><\/span><div class=\"wp-block-cover__inner-container has-global-padding is-layout-constrained wp-container-core-cover-is-layout-ee51f2d2 wp-block-cover-is-layout-constrained\">\n<h2 class=\"wp-block-heading has-text-align-center has-text-color\" style=\"color:#ffffff;margin-top:0rem;margin-bottom:1.01rem;font-size:clamp(2.2rem, 2.2rem + ((1vw - 0.2rem) * 3.273), 4rem);font-style:normal;font-weight:600;line-height:1;text-transform:capitalize\">ROBLOX sz\u00fclet\u00e9snap<\/h2>\n<\/div><\/div>\n\n\n\n<div class=\"wp-block-columns alignwide is-layout-flex wp-container-core-columns-is-layout-b161f2b0 wp-block-columns-is-layout-flex\" style=\"border-top-left-radius:0px;border-top-right-radius:0px;border-bottom-left-radius:0px;border-bottom-right-radius:0px;border-bottom-color:#ffffff;border-bottom-width:1px;margin-top:0px;margin-bottom:70px;padding-top:0;padding-right:0rem;padding-bottom:0;padding-left:0rem;box-shadow:none\">\n<div class=\"wp-block-column is-vertically-aligned-center is-layout-flow wp-container-core-column-is-layout-525ade0e wp-block-column-is-layout-flow\" style=\"border-style:none;border-width:0px;padding-top:var(--wp--preset--spacing--70);padding-right:0;padding-bottom:0;padding-left:0;flex-basis:60%\">\n<div class=\"wp-block-group has-global-padding is-layout-constrained wp-container-core-group-is-layout-a1458d1d wp-block-group-is-layout-constrained\">\n<h3 class=\"wp-block-heading has-text-align-center has-text-color\" style=\"color:#3f0072;margin-top:0.5rem;margin-bottom:1.01rem;font-size:clamp(1.502rem, 1.502rem + ((1vw - 0.2rem) * 1.815), 2.5rem);font-style:normal;font-weight:600;letter-spacing:0px;line-height:1.3;text-transform:none\">Roblox-sz\u00fclinap a THINK-ben \u2013 h\u00e1rom \u00f3ra tele kalanddal \u00e9s sz\u00f3rakoz\u00e1ssal<\/h3>\n\n\n\n<p class=\"has-text-align-left has-text-color translation-block\" style=\"color:#03081e;margin-top:0rem;font-size:clamp(0.875rem, 0.875rem + ((1vw - 0.2rem) * 0.773), 1.3rem);font-style:normal;font-weight:400;line-height:1.5\">Ha a gyereked szereti a Robloxot, ez lesz sz\u00e1m\u00e1ra az \u00e1lomsz\u00fclinap!\nAz Edukativni centar THINK egyedi, Roblox t\u00e9m\u00e1j\u00fa sz\u00fclet\u00e9snapot szervez 7 \u00e9s 12 \u00e9v k\u00f6z\u00f6tti gyerekeknek, legfeljebb 20 f\u0151s csoportban.<\/p>\n<\/div>\n\n\n\n<figure class=\"wp-block-image aligncenter size-full is-resized has-custom-border is-style-default\" style=\"margin-top:var(--wp--preset--spacing--40);margin-bottom:0\"><img loading=\"lazy\" decoding=\"async\" width=\"500\" height=\"500\" src=\"https:\/\/thinkeduhub.com\/wp-content\/uploads\/2025\/11\/BIRTHDAY-sr-2025-roblox-1.jpg\" alt=\"\" class=\"wp-image-3501\" style=\"border-radius:20px;object-fit:cover;width:430px;height:auto\" srcset=\"https:\/\/thinkeduhub.com\/wp-content\/uploads\/2025\/11\/BIRTHDAY-sr-2025-roblox-1.jpg 500w, https:\/\/thinkeduhub.com\/wp-content\/uploads\/2025\/11\/BIRTHDAY-sr-2025-roblox-1-300x300.jpg 300w, https:\/\/thinkeduhub.com\/wp-content\/uploads\/2025\/11\/BIRTHDAY-sr-2025-roblox-1-150x150.jpg 150w, https:\/\/thinkeduhub.com\/wp-content\/uploads\/2025\/11\/BIRTHDAY-sr-2025-roblox-1-12x12.jpg 12w\" sizes=\"auto, (max-width: 500px) 100vw, 500px\" \/><\/figure>\n\n\n\n<div class=\"wp-block-group has-global-padding is-layout-constrained wp-container-core-group-is-layout-a1458d1d wp-block-group-is-layout-constrained\">\n<p class=\"has-text-align-left has-text-color translation-block\" style=\"color:#03081e;margin-top:0.6rem;margin-bottom:75px;font-size:clamp(0.875rem, 0.875rem + ((1vw - 0.2rem) * 0.773), 1.3rem);font-style:normal;font-weight:400;line-height:1.5\">A program minden r\u00e9szlete \u2013 a j\u00e1t\u00e9kokt\u00f3l \u00e9s kih\u00edv\u00e1sokt\u00f3l kezdve eg\u00e9szen a dekor\u00e1ci\u00f3ig \u00e9s a vend\u00e9gl\u00e1t\u00e1sig \u2013 \u00fagy van megtervezve, hogy a gyerekek \u00fagy \u00e9rezz\u00e9k, mintha val\u00f3ban bel\u00e9ptek volna a Roblox vil\u00e1g\u00e1ba.\nA program h\u00e1rom \u00f3r\u00e1n \u00e1t tart, \u00e9s \u00fagy lett kialak\u00edtva, hogy a gyerekek folyamatosan mozogjanak, j\u00e1t\u00e9k k\u00f6zben fejlessz\u00e9k fant\u00e1zi\u00e1jukat \u00e9s logikus gondolkod\u00e1sukat, mik\u00f6zben \u00e9lvezik a k\u00f6z\u00f6s j\u00e1t\u00e9kot \u00e9s a nevet\u00e9st.\nAnim\u00e1torcsapatunk gondoskodik r\u00f3la, hogy minden tev\u00e9kenys\u00e9g lend\u00fcletes, biztons\u00e1gos \u00e9s a r\u00e9sztvev\u0151k \u00e9letkor\u00e1hoz igaz\u00edtott legyen.<\/p>\n<\/div>\n<\/div>\n\n\n\n<div class=\"wp-block-column is-vertically-aligned-center has-global-padding is-content-justification-center is-layout-constrained wp-container-core-column-is-layout-ae48c562 wp-block-column-is-layout-constrained\" style=\"padding-top:0;padding-right:0rem;padding-bottom:0;padding-left:0;flex-basis:40%\">\n<div class=\"wp-block-group is-style-default has-global-padding is-content-justification-center is-layout-constrained wp-container-core-group-is-layout-e46d1308 wp-block-group-is-layout-constrained\" style=\"border-radius:20px;margin-top:0px;padding-top:0px;padding-right:0px;padding-bottom:0px;padding-left:0px\">\n<div class=\"wp-block-group has-border-color has-text-color has-background has-link-color wp-elements-715e4eaa7382e142fce9b855e8189153 has-global-padding is-layout-constrained wp-container-core-group-is-layout-9e9be3cb wp-block-group-is-layout-constrained\" style=\"border-color:#ffffff;border-width:1px;border-radius:20px;color:#ffffff;background-color:#10a19e;padding-top:var(--wp--preset--spacing--20);padding-right:var(--wp--preset--spacing--20);padding-bottom:var(--wp--preset--spacing--20);padding-left:var(--wp--preset--spacing--20)\">\n<p class=\"has-text-align-center has-text-color has-link-color wp-elements-7881c467c04b4b5b8207defc93342151\" style=\"color:#ffffff;margin-top:0;margin-right:0;margin-bottom:0;margin-left:0;font-size:clamp(16.293px, 1.018rem + ((1vw - 3.2px) * 0.989), 25px);font-style:normal;font-weight:700\">Alapvet\u0151 inform\u00e1ci\u00f3k<\/p>\n<\/div>\n\n\n\n<div class=\"wp-block-group has-border-color has-text-color has-background has-link-color wp-elements-1c27ed62850255ff2b810d7cf4291f6b has-global-padding is-layout-constrained wp-container-core-group-is-layout-9e9be3cb wp-block-group-is-layout-constrained\" style=\"border-color:#ffbe00;border-width:1px;border-radius:20px;color:#ffffff;background-color:#3f0073;padding-top:var(--wp--preset--spacing--20);padding-right:var(--wp--preset--spacing--20);padding-bottom:var(--wp--preset--spacing--20);padding-left:var(--wp--preset--spacing--20)\">\n<p class=\"has-text-align-center has-text-color has-link-color wp-elements-8d75bd178ed20e619ae88ecbf878c34d\" style=\"color:#ffffff;margin-top:0;margin-right:0;margin-bottom:0;margin-left:0;font-size:13px;font-style:normal;font-weight:500\">Helyis\u00e9g<\/p>\n\n\n\n<div class=\"wp-block-group is-vertical is-content-justification-center is-layout-flex wp-container-core-group-is-layout-1eeb43da wp-block-group-is-layout-flex\" style=\"margin-top:0;margin-bottom:0;padding-top:0;padding-bottom:0\">\n<hr class=\"wp-block-separator has-text-color has-alpha-channel-opacity has-background is-style-default\" style=\"background-color:#ffbe00;color:#ffbe00\"\/>\n<\/div>\n\n\n\n<p class=\"has-text-align-center has-text-color has-link-color wp-elements-077d0875561bc2b7da12ef56a051dbb4\" style=\"color:#ffffff;margin-top:0;margin-right:0;margin-bottom:0;margin-left:0;font-size:clamp(14px, 0.875rem + ((1vw - 3.2px) * 0.682), 20px);font-style:normal;font-weight:500\">Edukativni centar THINK, Szabadka<\/p>\n<\/div>\n\n\n\n<div class=\"wp-block-group has-border-color has-text-color has-background has-link-color wp-elements-811e76de861668b69373dbe6ca9ea744 has-global-padding is-layout-constrained wp-container-core-group-is-layout-9e9be3cb wp-block-group-is-layout-constrained\" style=\"border-color:#ffbe00;border-width:1px;border-radius:20px;color:#ffffff;background-color:#3f0073;padding-top:var(--wp--preset--spacing--20);padding-right:var(--wp--preset--spacing--20);padding-bottom:var(--wp--preset--spacing--20);padding-left:var(--wp--preset--spacing--20)\">\n<p class=\"has-text-align-center has-text-color has-link-color wp-elements-8eefa621a88fbc5cb9f6ee53b338217c\" style=\"color:#ffffff;margin-top:0;margin-right:0;margin-bottom:0;margin-left:0;font-size:13px;font-style:normal;font-weight:500\">\u00edd\u0151tartam<\/p>\n\n\n\n<div class=\"wp-block-group is-vertical is-content-justification-center is-layout-flex wp-container-core-group-is-layout-1eeb43da wp-block-group-is-layout-flex\" style=\"margin-top:0;margin-bottom:0;padding-top:0;padding-bottom:0\">\n<hr class=\"wp-block-separator has-text-color has-alpha-channel-opacity has-background is-style-default\" style=\"background-color:#ffbe00;color:#ffbe00\"\/>\n<\/div>\n\n\n\n<p class=\"has-text-align-center has-text-color has-link-color wp-elements-c983c442946376b35a22b2d036558cbd\" style=\"color:#ffffff;margin-top:0;margin-right:0;margin-bottom:0;margin-left:0;font-size:clamp(14px, 0.875rem + ((1vw - 3.2px) * 0.682), 20px);font-style:normal;font-weight:500\">3 \u00f3ra<\/p>\n<\/div>\n\n\n\n<div class=\"wp-block-group has-border-color has-text-color has-background has-link-color wp-elements-78fcd5b5c514304210e2a7cf102c96f6 has-global-padding is-layout-constrained wp-container-core-group-is-layout-9e9be3cb wp-block-group-is-layout-constrained\" style=\"border-color:#ffbe00;border-width:1px;border-radius:20px;color:#ffffff;background-color:#3f0073;padding-top:var(--wp--preset--spacing--20);padding-right:var(--wp--preset--spacing--20);padding-bottom:var(--wp--preset--spacing--20);padding-left:var(--wp--preset--spacing--20)\">\n<p class=\"has-text-align-center has-text-color has-link-color wp-elements-11b7da3d18eb085b84771163d5624c68\" style=\"color:#ffffff;margin-top:0;margin-right:0;margin-bottom:0;margin-left:0;font-size:13px;font-style:normal;font-weight:500\">Gyerekek sz\u00e1ma<\/p>\n\n\n\n<div class=\"wp-block-group is-vertical is-content-justification-center is-layout-flex wp-container-core-group-is-layout-1eeb43da wp-block-group-is-layout-flex\" style=\"margin-top:0;margin-bottom:0;padding-top:0;padding-bottom:0\">\n<hr class=\"wp-block-separator has-text-color has-alpha-channel-opacity has-background is-style-default\" style=\"background-color:#ffbe00;color:#ffbe00\"\/>\n<\/div>\n\n\n\n<p class=\"has-text-align-center has-text-color has-link-color wp-elements-0bb08be56c23bb5e919319bef6977d0a\" style=\"color:#ffffff;margin-top:0;margin-right:0;margin-bottom:0;margin-left:0;font-size:clamp(14px, 0.875rem + ((1vw - 3.2px) * 0.682), 20px);font-style:normal;font-weight:500\">Legfeljebb 20 gyermek sz\u00e1m\u00e1ra<\/p>\n<\/div>\n\n\n\n<div class=\"wp-block-group has-border-color has-text-color has-background has-link-color wp-elements-7a953ad8a0d61d55d4f416c9eb1e20fc has-global-padding is-layout-constrained wp-container-core-group-is-layout-9e9be3cb wp-block-group-is-layout-constrained\" style=\"border-color:#ffbe00;border-width:1px;border-radius:20px;color:#ffffff;background-color:#3f0073;padding-top:var(--wp--preset--spacing--20);padding-right:var(--wp--preset--spacing--20);padding-bottom:var(--wp--preset--spacing--20);padding-left:var(--wp--preset--spacing--20)\">\n<p class=\"has-text-align-center has-text-color has-link-color wp-elements-41fc1bda9cbfaa00817994cd773d58b4\" style=\"color:#ffffff;margin-top:0;margin-right:0;margin-bottom:0;margin-left:0;font-size:13px;font-style:normal;font-weight:500\">El\u0151felt\u00e9tel<\/p>\n\n\n\n<div class=\"wp-block-group is-vertical is-content-justification-center is-layout-flex wp-container-core-group-is-layout-1eeb43da wp-block-group-is-layout-flex\" style=\"margin-top:0;margin-bottom:0;padding-top:0;padding-bottom:0\">\n<hr class=\"wp-block-separator has-text-color has-alpha-channel-opacity has-background is-style-default\" style=\"background-color:#ffbe00;color:#ffbe00\"\/>\n<\/div>\n\n\n\n<p class=\"has-text-align-center has-text-color has-link-color wp-elements-6432b0f2844ea95d2b8ab5665a3e3860\" style=\"color:#ffffff;margin-top:0;margin-right:0;margin-bottom:0;margin-left:0;font-size:clamp(14px, 0.875rem + ((1vw - 3.2px) * 0.682), 20px);font-style:normal;font-weight:500\">Nincs<\/p>\n<\/div>\n\n\n\n<div class=\"wp-block-group has-border-color has-text-color has-background has-link-color wp-elements-e53f8bdfa5857e63e1059e42f0c71282 has-global-padding is-layout-constrained wp-container-core-group-is-layout-9e9be3cb wp-block-group-is-layout-constrained\" style=\"border-color:#ffbe00;border-width:1px;border-radius:20px;color:#ffffff;background-color:#3f0073;padding-top:var(--wp--preset--spacing--20);padding-right:var(--wp--preset--spacing--20);padding-bottom:var(--wp--preset--spacing--20);padding-left:var(--wp--preset--spacing--20)\">\n<p class=\"has-text-align-center has-text-color has-link-color wp-elements-098d6a9cb88b7b01e14fef1d6e7314ee\" style=\"color:#ffffff;margin-top:0;margin-right:0;margin-bottom:0;margin-left:0;font-size:13px;font-style:normal;font-weight:500\">Koroszt\u00e1ly<\/p>\n\n\n\n<div class=\"wp-block-group is-vertical is-content-justification-center is-layout-flex wp-container-core-group-is-layout-1eeb43da wp-block-group-is-layout-flex\" style=\"margin-top:0;margin-bottom:0;padding-top:0;padding-bottom:0\">\n<hr class=\"wp-block-separator has-text-color has-alpha-channel-opacity has-background is-style-default\" style=\"background-color:#ffbe00;color:#ffbe00\"\/>\n<\/div>\n\n\n\n<p class=\"has-text-align-center has-text-color has-link-color wp-elements-e388e113b7b481c10c19dd9bed71be79\" style=\"color:#ffffff;margin-top:0;margin-right:0;margin-bottom:0;margin-left:0;font-size:clamp(14px, 0.875rem + ((1vw - 3.2px) * 0.682), 20px);font-style:normal;font-weight:500\">7 \u00e9s 12 \u00e9v k\u00f6z\u00f6tti gyerekeknek<\/p>\n<\/div>\n<\/div>\n<\/div>\n<\/div>\n\n\n\n<div class=\"wp-block-cover alignfull has-parallax\" style=\"margin-top:0;margin-bottom:0;padding-top:6%\"><div class=\"wp-block-cover__image-background wp-image-1154 has-parallax\" style=\"background-position:50% 50%;background-image:url(https:\/\/thinkeduhub.com\/wp-content\/uploads\/2024\/08\/honlap-hatter-1-1.jpg)\"><\/div><span aria-hidden=\"true\" class=\"wp-block-cover__background has-background-dim-0 has-background-dim\" style=\"background-color:#440165\"><\/span><div class=\"wp-block-cover__inner-container has-global-padding is-layout-constrained wp-container-core-cover-is-layout-f195bcb6 wp-block-cover-is-layout-constrained\">\n<div class=\"wp-block-group alignfull has-global-padding is-layout-constrained wp-container-core-group-is-layout-d61ca039 wp-block-group-is-layout-constrained\" style=\"margin-top:75px;margin-bottom:130px;padding-right:0;padding-left:0\">\n<h2 class=\"wp-block-heading has-text-align-center has-text-color has-link-color wp-elements-0f3970de7f7b3ae49f9ee80dd9387125\" style=\"color:#ffffff;font-size:clamp(31.152px, 1.947rem + ((1vw - 3.2px) * 2.71), 55px);font-style:normal;font-weight:600\">Alapvet\u0151 jellemz\u0151k<\/h2>\n\n\n\n<div class=\"wp-block-group is-vertical is-content-justification-center is-layout-flex wp-container-core-group-is-layout-21d58805 wp-block-group-is-layout-flex\" style=\"margin-top:0;margin-bottom:var(--wp--preset--spacing--60);padding-top:0;padding-bottom:0\">\n<hr class=\"wp-block-separator has-text-color has-alpha-channel-opacity has-background wp-container-content-4daaf377\" style=\"margin-top:8px;margin-bottom:15px;background-color:#10a19e;color:#10a19e\"\/>\n<\/div>\n\n\n\n<div class=\"wp-block-group has-border-color has-background has-global-padding is-layout-constrained wp-container-core-group-is-layout-3a40a2e5 wp-block-group-is-layout-constrained\" style=\"border-color:#10a19e;border-width:3px;border-radius:20px;background-color:#3f0072;margin-top:0px;padding-top:30px;padding-right:30px;padding-bottom:30px;padding-left:30px\">\n<p class=\"has-text-align-left has-text-color has-link-color wp-elements-7b5a56af7e505bdb44adfcf9c4741ced\" style=\"color:#ffffff;font-style:normal;font-weight:500\"><strong>A sz\u00fclet\u00e9snap tartalmazza:<\/strong><\/p>\n\n\n\n<p class=\"has-text-color has-link-color wp-elements-4a397609c951a3fa47161d99aefdc16f\" style=\"color:#ffffff;font-style:normal;font-weight:500\">\u25b6\ufe0f Egy Roblox-m\u0171helyt, ahol a gyerekek k\u00fcl\u00f6nb\u00f6z\u0151 vil\u00e1gokba l\u00e9pnek, feladatokat oldanak meg, versenyeznek \u00e9s egy\u00fcttm\u0171k\u00f6dnek \u2013 \u00e9pp, mint a val\u00f3di Roblox-j\u00e1t\u00e9kban.<\/p>\n\n\n\n<p class=\"has-text-color has-link-color wp-elements-f91669df59e87e311cd040b0530103c0\" style=\"color:#ffffff;font-style:normal;font-weight:500\">\u25b6\ufe0f T\u00e9m\u00e1j\u00fa snack-k\u00edn\u00e1lat kreat\u00edv finoms\u00e1gokkal, amelyek \u00fagy n\u00e9znek ki, mintha a j\u00e1t\u00e9kb\u00f3l sz\u00e1rmazn\u00e1nak.<\/p>\n\n\n\n<p class=\"has-text-color has-link-color wp-elements-34fa7e3a4ddd65d3730be31e7fe989ff\" style=\"color:#ffffff;font-style:normal;font-weight:500\">\u25b6\ufe0f Roblox-st\u00edlus\u00fa fot\u00f3sarok, ahol a sz\u00fclinapos \u00e9s bar\u00e1tai felejthetetlen f\u00e9nyk\u00e9peket k\u00e9sz\u00edthetnek.<\/p>\n\n\n\n<p class=\"has-text-color has-link-color wp-elements-31a17c60ea9e31ce6c3267406b0d0b99\" style=\"color:#ffffff;font-style:normal;font-weight:500\">\u25b6\ufe0f Kv\u00edzek \u00e9s kih\u00edv\u00e1sok, amelyek pr\u00f3b\u00e1ra teszik a tal\u00e1l\u00e9konys\u00e1got, gyorsas\u00e1got \u00e9s a Roblox vil\u00e1g\u00e1nak ismeret\u00e9t.<\/p>\n\n\n\n<p class=\"has-text-color has-link-color wp-elements-ecef67c951ae3da2c9df9a7ce977deff\" style=\"color:#ffffff;font-style:normal;font-weight:500\">\u25b6\ufe0f A terem dekor\u00e1ci\u00f3ja teljes eg\u00e9sz\u00e9ben a Roblox j\u00e1t\u00e9k inspir\u00e1ci\u00f3j\u00e1ra \u00e9p\u00fcl \u2013 a sz\u00ednekt\u0151l \u00e9s poszterekt\u0151l kezdve a r\u00e9szletekig, amelyek r\u00e9v\u00e9n a gyerekek \u00fagy \u00e9rezhetik, mintha val\u00f3di avat\u00e1rokk\u00e1 v\u00e1ltak volna.<\/p>\n<\/div>\n<\/div>\n<\/div><\/div>\n\n\n\n<div class=\"wp-block-group alignwide has-global-padding is-layout-constrained wp-block-group-is-layout-constrained\" style=\"margin-bottom:100px\">\n<h2 class=\"wp-block-heading has-text-align-center has-text-color has-link-color wp-elements-3922ec654145cb683d584401e9bb34b3\" style=\"color:#3f0072;font-size:clamp(31.152px, 1.947rem + ((1vw - 3.2px) * 2.71), 55px);font-style:normal;font-weight:600\">Regisztr\u00e1ci\u00f3<\/h2>\n\n\n\n<div class=\"wp-block-group is-vertical is-content-justification-center is-layout-flex wp-container-core-group-is-layout-1eeb43da wp-block-group-is-layout-flex\" style=\"margin-top:0;margin-bottom:0;padding-top:0;padding-bottom:0\">\n<hr class=\"wp-block-separator has-text-color has-alpha-channel-opacity has-background wp-container-content-4daaf377\" style=\"margin-top:8px;margin-bottom:15px;background-color:#10a19e;color:#10a19e\"\/>\n<\/div>\n\n\n\n<h5 class=\"wp-block-heading has-text-align-center has-text-color has-link-color wp-elements-fefdc91e43a3869610d9ce03654fbd60\" style=\"color:#3f0072\">Foglalj id\u0151pontot, \u00e9s aj\u00e1nd\u00e9kozd meg gyermekedet egy j\u00e1t\u00e9kokkal, sz\u00f3rakoz\u00e1ssal \u00e9s kalanddal teli sz\u00fclet\u00e9snappal \u2013 \u00e9pp, mint a Roblox vil\u00e1g\u00e1ban!<br><br>Email: <br>think.edu.hub.subotica@gmail.com<br><br>Telefonsz\u00e1m:<br>+381 69 625 546<br>+381 69 625 453<br><\/h5>\n<\/div>","protected":false},"excerpt":{"rendered":"<p>Roblox ro\u0111endan u THINKU \u2013 tri sata prepune avanture i zabave Ako tvoje dete voli Roblox, onda je ovo ro\u0111endan iz njegovih snova!U Edukativnom centru THINK organizujemo&nbsp;jedinstven Roblox tematski ro\u0111endan&nbsp;za decu od&nbsp;7 do 12 godina, u grupi do&nbsp;20 u\u010desnika. Svaki deo programa, od igara i izazova do dekoracije i keteringa, osmi\u0161ljen je tako da deca [&hellip;]<\/p>","protected":false},"author":2,"featured_media":0,"parent":0,"menu_order":0,"comment_status":"closed","ping_status":"closed","template":"","meta":{"ngg_post_thumbnail":0,"footnotes":""},"class_list":["post-3484","page","type-page","status-publish","hentry"],"_links":{"self":[{"href":"https:\/\/thinkeduhub.com\/hu\/wp-json\/wp\/v2\/pages\/3484","targetHints":{"allow":["GET"]}}],"collection":[{"href":"https:\/\/thinkeduhub.com\/hu\/wp-json\/wp\/v2\/pages"}],"about":[{"href":"https:\/\/thinkeduhub.com\/hu\/wp-json\/wp\/v2\/types\/page"}],"author":[{"embeddable":true,"href":"https:\/\/thinkeduhub.com\/hu\/wp-json\/wp\/v2\/users\/2"}],"replies":[{"embeddable":true,"href":"https:\/\/thinkeduhub.com\/hu\/wp-json\/wp\/v2\/comments?post=3484"}],"version-history":[{"count":8,"href":"https:\/\/thinkeduhub.com\/hu\/wp-json\/wp\/v2\/pages\/3484\/revisions"}],"predecessor-version":[{"id":3508,"href":"https:\/\/thinkeduhub.com\/hu\/wp-json\/wp\/v2\/pages\/3484\/revisions\/3508"}],"wp:attachment":[{"href":"https:\/\/thinkeduhub.com\/hu\/wp-json\/wp\/v2\/media?parent=3484"}],"curies":[{"name":"wp","href":"https:\/\/api.w.org\/{rel}","templated":true}]}}