{"id":3591,"date":"2025-11-21T17:09:12","date_gmt":"2025-11-21T17:09:12","guid":{"rendered":"https:\/\/thinkeduhub.com\/?page_id=3591"},"modified":"2025-11-21T17:15:31","modified_gmt":"2025-11-21T17:15:31","slug":"adventski-vasar","status":"publish","type":"page","link":"https:\/\/thinkeduhub.com\/hu\/adventski-vasar\/","title":{"rendered":"Adventski vasar"},"content":{"rendered":"<div class=\"wp-block-cover alignfull has-parallax\" style=\"padding-top:2%\"><div class=\"wp-block-cover__image-background wp-image-1154 has-parallax\" style=\"background-position:50% 50%;background-image:url(https:\/\/thinkeduhub.com\/wp-content\/uploads\/2024\/08\/honlap-hatter-1-1.jpg)\"><\/div><span aria-hidden=\"true\" class=\"wp-block-cover__background has-background-dim-0 has-background-dim\" style=\"background-color:#440165\"><\/span><div class=\"wp-block-cover__inner-container has-global-padding is-layout-constrained wp-container-core-cover-is-layout-ee51f2d2 wp-block-cover-is-layout-constrained\">\n<h2 class=\"wp-block-heading has-text-align-center has-text-color\" style=\"color:#ffffff;margin-top:0rem;margin-bottom:1.01rem;font-size:clamp(2.2rem, 2.2rem + ((1vw - 0.2rem) * 3.273), 4rem);font-style:normal;font-weight:600;line-height:1;text-transform:none\">Adventi v\u00e1s\u00e1r &amp; \u201eT\u00e9l Nagyija\u201d cirkuszi el\u0151ad\u00e1s<\/h2>\n<\/div><\/div>\n\n\n\n<div class=\"wp-block-columns alignwide is-layout-flex wp-container-core-columns-is-layout-2dc2afee wp-block-columns-is-layout-flex\" style=\"border-top-left-radius:0px;border-top-right-radius:0px;border-bottom-left-radius:0px;border-bottom-right-radius:0px;border-bottom-color:#ffffff;border-bottom-width:1px;margin-top:0px;margin-bottom:70px;padding-top:0;padding-right:0rem;padding-bottom:0;padding-left:0rem;box-shadow:none\">\n<div class=\"wp-block-column is-vertically-aligned-top is-layout-flow wp-container-core-column-is-layout-23f998aa wp-block-column-is-layout-flow\" style=\"border-style:none;border-width:0px;padding-top:var(--wp--preset--spacing--70);padding-right:0;padding-bottom:0;padding-left:0rem;flex-basis:80%\">\n<div class=\"wp-block-group is-layout-flow wp-block-group-is-layout-flow\">\n<h3 class=\"wp-block-heading alignwide has-text-align-center has-text-color\" style=\"color:#3f0072;margin-top:0.5rem;margin-bottom:1.01rem;font-size:clamp(1.352rem, 1.352rem + ((1vw - 0.2rem) * 1.542), 2.2rem);font-style:normal;font-weight:600;letter-spacing:0px;line-height:1.3;text-transform:none\">\u00c9LD \u00c1T A THINKKEL AZ \u00dcNNEPI VAR\u00c1ZSLATOT BUDAPESTEN!\u00a0<\/h3>\n<\/div>\n\n\n\n<figure class=\"wp-block-image aligncenter size-full has-custom-border is-style-default\"><img loading=\"lazy\" decoding=\"async\" width=\"2048\" height=\"2048\" src=\"https:\/\/thinkeduhub.com\/wp-content\/uploads\/2025\/11\/image.png\" alt=\"\" class=\"wp-image-3587\" style=\"border-radius:20px;object-fit:cover\" srcset=\"https:\/\/thinkeduhub.com\/wp-content\/uploads\/2025\/11\/image.png 2048w, https:\/\/thinkeduhub.com\/wp-content\/uploads\/2025\/11\/image-300x300.png 300w, https:\/\/thinkeduhub.com\/wp-content\/uploads\/2025\/11\/image-1024x1024.png 1024w, https:\/\/thinkeduhub.com\/wp-content\/uploads\/2025\/11\/image-150x150.png 150w, https:\/\/thinkeduhub.com\/wp-content\/uploads\/2025\/11\/image-768x768.png 768w, https:\/\/thinkeduhub.com\/wp-content\/uploads\/2025\/11\/image-1536x1536.png 1536w, https:\/\/thinkeduhub.com\/wp-content\/uploads\/2025\/11\/image-12x12.png 12w\" sizes=\"auto, (max-width: 2048px) 100vw, 2048px\" \/><\/figure>\n<\/div>\n\n\n\n<div class=\"wp-block-column is-vertically-aligned-bottom is-layout-flow wp-container-core-column-is-layout-bab8543d wp-block-column-is-layout-flow\" style=\"padding-top:0rem;padding-right:0rem;padding-bottom:0;padding-left:0;flex-basis:80%\">\n<p class=\"has-text-align-center has-text-color has-link-color wp-elements-450c79736693b67bb160651f7d779a23\" style=\"color:#3f0072;margin-top:var(--wp--preset--spacing--70);font-size:clamp(14.642px, 0.915rem + ((1vw - 3.2px) * 0.836), 22px);\">Engedd, hogy elvar\u00e1zsoljon a kar\u00e1csony f\u00e9nye, illata \u00e9s hangulata \u2013 tarts vel\u00fcnk egy felejthetetlen adventi kir\u00e1ndul\u00e1sra Budapestre!\u00a0<\/p>\n\n\n\n<p class=\"has-text-align-center has-text-color\" style=\"color:#3f0072;margin-top:0.5rem;margin-bottom:1.01rem;font-size:clamp(1.502rem, 1.502rem + ((1vw - 0.2rem) * 1.815), 2.5rem);font-style:normal;font-weight:600;letter-spacing:0px;line-height:1.3;text-transform:none\">Program:<\/p>\n\n\n\n<div style=\"height:12px\" aria-hidden=\"true\" class=\"wp-block-spacer\"><\/div>\n\n\n\n<p class=\"has-text-align-left has-medium-font-size\" style=\"margin-top:0;margin-bottom:0;font-style:normal;font-weight:500\">\u25b6\ufe0fL\u00e1togat\u00e1s a h\u00edres F\u0151v\u00e1rosi Nagycirkuszba, ahol megtekintj\u00fck a var\u00e1zslatos \u201eHolle any\u00f3\u201d cirkuszi el\u0151ad\u00e1st<\/p>\n\n\n\n<div style=\"height:12px\" aria-hidden=\"true\" class=\"wp-block-spacer\"><\/div>\n\n\n\n<p class=\"has-medium-font-size\" style=\"font-style:normal;font-weight:500\">\u25b6\ufe0f S\u00e9ta a Budapesti Adventi V\u00e1s\u00e1rban, amelyet Eur\u00f3pa legszebb kar\u00e1csonyi v\u00e1s\u00e1r\u00e1nak v\u00e1lasztottak \u2013 nem is egyszer, hanem t\u00f6bb egym\u00e1st k\u00f6vet\u0151 \u00e9vben (2019, 2020, 2022, 2023, 2024, 2025)<\/p>\n\n\n\n<div style=\"height:12px\" aria-hidden=\"true\" class=\"wp-block-spacer\"><\/div>\n\n\n\n<p class=\"has-medium-font-size\" style=\"margin-bottom:var(--wp--preset--spacing--20);font-style:normal;font-weight:500\">\u25b6\ufe0f Felfedezz\u00fck a v\u00e1ros ikonikus helysz\u00edneit: V\u00e1ci utca, H\u0151s\u00f6k tere, Vajdahunyad v\u00e1ra \u2013 mind \u00fcnnepi d\u00edszben, csillog\u00e1sban \u00e9s hangulatban<\/p>\n\n\n\n<div style=\"height:0px\" aria-hidden=\"true\" class=\"wp-block-spacer\"><\/div>\n\n\n\n<p class=\"has-text-align-center has-text-color\" style=\"color:#3f0072;margin-top:0.5rem;margin-bottom:1.01rem;font-size:clamp(1.502rem, 1.502rem + ((1vw - 0.2rem) * 1.815), 2.5rem);font-style:normal;font-weight:600;letter-spacing:0px;line-height:1.3;text-transform:none\">Foglalj helyet id\u0151ben, \u00e9s aj\u00e1nd\u00e9kozd meg magad vagy szeretteidet egy \u00e9lm\u00e9nnyel, amit \u00f6r\u00f6kre meg\u0151riztek!<\/p>\n\n\n\n<p class=\"has-text-align-center has-text-color has-medium-font-size\" style=\"color:#3f0072;margin-top:0.5rem;margin-bottom:1.01rem;font-style:normal;font-weight:600;letter-spacing:0px;line-height:1.3;text-transform:none\">\ud83d\udce2 A jelentkez\u00e9s m\u00e1r folyamatban van!<\/p>\n\n\n\n<div style=\"height:2px\" aria-hidden=\"true\" class=\"wp-block-spacer\"><\/div>\n\n\n\n<p class=\"has-text-align-center has-text-color\" style=\"color:#3f0072;margin-top:0.5rem;margin-bottom:1.01rem;font-size:clamp(1.25rem, 1.25rem + ((1vw - 0.2rem) * 1.364), 2rem);font-style:normal;font-weight:600;letter-spacing:0px;line-height:1.3;text-transform:none\">\u260e\ufe0f069 625 546<\/p>\n\n\n\n<p class=\"has-text-align-center has-text-color\" style=\"color:#3f0072;margin-top:0.5rem;margin-bottom:1.01rem;font-size:clamp(14px, 0.875rem + ((1vw - 3.2px) * 0.682), 20px);font-style:normal;font-weight:600;letter-spacing:0px;line-height:1.3;text-transform:none\">think.edu.hub.subotica@gmail.com<\/p>\n<\/div>\n<\/div>","protected":false},"excerpt":{"rendered":"<p>DO\u017dIVI NAJLEP\u0160U PRAZNI\u010cNU MAGIJU SA THINKOM!\u00a0 Pridru\u017ei nam se na nezaboravnoj prazni\u010dnoj ekskurziji u Budimpe\u0161ta!\u00a0 Program: \u25b6\ufe0f Poseta Budimpe\u0161tanskom velikom cirkusu \u2013 predstava \u201eBaka Zima\u201d \u25b6\ufe0f \u0160etnja kroz bajkoviti adventski va\u0161ar koji je vi\u0161e puta progla\u0161en za najlep\u0161i bo\u017ei\u0107ni va\u0161ar u Evropi (2019, 2020, 2022, 2023, 2024, 2025. godina) \u25b6\ufe0f Istra\u017eujemo najlep\u0161e Bo\u017ei\u0107ne znamenitosti: Vaci [&hellip;]<\/p>","protected":false},"author":2,"featured_media":0,"parent":0,"menu_order":0,"comment_status":"closed","ping_status":"closed","template":"","meta":{"ngg_post_thumbnail":0,"footnotes":""},"class_list":["post-3591","page","type-page","status-publish","hentry"],"_links":{"self":[{"href":"https:\/\/thinkeduhub.com\/hu\/wp-json\/wp\/v2\/pages\/3591","targetHints":{"allow":["GET"]}}],"collection":[{"href":"https:\/\/thinkeduhub.com\/hu\/wp-json\/wp\/v2\/pages"}],"about":[{"href":"https:\/\/thinkeduhub.com\/hu\/wp-json\/wp\/v2\/types\/page"}],"author":[{"embeddable":true,"href":"https:\/\/thinkeduhub.com\/hu\/wp-json\/wp\/v2\/users\/2"}],"replies":[{"embeddable":true,"href":"https:\/\/thinkeduhub.com\/hu\/wp-json\/wp\/v2\/comments?post=3591"}],"version-history":[{"count":6,"href":"https:\/\/thinkeduhub.com\/hu\/wp-json\/wp\/v2\/pages\/3591\/revisions"}],"predecessor-version":[{"id":3598,"href":"https:\/\/thinkeduhub.com\/hu\/wp-json\/wp\/v2\/pages\/3591\/revisions\/3598"}],"wp:attachment":[{"href":"https:\/\/thinkeduhub.com\/hu\/wp-json\/wp\/v2\/media?parent=3591"}],"curies":[{"name":"wp","href":"https:\/\/api.w.org\/{rel}","templated":true}]}}