{"id":46,"date":"2024-04-22T13:54:19","date_gmt":"2024-04-22T13:54:19","guid":{"rendered":"http:\/\/oeg.awf.temporary.site\/?page_id=46"},"modified":"2024-09-04T18:50:42","modified_gmt":"2024-09-04T18:50:42","slug":"da-vincijem-tragovima","status":"publish","type":"page","link":"https:\/\/thinkeduhub.com\/hu\/da-vincijem-tragovima\/","title":{"rendered":"Da Vin\u010dijem tragovima"},"content":{"rendered":"<div class=\"wp-block-cover alignfull has-parallax\" style=\"padding-top:2%;min-height:533px;aspect-ratio:unset;\"><span aria-hidden=\"true\" class=\"wp-block-cover__background has-background-dim-0 has-background-dim\" style=\"background-color:#430165\"><\/span><div class=\"wp-block-cover__image-background wp-image-1154 has-parallax\" style=\"background-position:50% 50%;background-image:url(https:\/\/thinkeduhub.com\/wp-content\/uploads\/2024\/08\/honlap-hatter-1-1.jpg)\"><\/div><div class=\"wp-block-cover__inner-container has-global-padding is-layout-constrained wp-container-core-cover-is-layout-ee51f2d2 wp-block-cover-is-layout-constrained\">\n<div class=\"wp-block-group alignwide is-vertical is-content-justification-center is-layout-flex wp-container-core-group-is-layout-5e763914 wp-block-group-is-layout-flex\" style=\"min-height:8rem\">\n<div class=\"wp-block-group has-global-padding is-layout-constrained wp-container-core-group-is-layout-bea02a06 wp-block-group-is-layout-constrained\">\n<h1 class=\"wp-block-heading has-text-align-center has-text-color\" style=\"color:#ffffff;margin-top:0rem;margin-bottom:1.01rem;font-size:clamp(2.288rem, 2.288rem + ((1vw - 0.2rem) * 3.476), 4.2rem);font-style:normal;font-weight:700;line-height:1;text-transform:capitalize\">Da Vin\u010dijevim tragovima<\/h1>\n<\/div>\n<\/div>\n<\/div><\/div>\n\n\n\n<div class=\"wp-block-group alignfull has-global-padding is-layout-constrained wp-container-core-group-is-layout-9a564456 wp-block-group-is-layout-constrained\" style=\"margin-top:0;margin-bottom:0;padding-top:5rem;padding-right:var(--wp--preset--spacing--40);padding-bottom:5rem;padding-left:var(--wp--preset--spacing--40)\">\n<div class=\"wp-block-group alignwide has-global-padding is-layout-constrained wp-block-group-is-layout-constrained\" style=\"padding-bottom:2rem\">\n<div class=\"wp-block-group alignwide is-vertical is-content-justification-center is-layout-flex wp-container-core-group-is-layout-dff040d1 wp-block-group-is-layout-flex\" style=\"border-style:none;border-width:0px;border-radius:15px;margin-bottom:var(--wp--preset--spacing--50)\">\n<h3 class=\"wp-block-heading alignwide has-text-color has-link-color wp-elements-890ddb1dbb5404379eb2d57b20a85bae\" style=\"color:#3f0072;font-size:clamp(24.034px, 1.502rem + ((1vw - 3.2px) * 1.814), 40px);font-style:normal;font-weight:600\"><strong>K\u00fcldet\u00e9s\u00fcnk \u00e9s c\u00e9lunk<\/strong><\/h3>\n\n\n\n<hr class=\"wp-block-separator has-text-color has-alpha-channel-opacity has-background is-style-default wp-container-content-4daaf377\" style=\"margin-top:0;margin-bottom:0;background-color:#10a19e;color:#10a19e\"\/>\n<\/div>\n<\/div>\n\n\n\n<div class=\"wp-block-group alignwide has-global-padding is-layout-constrained wp-container-core-group-is-layout-1cf432e6 wp-block-group-is-layout-constrained\" style=\"margin-top:1.01rem\">\n<div class=\"wp-block-columns alignwide is-layout-flex wp-container-core-columns-is-layout-28f84493 wp-block-columns-is-layout-flex\">\n<div class=\"wp-block-column has-global-padding is-layout-constrained wp-container-core-column-is-layout-16b551ad wp-block-column-is-layout-constrained\" style=\"padding-right:1rem;padding-bottom:2rem;padding-left:1rem\">\n<div class=\"wp-block-group has-global-padding is-layout-constrained wp-container-core-group-is-layout-a099c240 wp-block-group-is-layout-constrained\">\n<figure class=\"wp-block-image aligncenter size-large is-resized wp-duotone-3f0072-rgb255255255-1\"><img decoding=\"async\" src=\"https:\/\/tyler.com\/wp-content\/themes\/variations-child\/assets\/images\/traveling\/traveling-icon1.svg\" alt=\"\" class=\"wp-image-1171\" style=\"width:60px\"\/><\/figure>\n\n\n\n<p class=\"has-text-align-center has-text-color\" style=\"color:#252525;margin-top:0.51rem;font-size:clamp(0.875rem, 0.875rem + ((1vw - 0.2rem) * 0.227), 1rem);font-style:normal;font-weight:500;line-height:1.4\">A \u201eDa Vinci nyomdokain\u201d nevladalmi szervezet c\u00e9lja, hogy gyermekeknek, fiataloknak \u00e9s feln\u0151tteknek egyed\u00fcl\u00e1ll\u00f3 oktat\u00e1si \u00e9s kultur\u00e1lis \u00e9lm\u00e9nyeket ny\u00fajtson, amelyek a gazdag hagyom\u00e1nyokat \u00f6tv\u00f6zik a modern megk\u00f6zel\u00edt\u00e9sekkel.<\/p>\n<\/div>\n<\/div>\n\n\n\n<div class=\"wp-block-column has-global-padding is-layout-constrained wp-container-core-column-is-layout-16b551ad wp-block-column-is-layout-constrained\" style=\"padding-right:1rem;padding-bottom:2rem;padding-left:1rem\">\n<div class=\"wp-block-group has-global-padding is-layout-constrained wp-container-core-group-is-layout-a099c240 wp-block-group-is-layout-constrained\">\n<figure class=\"wp-block-image aligncenter size-large is-resized wp-duotone-3f0072-rgb255255255-2\"><img decoding=\"async\" src=\"https:\/\/tyler.com\/wp-content\/themes\/variations-child\/assets\/images\/traveling\/traveling-icon2.svg\" alt=\"\" class=\"wp-image-1176\" style=\"width:60px\"\/><\/figure>\n\n\n\n<p class=\"has-text-align-center has-text-color\" style=\"color:#252525;margin-top:0.51rem;font-size:clamp(0.875rem, 0.875rem + ((1vw - 0.2rem) * 0.227), 1rem);font-style:normal;font-weight:500;line-height:1.4\">K\u00fcldet\u00e9s\u00fcnk, hogy inspir\u00e1ljuk \u00e9s \u00f6szt\u00f6n\u00f6zz\u00fck programjaink minden r\u00e9sztvev\u0151j\u00e9t az \u00faj ismeretek elsaj\u00e1t\u00edt\u00e1s\u00e1ra, a kreativit\u00e1s fejleszt\u00e9s\u00e9re \u00e9s jelent\u0151s alkot\u00e1sok l\u00e9trehoz\u00e1s\u00e1ra, mindezt multidiszciplin\u00e1ris m\u00f3dszerek \u00e9s innovat\u00edv megk\u00f6zel\u00edt\u00e9sek alkalmaz\u00e1s\u00e1val.<\/p>\n<\/div>\n<\/div>\n<\/div>\n<\/div>\n<\/div>\n\n\n\n<div class=\"wp-block-cover alignfull has-parallax wp-duotone-unset-3\" style=\"min-height:828px;aspect-ratio:unset;\"><span aria-hidden=\"true\" class=\"wp-block-cover__background has-black-background-color has-background-dim-0 has-background-dim\"><\/span><div class=\"wp-block-cover__image-background wp-image-1154 has-parallax\" style=\"background-position:50% 50%;background-image:url(https:\/\/thinkeduhub.com\/wp-content\/uploads\/2024\/08\/honlap-hatter-1-1.jpg)\"><\/div><div class=\"wp-block-cover__inner-container is-layout-flow wp-block-cover-is-layout-flow\">\n<div class=\"wp-block-group alignfull has-global-padding is-layout-constrained wp-container-core-group-is-layout-6d8556d3 wp-block-group-is-layout-constrained\" style=\"margin-top:0px;margin-bottom:0px;padding-top:100px;padding-right:20px;padding-bottom:100px;padding-left:20px\">\n<div class=\"wp-block-columns alignwide is-layout-flex wp-container-core-columns-is-layout-8e3aed5f wp-block-columns-is-layout-flex\" style=\"border-style:none;border-width:0px;margin-top:0px;margin-bottom:0px;padding-top:0px;padding-right:30px;padding-bottom:0px;padding-left:30px\">\n<div class=\"wp-block-column is-vertically-aligned-center is-layout-flow wp-container-core-column-is-layout-abe5317a wp-block-column-is-layout-flow\" style=\"padding-top:0px;padding-right:0px;padding-bottom:40px;padding-left:0px\">\n<h2 class=\"wp-block-heading has-text-align-center has-text-color\" style=\"color:#ffffff;margin-top:0;margin-bottom:var(--wp--preset--spacing--20);font-size:clamp(24.034px, 1.502rem + ((1vw - 3.2px) * 1.814), 40px);font-style:normal;font-weight:600\">MI\u00c9RT VAGYUNK EGYEDIEK?<\/h2>\n\n\n\n<div class=\"wp-block-group alignwide is-vertical is-content-justification-center is-layout-flex wp-container-core-group-is-layout-35d0fedc wp-block-group-is-layout-flex\" style=\"border-style:none;border-width:0px;border-radius:15px;margin-bottom:var(--wp--preset--spacing--70)\">\n<hr class=\"wp-block-separator has-text-color has-alpha-channel-opacity has-background is-style-default wp-container-content-4daaf377\" style=\"margin-top:0;margin-bottom:0;background-color:#10a19e;color:#10a19e\"\/>\n<\/div>\n\n\n\n<p class=\"has-text-align-left has-text-color\" style=\"color:#ffffff;margin-bottom:2rem;font-size:clamp(14px, 0.875rem + ((1vw - 3.2px) * 0.455), 18px);\">A \u201eDa Vinci nyomdokain\u201d egyed\u00fcl\u00e1ll\u00f3 megk\u00f6zel\u00edt\u00e9s\u00e9vel t\u0171nik ki az oktat\u00e1s \u00e9s a kult\u00fara ter\u00fclet\u00e9n, hiszen a hagyom\u00e1nyos \u00e9rt\u00e9keket \u00f6tv\u00f6zi a modern tanul\u00e1si technik\u00e1kkal.<\/p>\n\n\n\n<p class=\"has-text-color\" style=\"color:#ffffff;margin-bottom:2rem;font-size:clamp(14px, 0.875rem + ((1vw - 3.2px) * 0.455), 18px);\">Sz\u00e1mos v\u00e1ltozatos programot szervez\u00fcnk, p\u00e9ld\u00e1ul a #after! popkult\u00fara kv\u00edzt, amely sz\u00f3rakoztat\u00f3 \u00e9s oktat\u00e1si \u00e9lm\u00e9nyt ny\u00fajt, valamint a Chesstivity sakkj\u00e1t\u00e9k-showt, amely a gyermekek sz\u00e1m\u00e1ra j\u00e1t\u00e9kos form\u00e1ban fejleszti fontos k\u00e9szs\u00e9geiket.<\/p>\n\n\n\n<p class=\"has-text-color\" style=\"color:#ffffff;margin-bottom:0rem;font-size:clamp(14px, 0.875rem + ((1vw - 3.2px) * 0.455), 18px);\">A feln\u0151ttek sz\u00e1m\u00e1ra olyan programokat k\u00edn\u00e1lunk, mint az \u00c1ltal\u00e1nos m\u0171velts\u00e9gi kv\u00edz \u2013 Krug, amely lehet\u0151s\u00e9get biztos\u00edt a k\u00f6z\u00f6s tanul\u00e1sra \u00e9s a kollekt\u00edv \u00e9rt\u00e9kek megismer\u00e9s\u00e9re.\n\nMinden egyes tev\u00e9kenys\u00e9g\u00fcnk c\u00e9lja az egy\u00e9ni \u00e9s k\u00f6z\u00f6ss\u00e9gi intellektu\u00e1lis \u00e9s kreat\u00edv fejl\u0151d\u00e9s \u00f6szt\u00f6nz\u00e9se.<\/p>\n<\/div>\n\n\n\n<div class=\"wp-block-column is-layout-flow wp-block-column-is-layout-flow\" style=\"flex-basis:40%\">\n<figure class=\"wp-block-image aligncenter size-full has-custom-border\"><img loading=\"lazy\" decoding=\"async\" width=\"1568\" height=\"1177\" src=\"https:\/\/thinkeduhub.com\/wp-content\/uploads\/2024\/08\/davinci.jpg\" alt=\"\" class=\"wp-image-1229\" style=\"border-radius:15px;aspect-ratio:3\/4;object-fit:cover\" srcset=\"https:\/\/thinkeduhub.com\/wp-content\/uploads\/2024\/08\/davinci.jpg 1568w, https:\/\/thinkeduhub.com\/wp-content\/uploads\/2024\/08\/davinci-300x225.jpg 300w, https:\/\/thinkeduhub.com\/wp-content\/uploads\/2024\/08\/davinci-1024x769.jpg 1024w, https:\/\/thinkeduhub.com\/wp-content\/uploads\/2024\/08\/davinci-768x576.jpg 768w, https:\/\/thinkeduhub.com\/wp-content\/uploads\/2024\/08\/davinci-1536x1153.jpg 1536w\" sizes=\"auto, (max-width: 1568px) 100vw, 1568px\" \/><\/figure>\n<\/div>\n<\/div>\n<\/div>\n<\/div><\/div>\n\n\n\n<div class=\"wp-block-group alignfull has-global-padding is-layout-constrained wp-container-core-group-is-layout-74bc26e9 wp-block-group-is-layout-constrained\" style=\"margin-top:0;margin-bottom:0;padding-top:100px;padding-bottom:100px\">\n<h2 class=\"wp-block-heading alignwide has-text-align-center has-text-color has-link-color wp-elements-c093f55a67fb00b462d29831d32f02eb\" style=\"color:#3f0072;font-size:clamp(24.034px, 1.502rem + ((1vw - 3.2px) * 1.814), 40px);font-style:normal;font-weight:600\">Mi\u00e9rt fontos ez?<\/h2>\n\n\n\n<div class=\"wp-block-group alignwide is-vertical is-content-justification-center is-layout-flex wp-container-core-group-is-layout-1c8cae62 wp-block-group-is-layout-flex\" style=\"margin-top:0;margin-bottom:var(--wp--preset--spacing--40);padding-top:0;padding-right:0;padding-bottom:0;padding-left:0\">\n<hr class=\"wp-block-separator has-text-color has-alpha-channel-opacity has-background is-style-default wp-container-content-4daaf377\" style=\"margin-top:var(--wp--preset--spacing--20);margin-bottom:var(--wp--preset--spacing--20);background-color:#10a19e;color:#10a19e\"\/>\n<\/div>\n\n\n\n<div style=\"height:24px\" aria-hidden=\"true\" class=\"wp-block-spacer\"><\/div>\n\n\n\n<div class=\"wp-block-columns alignwide is-layout-flex wp-container-core-columns-is-layout-92515837 wp-block-columns-is-layout-flex\">\n<div class=\"wp-block-column is-layout-flow wp-container-core-column-is-layout-3ca914a4 wp-block-column-is-layout-flow\">\n<figure class=\"wp-block-image aligncenter size-full is-resized\"><img loading=\"lazy\" decoding=\"async\" width=\"295\" height=\"248\" src=\"https:\/\/thinkeduhub.com\/wp-content\/uploads\/2024\/09\/image-removebg-preview-9.png\" alt=\"\" class=\"wp-image-2254\" style=\"width:115px\"\/><\/figure>\n\n\n\n<p class=\"has-text-align-center\" style=\"margin-top:21px;margin-bottom:0;font-size:clamp(14px, 0.875rem + ((1vw - 3.2px) * 0.455), 18px);\">Az oktat\u00e1s \u00e9s a kult\u00fara minden t\u00e1rsadalom fejl\u0151d\u00e9s\u00e9nek alapja.<\/p>\n<\/div>\n\n\n\n<div class=\"wp-block-column is-layout-flow wp-container-core-column-is-layout-3ca914a4 wp-block-column-is-layout-flow\">\n<figure class=\"wp-block-image aligncenter size-full is-resized\"><img loading=\"lazy\" decoding=\"async\" width=\"367\" height=\"289\" src=\"https:\/\/thinkeduhub.com\/wp-content\/uploads\/2024\/09\/image-removebg-preview-10.png\" alt=\"\" class=\"wp-image-2256\" style=\"width:125px\" srcset=\"https:\/\/thinkeduhub.com\/wp-content\/uploads\/2024\/09\/image-removebg-preview-10.png 367w, https:\/\/thinkeduhub.com\/wp-content\/uploads\/2024\/09\/image-removebg-preview-10-300x236.png 300w\" sizes=\"auto, (max-width: 367px) 100vw, 367px\" \/><\/figure>\n\n\n\n<p class=\"has-text-align-center\" style=\"margin-top:21px;margin-bottom:0;font-size:clamp(14px, 0.875rem + ((1vw - 3.2px) * 0.455), 18px);\">Programjaink az\u00e9rt fontosak, mert gyermekeknek, fiataloknak \u00e9s feln\u0151tteknek egyar\u00e1nt lehet\u0151s\u00e9get k\u00edn\u00e1lnak arra, hogy interakt\u00edv \u00e9s sz\u00f3rakoztat\u00f3 m\u00f3don fedezz\u00e9k fel a vil\u00e1got, fejlessz\u00e9k kritikus gondolkod\u00e1sukat \u00e9s olyan \u00faj ismereteket saj\u00e1t\u00edtsanak el, amelyek a mindennapi \u00e9letben is hasznos\u00edthat\u00f3k.<\/p>\n<\/div>\n\n\n\n<div class=\"wp-block-column is-layout-flow wp-container-core-column-is-layout-3ca914a4 wp-block-column-is-layout-flow\">\n<figure class=\"wp-block-image aligncenter size-full is-resized\"><img loading=\"lazy\" decoding=\"async\" width=\"275\" height=\"277\" src=\"https:\/\/thinkeduhub.com\/wp-content\/uploads\/2024\/09\/image-removebg-preview-12.png\" alt=\"\" class=\"wp-image-2258\" style=\"width:100px\" srcset=\"https:\/\/thinkeduhub.com\/wp-content\/uploads\/2024\/09\/image-removebg-preview-12.png 275w, https:\/\/thinkeduhub.com\/wp-content\/uploads\/2024\/09\/image-removebg-preview-12-150x150.png 150w\" sizes=\"auto, (max-width: 275px) 100vw, 275px\" \/><\/figure>\n\n\n\n<p class=\"has-text-align-center\" style=\"margin-top:21px;margin-bottom:0;font-size:clamp(14px, 0.875rem + ((1vw - 3.2px) * 0.455), 18px);\">Tev\u00e9kenys\u00e9geink r\u00e9v\u00e9n a r\u00e9sztvev\u0151k megismerkednek a gazdag kultur\u00e1lis hagyom\u00e1nyokkal, mik\u00f6zben elsaj\u00e1t\u00edtj\u00e1k azokat a k\u00e9szs\u00e9geket, amelyek sz\u00fcks\u00e9gesek a j\u00f6v\u0151 kih\u00edv\u00e1saival val\u00f3 sikeres megk\u00fczd\u00e9shez.<\/p>\n<\/div>\n\n\n\n<div class=\"wp-block-column is-layout-flow wp-container-core-column-is-layout-3ca914a4 wp-block-column-is-layout-flow\">\n<figure class=\"wp-block-image aligncenter size-full is-resized\"><img loading=\"lazy\" decoding=\"async\" width=\"321\" height=\"281\" src=\"https:\/\/thinkeduhub.com\/wp-content\/uploads\/2024\/09\/image-removebg-preview-11.png\" alt=\"\" class=\"wp-image-2257\" style=\"width:110px\" srcset=\"https:\/\/thinkeduhub.com\/wp-content\/uploads\/2024\/09\/image-removebg-preview-11.png 321w, https:\/\/thinkeduhub.com\/wp-content\/uploads\/2024\/09\/image-removebg-preview-11-300x263.png 300w\" sizes=\"auto, (max-width: 321px) 100vw, 321px\" \/><\/figure>\n\n\n\n<p class=\"has-text-align-center\" style=\"margin-top:21px;margin-bottom:0;font-size:clamp(14px, 0.875rem + ((1vw - 3.2px) * 0.455), 18px);\">A \u201eDa Vinci nyomdokain\u201d c\u00e9lja olyan oktat\u00e1si \u00e9s kultur\u00e1lis lehet\u0151s\u00e9gek megteremt\u00e9se, amelyek mindenki sz\u00e1m\u00e1ra lehet\u0151v\u00e9 teszik, hogy kibontakoztassa teljes potenci\u00e1lj\u00e1t \u00e9s \u00e9rt\u00e9kes m\u00f3don hozz\u00e1j\u00e1ruljon a t\u00e1rsadalom fejl\u0151d\u00e9s\u00e9hez.<\/p>\n<\/div>\n<\/div>\n<\/div>\n\n\n\n<section class=\"wp-block-cover alignfull has-parallax\" style=\"margin-top:37px;padding-bottom:13.51rem;min-height:407px;aspect-ratio:unset;\"><span aria-hidden=\"true\" class=\"wp-block-cover__background has-background-dim-0 has-background-dim\" style=\"background-color:#430165\"><\/span><div class=\"wp-block-cover__image-background wp-image-1154 has-parallax\" style=\"background-position:50% 50%;background-image:url(https:\/\/thinkeduhub.com\/wp-content\/uploads\/2024\/08\/honlap-hatter-1-1.jpg)\"><\/div><div class=\"wp-block-cover__inner-container has-global-padding is-layout-constrained wp-container-core-cover-is-layout-dc546073 wp-block-cover-is-layout-constrained\">\n<div class=\"wp-block-group alignfull has-text-color has-global-padding is-layout-constrained wp-container-core-group-is-layout-6f61d7e7 wp-block-group-is-layout-constrained\" style=\"color:#252525;margin-top:0px;padding-top:0rem;padding-right:1rem;padding-bottom:0rem;padding-left:1rem;font-size:clamp(0.875rem, 0.875rem + ((1vw - 0.2rem) * 0.464), 1.13rem);font-style:normal;font-weight:400;line-height:1.4\">\n<div class=\"wp-block-group alignwide is-vertical is-content-justification-center is-layout-flex wp-container-core-group-is-layout-acbe6cd1 wp-block-group-is-layout-flex\" style=\"padding-top:0;padding-bottom:0\">\n<div class=\"wp-block-group has-global-padding is-layout-constrained wp-container-core-group-is-layout-a099c240 wp-block-group-is-layout-constrained\">\n<h1 class=\"wp-block-heading has-text-align-center has-text-color\" style=\"color:#ffffff;margin-bottom:1.11rem;font-size:clamp(1.93rem, 1.93rem + ((1vw - 0.2rem) * 2.673), 3.4rem);font-style:normal;font-weight:500;line-height:1.2;text-transform:none\">Jelentkezzen most!<\/h1>\n\n\n\n<div class=\"wp-block-group is-vertical is-content-justification-stretch is-layout-flex wp-container-core-group-is-layout-be82aac6 wp-block-group-is-layout-flex\" style=\"margin-top:0rem;padding-right:0px;padding-left:0px\">\n<div class=\"wp-block-group has-global-padding is-content-justification-center is-layout-constrained wp-container-core-group-is-layout-0638dde4 wp-block-group-is-layout-constrained\" style=\"margin-top:0px\">\n<div class=\"wp-block-buttons is-horizontal is-content-justification-right is-layout-flex wp-container-core-buttons-is-layout-1b0e492f wp-block-buttons-is-layout-flex\" style=\"margin-top:2.21rem\">\n<div class=\"wp-block-button has-custom-width wp-block-button__width-100 has-custom-font-size is-style-fill\" style=\"font-size:clamp(0.875rem, 0.875rem + ((1vw - 0.2rem) * 0.609), 1.21rem);font-style:normal;font-weight:600;line-height:1;text-transform:capitalize\"><a class=\"wp-block-button__link has-luminous-vivid-amber-to-luminous-vivid-orange-gradient-background has-text-color has-background wp-element-button\" href=\"https:\/\/thinkeduhub.com\/hu\/timbildinzi\/#da-vincijevim-tragovima\" style=\"border-style:none;border-width:0px;border-radius:20px;color:#ffffff;padding-top:1.1rem;padding-right:0.81rem;padding-bottom:1.1rem;padding-left:0.81rem\">REGISZTR\u00c1CI\u00d3<\/a><\/div>\n<\/div>\n<\/div>\n<\/div>\n<\/div>\n<\/div>\n<\/div>\n<\/div><\/section>","protected":false},"excerpt":{"rendered":"<p>\u0160TA JE NA\u0160 CILJ Cilj nevladine organizacije &#8222;Da Vin\u010dijevim tragovima&#8220; je da deci, mladima i odraslima pru\u017eimo jedinstvene obrazovne i kulturne do\u017eivljaje koji kombinuju bogatu tradiciju sa savremenim pristupima. Na\u0161a misija je da inspiri\u0161emo i podstaknemo svakog u\u010desnika na\u0161ih programa da usvaja nova znanja, razvija kreativnost i stvara ne\u0161to zna\u010dajno, oslanjaju\u0107i se na multidisciplinarne metode [&hellip;]<\/p>","protected":false},"author":2,"featured_media":0,"parent":0,"menu_order":0,"comment_status":"closed","ping_status":"closed","template":"","meta":{"ngg_post_thumbnail":0,"footnotes":""},"class_list":["post-46","page","type-page","status-publish","hentry"],"_links":{"self":[{"href":"https:\/\/thinkeduhub.com\/hu\/wp-json\/wp\/v2\/pages\/46","targetHints":{"allow":["GET"]}}],"collection":[{"href":"https:\/\/thinkeduhub.com\/hu\/wp-json\/wp\/v2\/pages"}],"about":[{"href":"https:\/\/thinkeduhub.com\/hu\/wp-json\/wp\/v2\/types\/page"}],"author":[{"embeddable":true,"href":"https:\/\/thinkeduhub.com\/hu\/wp-json\/wp\/v2\/users\/2"}],"replies":[{"embeddable":true,"href":"https:\/\/thinkeduhub.com\/hu\/wp-json\/wp\/v2\/comments?post=46"}],"version-history":[{"count":16,"href":"https:\/\/thinkeduhub.com\/hu\/wp-json\/wp\/v2\/pages\/46\/revisions"}],"predecessor-version":[{"id":2273,"href":"https:\/\/thinkeduhub.com\/hu\/wp-json\/wp\/v2\/pages\/46\/revisions\/2273"}],"wp:attachment":[{"href":"https:\/\/thinkeduhub.com\/hu\/wp-json\/wp\/v2\/media?parent=46"}],"curies":[{"name":"wp","href":"https:\/\/api.w.org\/{rel}","templated":true}]}}