{"id":48,"date":"2024-04-22T13:54:39","date_gmt":"2024-04-22T13:54:39","guid":{"rendered":"http:\/\/oeg.awf.temporary.site\/?page_id=48"},"modified":"2024-09-04T18:49:34","modified_gmt":"2024-09-04T18:49:34","slug":"level-up-8k","status":"publish","type":"page","link":"https:\/\/thinkeduhub.com\/hu\/level-up-8k\/","title":{"rendered":"Level up 8K"},"content":{"rendered":"<div class=\"wp-block-cover alignfull has-parallax\" style=\"padding-top:2%;min-height:533px;aspect-ratio:unset;\"><span aria-hidden=\"true\" class=\"wp-block-cover__background has-background-dim-0 has-background-dim\" style=\"background-color:#430165\"><\/span><div class=\"wp-block-cover__image-background wp-image-1154 has-parallax\" style=\"background-position:50% 50%;background-image:url(https:\/\/thinkeduhub.com\/wp-content\/uploads\/2024\/08\/honlap-hatter-1-1.jpg)\"><\/div><div class=\"wp-block-cover__inner-container has-global-padding is-layout-constrained wp-container-core-cover-is-layout-ee51f2d2 wp-block-cover-is-layout-constrained\">\n<div class=\"wp-block-group alignwide is-vertical is-content-justification-center is-layout-flex wp-container-core-group-is-layout-5e763914 wp-block-group-is-layout-flex\" style=\"min-height:8rem\">\n<div class=\"wp-block-group has-global-padding is-layout-constrained wp-container-core-group-is-layout-bea02a06 wp-block-group-is-layout-constrained\">\n<h1 class=\"wp-block-heading has-text-align-center has-text-color\" style=\"color:#ffffff;margin-top:0rem;margin-bottom:1.01rem;font-size:clamp(2.671rem, 2.671rem + ((1vw - 0.2rem) * 4.416), 5.1rem);font-style:normal;font-weight:700;line-height:1;text-transform:capitalize\">Level up 8K<\/h1>\n<\/div>\n<\/div>\n<\/div><\/div>\n\n\n\n<div class=\"wp-block-group alignfull has-global-padding is-layout-constrained wp-container-core-group-is-layout-9a564456 wp-block-group-is-layout-constrained\" style=\"margin-top:0;margin-bottom:0;padding-top:5rem;padding-right:var(--wp--preset--spacing--40);padding-bottom:5rem;padding-left:var(--wp--preset--spacing--40)\">\n<div class=\"wp-block-group alignwide has-global-padding is-layout-constrained wp-block-group-is-layout-constrained\" style=\"padding-bottom:2rem\">\n<div class=\"wp-block-group alignwide is-vertical is-content-justification-center is-layout-flex wp-container-core-group-is-layout-dff040d1 wp-block-group-is-layout-flex\" style=\"border-style:none;border-width:0px;border-radius:15px;margin-bottom:var(--wp--preset--spacing--50)\">\n<h3 class=\"wp-block-heading alignwide has-text-color has-link-color wp-elements-890ddb1dbb5404379eb2d57b20a85bae\" style=\"color:#3f0072;font-size:clamp(24.034px, 1.502rem + ((1vw - 3.2px) * 1.814), 40px);font-style:normal;font-weight:600\"><strong>K\u00fcldet\u00e9s\u00fcnk \u00e9s c\u00e9lunk<\/strong><\/h3>\n\n\n\n<hr class=\"wp-block-separator has-text-color has-alpha-channel-opacity has-background is-style-default wp-container-content-4daaf377\" style=\"margin-top:0;margin-bottom:0;background-color:#10a19e;color:#10a19e\"\/>\n<\/div>\n<\/div>\n\n\n\n<div class=\"wp-block-group alignwide has-global-padding is-layout-constrained wp-container-core-group-is-layout-1cf432e6 wp-block-group-is-layout-constrained\" style=\"margin-top:1.01rem\">\n<div class=\"wp-block-columns alignwide is-layout-flex wp-container-core-columns-is-layout-28f84493 wp-block-columns-is-layout-flex\">\n<div class=\"wp-block-column has-global-padding is-layout-constrained wp-container-core-column-is-layout-16a55bf3 wp-block-column-is-layout-constrained\" style=\"padding-right:1rem;padding-bottom:2rem;padding-left:1rem\">\n<div class=\"wp-block-group has-global-padding is-layout-constrained wp-container-core-group-is-layout-731c369d wp-block-group-is-layout-constrained\">\n<figure class=\"wp-block-image aligncenter size-large is-resized wp-duotone-3f0072-rgb255255255-1\"><img decoding=\"async\" src=\"https:\/\/tyler.com\/wp-content\/themes\/variations-child\/assets\/images\/traveling\/traveling-icon1.svg\" alt=\"\" class=\"wp-image-1171\" style=\"width:60px\"\/><\/figure>\n\n\n\n<p class=\"has-text-align-center has-text-color\" style=\"color:#252525;margin-top:0.51rem;font-size:clamp(0.875rem, 0.875rem + ((1vw - 0.2rem) * 0.227), 1rem);font-style:normal;font-weight:500;line-height:1.4\">A LevelUp 8K program c\u00e9lja, hogy a 7 \u00e9s 14 \u00e9v k\u00f6z\u00f6tti gyermekek sz\u00e1m\u00e1ra teljes k\u00f6r\u0171en fejlessz\u00fck intellektu\u00e1lis k\u00e9szs\u00e9geiket innovat\u00edv \u00e9s korszer\u0171 tanfolyamok seg\u00edts\u00e9g\u00e9vel.<\/p>\n<\/div>\n<\/div>\n\n\n\n<div class=\"wp-block-column has-global-padding is-layout-constrained wp-container-core-column-is-layout-16a55bf3 wp-block-column-is-layout-constrained\" style=\"padding-right:1rem;padding-bottom:2rem;padding-left:1rem\">\n<div class=\"wp-block-group has-global-padding is-layout-constrained wp-container-core-group-is-layout-731c369d wp-block-group-is-layout-constrained\">\n<figure class=\"wp-block-image aligncenter size-large is-resized wp-duotone-3f0072-rgb255255255-2\"><img decoding=\"async\" src=\"https:\/\/tyler.com\/wp-content\/themes\/variations-child\/assets\/images\/traveling\/traveling-icon2.svg\" alt=\"\" class=\"wp-image-1176\" style=\"width:60px\"\/><\/figure>\n<\/div>\n\n\n\n<p class=\"has-text-align-center has-text-color\" style=\"color:#252525;margin-top:0.51rem;font-size:clamp(0.875rem, 0.875rem + ((1vw - 0.2rem) * 0.227), 1rem);font-style:normal;font-weight:500;line-height:1.4\">A programot \u00fagy tervezt\u00fck, hogy a gyermekek a tehets\u00e9g\u00fcknek \u00e9s \u00e9rdekl\u0151d\u00e9s\u00fcknek megfelel\u0151en fejlessz\u00e9k kompetenci\u00e1ikat, kognit\u00edv k\u00e9pess\u00e9geiket \u00e9s k\u00e9szs\u00e9geiket.<\/p>\n<\/div>\n\n\n\n<div class=\"wp-block-column has-global-padding is-layout-constrained wp-container-core-column-is-layout-16a55bf3 wp-block-column-is-layout-constrained\" style=\"padding-right:1rem;padding-bottom:2rem;padding-left:1rem\">\n<div class=\"wp-block-group has-global-padding is-layout-constrained wp-container-core-group-is-layout-731c369d wp-block-group-is-layout-constrained\">\n<figure class=\"wp-block-image aligncenter size-large is-resized wp-duotone-3f0072-rgb255255255-3\"><img decoding=\"async\" src=\"https:\/\/tyler.com\/wp-content\/themes\/variations-child\/assets\/images\/traveling\/traveling-icon3.svg\" alt=\"\" class=\"wp-image-1177\" style=\"width:60px\"\/><\/figure>\n<\/div>\n\n\n\n<p class=\"has-text-align-center has-text-color\" style=\"color:#252525;margin-top:0.51rem;font-size:clamp(0.875rem, 0.875rem + ((1vw - 0.2rem) * 0.227), 1rem);font-style:normal;font-weight:500;line-height:1.4\">Oktat\u00e1sunk r\u00e9v\u00e9n a gyerekek jobbak lesznek a logikus gondolkod\u00e1sban, a mindennapi jelens\u00e9gek k\u00f6z\u00f6tti \u00f6sszef\u00fcgg\u00e9sek felismer\u00e9s\u00e9ben \u00e9s az \u00faj helyzetekhez val\u00f3 alkalmazkod\u00e1sban.<\/p>\n<\/div>\n<\/div>\n<\/div>\n<\/div>\n\n\n\n<div class=\"wp-block-cover alignfull has-parallax wp-duotone-unset-4\" style=\"min-height:828px;aspect-ratio:unset;\"><span aria-hidden=\"true\" class=\"wp-block-cover__background has-black-background-color has-background-dim-0 has-background-dim\"><\/span><div class=\"wp-block-cover__image-background wp-image-1154 has-parallax\" style=\"background-position:50% 50%;background-image:url(https:\/\/thinkeduhub.com\/wp-content\/uploads\/2024\/08\/honlap-hatter-1-1.jpg)\"><\/div><div class=\"wp-block-cover__inner-container is-layout-flow wp-block-cover-is-layout-flow\">\n<div class=\"wp-block-group alignfull has-global-padding is-layout-constrained wp-container-core-group-is-layout-6d8556d3 wp-block-group-is-layout-constrained\" style=\"margin-top:0px;margin-bottom:0px;padding-top:100px;padding-right:20px;padding-bottom:100px;padding-left:20px\">\n<div class=\"wp-block-columns alignwide is-layout-flex wp-container-core-columns-is-layout-8e3aed5f wp-block-columns-is-layout-flex\" style=\"border-style:none;border-width:0px;margin-top:0px;margin-bottom:0px;padding-top:0px;padding-right:30px;padding-bottom:0px;padding-left:30px\">\n<div class=\"wp-block-column is-vertically-aligned-center is-layout-flow wp-container-core-column-is-layout-abe5317a wp-block-column-is-layout-flow\" style=\"padding-top:0px;padding-right:0px;padding-bottom:40px;padding-left:0px\">\n<h2 class=\"wp-block-heading has-text-align-center has-text-color\" style=\"color:#ffffff;margin-top:0;margin-bottom:var(--wp--preset--spacing--20);font-size:clamp(24.034px, 1.502rem + ((1vw - 3.2px) * 1.814), 40px);font-style:normal;font-weight:600\">MI\u00c9RT VAGYUNK EGYEDIEK?<\/h2>\n\n\n\n<div class=\"wp-block-group alignwide is-vertical is-content-justification-center is-layout-flex wp-container-core-group-is-layout-35d0fedc wp-block-group-is-layout-flex\" style=\"border-style:none;border-width:0px;border-radius:15px;margin-bottom:var(--wp--preset--spacing--70)\">\n<hr class=\"wp-block-separator has-text-color has-alpha-channel-opacity has-background is-style-default wp-container-content-4daaf377\" style=\"margin-top:0;margin-bottom:0;background-color:#10a19e;color:#10a19e\"\/>\n<\/div>\n\n\n\n<p class=\"has-text-align-left has-text-color\" style=\"color:#ffffff;margin-bottom:2rem;font-size:clamp(14px, 0.875rem + ((1vw - 3.2px) * 0.455), 18px);\">A LevelUp 8K program egyed\u00fcl\u00e1ll\u00f3 metodol\u00f3gi\u00e1j\u00e1val t\u0171nik ki, amely 16 kulcsfontoss\u00e1g\u00fa elemet foglal mag\u00e1ban. Ezeket a program szerz\u0151je, R\u00f3zsa Zsombor fejlesztette ki.<\/p>\n\n\n\n<p class=\"has-text-color\" style=\"color:#ffffff;margin-bottom:2rem;font-size:clamp(14px, 0.875rem + ((1vw - 3.2px) * 0.455), 18px);\">Ezek az elemek t\u00f6bbek k\u00f6z\u00f6tt a kritikus gondolkod\u00e1st, a kreat\u00edv alkot\u00e1st, a kommunik\u00e1ci\u00f3t, az egy\u00fcttm\u0171k\u00f6d\u00e9st, a kompetenci\u00e1k fejleszt\u00e9s\u00e9t, a kollegialit\u00e1st, a kultur\u00e1lis tudatoss\u00e1got \u00e9s a jellemfejl\u0151d\u00e9st is magukban foglalj\u00e1k.<\/p>\n\n\n\n<p class=\"has-text-color\" style=\"color:#ffffff;margin-bottom:0rem;font-size:clamp(14px, 0.875rem + ((1vw - 3.2px) * 0.455), 18px);\">Minden tan\u00f3ra nyolc ilyen elemet \u00f6lel fel, ez\u00e1ltal a tanul\u00e1s modern, \u00e9rdekes \u00e9s hat\u00e9kony lesz. A program c\u00e9lja, hogy a gyermekek intelligenci\u00e1j\u00e1t egy adott ter\u00fcleten fejlessze, vagy \u2013 t\u00f6bb ter\u00fcleten kiemelked\u0151 tehets\u00e9g eset\u00e9n \u2013 seg\u00edtsen felismerni a k\u00fcl\u00f6nb\u00f6z\u0151 tudom\u00e1ny\u00e1gak k\u00f6z\u00f6tti \u00f6sszef\u00fcgg\u00e9seket.<\/p>\n<\/div>\n\n\n\n<div class=\"wp-block-column is-layout-flow wp-block-column-is-layout-flow\" style=\"flex-basis:40%\">\n<figure class=\"wp-block-image aligncenter size-full has-custom-border\"><img loading=\"lazy\" decoding=\"async\" width=\"1563\" height=\"1173\" src=\"https:\/\/thinkeduhub.com\/wp-content\/uploads\/2024\/08\/sah.jpg\" alt=\"\" class=\"wp-image-1227\" style=\"border-radius:15px;aspect-ratio:3\/4;object-fit:cover\" srcset=\"https:\/\/thinkeduhub.com\/wp-content\/uploads\/2024\/08\/sah.jpg 1563w, https:\/\/thinkeduhub.com\/wp-content\/uploads\/2024\/08\/sah-300x225.jpg 300w, https:\/\/thinkeduhub.com\/wp-content\/uploads\/2024\/08\/sah-1024x768.jpg 1024w, https:\/\/thinkeduhub.com\/wp-content\/uploads\/2024\/08\/sah-768x576.jpg 768w, https:\/\/thinkeduhub.com\/wp-content\/uploads\/2024\/08\/sah-1536x1153.jpg 1536w\" sizes=\"auto, (max-width: 1563px) 100vw, 1563px\" \/><\/figure>\n<\/div>\n<\/div>\n<\/div>\n<\/div><\/div>\n\n\n\n<div class=\"wp-block-group alignfull has-global-padding is-layout-constrained wp-container-core-group-is-layout-74bc26e9 wp-block-group-is-layout-constrained\" style=\"margin-top:0;margin-bottom:0;padding-top:100px;padding-bottom:100px\">\n<h2 class=\"wp-block-heading alignwide has-text-align-center has-text-color has-link-color wp-elements-c093f55a67fb00b462d29831d32f02eb\" style=\"color:#3f0072;font-size:clamp(24.034px, 1.502rem + ((1vw - 3.2px) * 1.814), 40px);font-style:normal;font-weight:600\">Mi\u00e9rt fontos ez?<\/h2>\n\n\n\n<div class=\"wp-block-group alignwide is-vertical is-content-justification-center is-layout-flex wp-container-core-group-is-layout-1c8cae62 wp-block-group-is-layout-flex\" style=\"margin-top:0;margin-bottom:var(--wp--preset--spacing--40);padding-top:0;padding-right:0;padding-bottom:0;padding-left:0\">\n<hr class=\"wp-block-separator has-text-color has-alpha-channel-opacity has-background is-style-default wp-container-content-4daaf377\" style=\"margin-top:var(--wp--preset--spacing--20);margin-bottom:var(--wp--preset--spacing--20);background-color:#10a19e;color:#10a19e\"\/>\n<\/div>\n\n\n\n<div style=\"height:24px\" aria-hidden=\"true\" class=\"wp-block-spacer\"><\/div>\n\n\n\n<div class=\"wp-block-columns alignwide is-layout-flex wp-container-core-columns-is-layout-92515837 wp-block-columns-is-layout-flex\">\n<div class=\"wp-block-column is-layout-flow wp-container-core-column-is-layout-3ca914a4 wp-block-column-is-layout-flow\">\n<figure class=\"wp-block-image aligncenter size-full is-resized\"><img loading=\"lazy\" decoding=\"async\" width=\"512\" height=\"512\" src=\"https:\/\/thinkeduhub.com\/wp-content\/uploads\/2024\/09\/creative_9952896.png\" alt=\"\" class=\"wp-image-2223\" style=\"width:100px\" srcset=\"https:\/\/thinkeduhub.com\/wp-content\/uploads\/2024\/09\/creative_9952896.png 512w, https:\/\/thinkeduhub.com\/wp-content\/uploads\/2024\/09\/creative_9952896-300x300.png 300w, https:\/\/thinkeduhub.com\/wp-content\/uploads\/2024\/09\/creative_9952896-150x150.png 150w\" sizes=\"auto, (max-width: 512px) 100vw, 512px\" \/><\/figure>\n\n\n\n<p class=\"has-text-align-center\" style=\"margin-top:21px;margin-bottom:0;font-size:clamp(14px, 0.875rem + ((1vw - 3.2px) * 0.455), 18px);\">A gyermekek intellektu\u00e1lis k\u00e9szs\u00e9geinek fejleszt\u00e9se kulcsfontoss\u00e1g\u00fa a modern vil\u00e1gban val\u00f3 sikeress\u00e9g\u00fck szempontj\u00e1b\u00f3l.<\/p>\n<\/div>\n\n\n\n<div class=\"wp-block-column is-layout-flow wp-container-core-column-is-layout-3ca914a4 wp-block-column-is-layout-flow\">\n<figure class=\"wp-block-image aligncenter size-full is-resized\"><img loading=\"lazy\" decoding=\"async\" width=\"512\" height=\"512\" src=\"https:\/\/thinkeduhub.com\/wp-content\/uploads\/2024\/09\/chess_3915735.png\" alt=\"\" class=\"wp-image-2221\" style=\"width:100px\" srcset=\"https:\/\/thinkeduhub.com\/wp-content\/uploads\/2024\/09\/chess_3915735.png 512w, https:\/\/thinkeduhub.com\/wp-content\/uploads\/2024\/09\/chess_3915735-300x300.png 300w, https:\/\/thinkeduhub.com\/wp-content\/uploads\/2024\/09\/chess_3915735-150x150.png 150w\" sizes=\"auto, (max-width: 512px) 100vw, 512px\" \/><\/figure>\n\n\n\n<p class=\"has-text-align-center\" style=\"margin-top:21px;margin-bottom:0;font-size:clamp(14px, 0.875rem + ((1vw - 3.2px) * 0.455), 18px);\">Els\u0151 tanfolyamunk, a Chessclass, a sakkot haszn\u00e1lja eszk\u00f6zk\u00e9nt 60 intellektu\u00e1lis k\u00e9szs\u00e9g fejleszt\u00e9s\u00e9re, lehet\u0151s\u00e9get adva a gyermekeknek, hogy ezeket a k\u00e9pess\u00e9geket a mindennapi \u00e9letben \u00e9s tanulm\u00e1nyaik sor\u00e1n is alkalmazz\u00e1k.<\/p>\n<\/div>\n\n\n\n<div class=\"wp-block-column is-layout-flow wp-container-core-column-is-layout-3ca914a4 wp-block-column-is-layout-flow\">\n<figure class=\"wp-block-image aligncenter size-full is-resized\"><img loading=\"lazy\" decoding=\"async\" width=\"512\" height=\"512\" src=\"https:\/\/thinkeduhub.com\/wp-content\/uploads\/2024\/09\/8k_14237449.png\" alt=\"\" class=\"wp-image-2224\" style=\"width:100px\" srcset=\"https:\/\/thinkeduhub.com\/wp-content\/uploads\/2024\/09\/8k_14237449.png 512w, https:\/\/thinkeduhub.com\/wp-content\/uploads\/2024\/09\/8k_14237449-300x300.png 300w, https:\/\/thinkeduhub.com\/wp-content\/uploads\/2024\/09\/8k_14237449-150x150.png 150w\" sizes=\"auto, (max-width: 512px) 100vw, 512px\" \/><\/figure>\n\n\n\n<p class=\"has-text-align-center\" style=\"margin-top:21px;margin-bottom:0;font-size:clamp(14px, 0.875rem + ((1vw - 3.2px) * 0.455), 18px);\">A programunk egy\u00fcttm\u0171k\u00f6dik sz\u00e1mos szakemberrel, akik folyamatosan \u00faj tanfolyamokat fejlesztenek a 8K modell alapj\u00e1n, ez\u00e1ltal biztos\u00edtva a folyamatos fejl\u0151d\u00e9st \u00e9s a modern oktat\u00e1si ig\u00e9nyekhez val\u00f3 alkalmazkod\u00e1st.<\/p>\n<\/div>\n\n\n\n<div class=\"wp-block-column is-layout-flow wp-container-core-column-is-layout-3ca914a4 wp-block-column-is-layout-flow\">\n<figure class=\"wp-block-image aligncenter size-full is-resized\"><img loading=\"lazy\" decoding=\"async\" width=\"268\" height=\"284\" src=\"https:\/\/thinkeduhub.com\/wp-content\/uploads\/2024\/09\/image-removebg-preview-e1725473087541.png\" alt=\"\" class=\"wp-image-2225\" style=\"width:95px\"\/><\/figure>\n\n\n\n<p class=\"has-text-align-center\" style=\"margin-top:21px;margin-bottom:0;font-size:clamp(14px, 0.875rem + ((1vw - 3.2px) * 0.455), 18px);\">A LevelUp 8K program c\u00e9lja, hogy a gyermekek akt\u00edv gondolkod\u00f3kk\u00e1 v\u00e1ljanak, akik nemcsak az oktat\u00e1si k\u00f6rnyezetben, hanem az \u00e9let k\u00fcl\u00f6nb\u00f6z\u0151 helyzeteiben is meg\u00e1llj\u00e1k a hely\u00fcket. Tanfolyamaink, workshopjaink \u00e9s ny\u00e1ri t\u00e1boraink seg\u00edtik \u0151ket abban, hogy intelligenci\u00e1juk minden ter\u00fclet\u00e9t fejlessz\u00e9k \u2013 a logikai-matematikai k\u00e9szs\u00e9gekt\u0151l az interperszon\u00e1lis \u00e9s spiritu\u00e1lis intelligenci\u00e1ig.<\/p>\n<\/div>\n<\/div>\n<\/div>\n\n\n\n<section class=\"wp-block-cover alignfull has-parallax\" style=\"margin-top:37px;padding-bottom:13.51rem;min-height:383px;aspect-ratio:unset;\"><span aria-hidden=\"true\" class=\"wp-block-cover__background has-background-dim-0 has-background-dim\" style=\"background-color:#430165\"><\/span><div class=\"wp-block-cover__image-background wp-image-1154 has-parallax\" style=\"background-position:50% 50%;background-image:url(https:\/\/thinkeduhub.com\/wp-content\/uploads\/2024\/08\/honlap-hatter-1-1.jpg)\"><\/div><div class=\"wp-block-cover__inner-container has-global-padding is-layout-constrained wp-container-core-cover-is-layout-dc546073 wp-block-cover-is-layout-constrained\">\n<div class=\"wp-block-group alignfull has-text-color has-global-padding is-layout-constrained wp-container-core-group-is-layout-6f61d7e7 wp-block-group-is-layout-constrained\" style=\"color:#252525;margin-top:0px;padding-top:0rem;padding-right:1rem;padding-bottom:0rem;padding-left:1rem;font-size:clamp(0.875rem, 0.875rem + ((1vw - 0.2rem) * 0.464), 1.13rem);font-style:normal;font-weight:400;line-height:1.4\">\n<div class=\"wp-block-group alignwide is-vertical is-content-justification-center is-layout-flex wp-container-core-group-is-layout-b6c1f246 wp-block-group-is-layout-flex\">\n<div class=\"wp-block-group has-global-padding is-layout-constrained wp-container-core-group-is-layout-a099c240 wp-block-group-is-layout-constrained\">\n<h1 class=\"wp-block-heading has-text-align-center has-text-color\" style=\"color:#ffffff;margin-bottom:1.11rem;font-size:clamp(1.93rem, 1.93rem + ((1vw - 0.2rem) * 2.673), 3.4rem);font-style:normal;font-weight:500;line-height:1.2;text-transform:none\">Jelentkezzen most!<\/h1>\n\n\n\n<p class=\"has-text-align-center has-text-color\" style=\"color:#ffbe00;margin-top:0rem;font-size:clamp(0.875rem, 0.875rem + ((1vw - 0.2rem) * 0.427), 1.11rem);font-style:normal;font-weight:500;line-height:1.6\">Kezdje el gyermeke oktat\u00e1s\u00e1t vel\u00fcnk!<\/p>\n\n\n\n<div class=\"wp-block-group is-vertical is-content-justification-stretch is-layout-flex wp-container-core-group-is-layout-be82aac6 wp-block-group-is-layout-flex\" style=\"margin-top:0rem;padding-right:0px;padding-left:0px\">\n<div class=\"wp-block-group has-global-padding is-content-justification-center is-layout-constrained wp-container-core-group-is-layout-0638dde4 wp-block-group-is-layout-constrained\" style=\"margin-top:0px\">\n<div class=\"wp-block-buttons is-horizontal is-content-justification-right is-layout-flex wp-container-core-buttons-is-layout-1b0e492f wp-block-buttons-is-layout-flex\" style=\"margin-top:2.21rem\">\n<div class=\"wp-block-button has-custom-width wp-block-button__width-100 has-custom-font-size is-style-fill\" style=\"font-size:clamp(0.875rem, 0.875rem + ((1vw - 0.2rem) * 0.609), 1.21rem);font-style:normal;font-weight:600;line-height:1;text-transform:capitalize\"><a class=\"wp-block-button__link has-luminous-vivid-amber-to-luminous-vivid-orange-gradient-background has-text-color has-background wp-element-button\" href=\"https:\/\/thinkeduhub.com\/hu\/kursevi\/#level-up-kursevi\" style=\"border-style:none;border-width:0px;border-radius:20px;color:#ffffff;padding-top:1.1rem;padding-right:0.81rem;padding-bottom:1.1rem;padding-left:0.81rem\">REGISZTR\u00c1CI\u00d3<\/a><\/div>\n<\/div>\n<\/div>\n<\/div>\n<\/div>\n<\/div>\n<\/div>\n<\/div><\/section>","protected":false},"excerpt":{"rendered":"<p>\u0160TA JE NA\u0160 CILJ Cilj LevelUp 8K programa je da deci od 7 do 14 godina omogu\u0107imo potpuni razvoj njihovih intelektualnih ve\u0161tina kroz inovativne i savremene kurseve. Program je dizajniran tako da deca razvijaju svoje kompetencije, kognitivne sposobnosti i ve\u0161tine u skladu sa svojim talentima i interesovanjima. Kroz na\u0161u edukaciju, deca postaju bolji u logi\u010dkom [&hellip;]<\/p>","protected":false},"author":2,"featured_media":0,"parent":0,"menu_order":0,"comment_status":"closed","ping_status":"closed","template":"","meta":{"ngg_post_thumbnail":0,"footnotes":""},"class_list":["post-48","page","type-page","status-publish","hentry"],"_links":{"self":[{"href":"https:\/\/thinkeduhub.com\/hu\/wp-json\/wp\/v2\/pages\/48","targetHints":{"allow":["GET"]}}],"collection":[{"href":"https:\/\/thinkeduhub.com\/hu\/wp-json\/wp\/v2\/pages"}],"about":[{"href":"https:\/\/thinkeduhub.com\/hu\/wp-json\/wp\/v2\/types\/page"}],"author":[{"embeddable":true,"href":"https:\/\/thinkeduhub.com\/hu\/wp-json\/wp\/v2\/users\/2"}],"replies":[{"embeddable":true,"href":"https:\/\/thinkeduhub.com\/hu\/wp-json\/wp\/v2\/comments?post=48"}],"version-history":[{"count":14,"href":"https:\/\/thinkeduhub.com\/hu\/wp-json\/wp\/v2\/pages\/48\/revisions"}],"predecessor-version":[{"id":2269,"href":"https:\/\/thinkeduhub.com\/hu\/wp-json\/wp\/v2\/pages\/48\/revisions\/2269"}],"wp:attachment":[{"href":"https:\/\/thinkeduhub.com\/hu\/wp-json\/wp\/v2\/media?parent=48"}],"curies":[{"name":"wp","href":"https:\/\/api.w.org\/{rel}","templated":true}]}}