{"id":50,"date":"2024-04-22T13:56:46","date_gmt":"2024-04-22T13:56:46","guid":{"rendered":"http:\/\/oeg.awf.temporary.site\/?page_id=50"},"modified":"2024-09-04T18:49:48","modified_gmt":"2024-09-04T18:49:48","slug":"flying-colors","status":"publish","type":"page","link":"https:\/\/thinkeduhub.com\/hu\/flying-colors\/","title":{"rendered":"Flying Colors"},"content":{"rendered":"<div class=\"wp-block-cover alignfull has-parallax\" style=\"padding-top:2%;min-height:533px;aspect-ratio:unset;\"><span aria-hidden=\"true\" class=\"wp-block-cover__background has-background-dim-0 has-background-dim\" style=\"background-color:#430165\"><\/span><div class=\"wp-block-cover__image-background wp-image-1154 has-parallax\" style=\"background-position:50% 50%;background-image:url(https:\/\/thinkeduhub.com\/wp-content\/uploads\/2024\/08\/honlap-hatter-1-1.jpg)\"><\/div><div class=\"wp-block-cover__inner-container has-global-padding is-layout-constrained wp-container-core-cover-is-layout-ee51f2d2 wp-block-cover-is-layout-constrained\">\n<div class=\"wp-block-group alignwide is-vertical is-content-justification-center is-layout-flex wp-container-core-group-is-layout-5e763914 wp-block-group-is-layout-flex\" style=\"min-height:8rem\">\n<div class=\"wp-block-group has-global-padding is-layout-constrained wp-container-core-group-is-layout-bea02a06 wp-block-group-is-layout-constrained\">\n<h1 class=\"wp-block-heading has-text-align-center has-text-color\" style=\"color:#ffffff;margin-top:0rem;margin-bottom:1.01rem;font-size:clamp(2.671rem, 2.671rem + ((1vw - 0.2rem) * 4.416), 5.1rem);font-style:normal;font-weight:700;line-height:1;text-transform:capitalize\">Flying colors<\/h1>\n<\/div>\n<\/div>\n<\/div><\/div>\n\n\n\n<div class=\"wp-block-group alignfull has-global-padding is-layout-constrained wp-container-core-group-is-layout-9a564456 wp-block-group-is-layout-constrained\" style=\"margin-top:0;margin-bottom:0;padding-top:5rem;padding-right:var(--wp--preset--spacing--40);padding-bottom:5rem;padding-left:var(--wp--preset--spacing--40)\">\n<div class=\"wp-block-group alignwide has-global-padding is-layout-constrained wp-block-group-is-layout-constrained\" style=\"padding-bottom:2rem\">\n<div class=\"wp-block-group alignwide is-vertical is-content-justification-center is-layout-flex wp-container-core-group-is-layout-dff040d1 wp-block-group-is-layout-flex\" style=\"border-style:none;border-width:0px;border-radius:15px;margin-bottom:var(--wp--preset--spacing--50)\">\n<h3 class=\"wp-block-heading alignwide has-text-color has-link-color wp-elements-890ddb1dbb5404379eb2d57b20a85bae\" style=\"color:#3f0072;font-size:clamp(24.034px, 1.502rem + ((1vw - 3.2px) * 1.814), 40px);font-style:normal;font-weight:600\"><strong>K\u00fcldet\u00e9s\u00fcnk \u00e9s c\u00e9lunk<\/strong><\/h3>\n\n\n\n<hr class=\"wp-block-separator has-text-color has-alpha-channel-opacity has-background is-style-default wp-container-content-4daaf377\" style=\"margin-top:0;margin-bottom:0;background-color:#10a19e;color:#10a19e\"\/>\n<\/div>\n<\/div>\n\n\n\n<div class=\"wp-block-group alignwide has-global-padding is-layout-constrained wp-container-core-group-is-layout-1cf432e6 wp-block-group-is-layout-constrained\" style=\"margin-top:1.01rem\">\n<div class=\"wp-block-columns alignwide is-layout-flex wp-container-core-columns-is-layout-28f84493 wp-block-columns-is-layout-flex\">\n<div class=\"wp-block-column has-global-padding is-layout-constrained wp-container-core-column-is-layout-16b551ad wp-block-column-is-layout-constrained\" style=\"padding-right:1rem;padding-bottom:2rem;padding-left:1rem\">\n<div class=\"wp-block-group has-global-padding is-layout-constrained wp-container-core-group-is-layout-a099c240 wp-block-group-is-layout-constrained\">\n<figure class=\"wp-block-image aligncenter size-large is-resized wp-duotone-3f0072-rgb255255255-1\"><img decoding=\"async\" src=\"https:\/\/tyler.com\/wp-content\/themes\/variations-child\/assets\/images\/traveling\/traveling-icon1.svg\" alt=\"\" class=\"wp-image-1171\" style=\"width:60px\"\/><\/figure>\n\n\n\n<p class=\"has-text-align-center has-text-color\" style=\"color:#252525;margin-top:0.51rem;font-size:clamp(0.875rem, 0.875rem + ((1vw - 0.2rem) * 0.227), 1rem);font-style:normal;font-weight:500;line-height:1.4\">A Flying Colors k\u00f6zpontban c\u00e9lunk, hogy a gyermekek kreat\u00edv rajz-, fest\u00e9szeti \u00e9s szobr\u00e1szati m\u0171helyeken kereszt\u00fcl felfedezhess\u00e9k \u00e9s fejleszthess\u00e9k m\u0171v\u00e9szi potenci\u00e1ljukat.<\/p>\n<\/div>\n<\/div>\n\n\n\n<div class=\"wp-block-column has-global-padding is-layout-constrained wp-container-core-column-is-layout-16b551ad wp-block-column-is-layout-constrained\" style=\"padding-right:1rem;padding-bottom:2rem;padding-left:1rem\">\n<div class=\"wp-block-group has-global-padding is-layout-constrained wp-container-core-group-is-layout-a099c240 wp-block-group-is-layout-constrained\">\n<figure class=\"wp-block-image aligncenter size-large is-resized wp-duotone-3f0072-rgb255255255-2\"><img decoding=\"async\" src=\"https:\/\/tyler.com\/wp-content\/themes\/variations-child\/assets\/images\/traveling\/traveling-icon2.svg\" alt=\"\" class=\"wp-image-1176\" style=\"width:60px\"\/><\/figure>\n\n\n\n<p class=\"has-text-align-center has-text-color\" style=\"color:#252525;margin-top:0.51rem;font-size:clamp(0.875rem, 0.875rem + ((1vw - 0.2rem) * 0.227), 1rem);font-style:normal;font-weight:500;line-height:1.4\">Szeretn\u00e9nk, ha a gyerekek tapasztalt m\u0171v\u00e9szek ir\u00e1ny\u00edt\u00e1s\u00e1val elsaj\u00e1t\u00edtan\u00e1k a k\u00e9pz\u0151m\u0171v\u00e9szeti technik\u00e1k \u00e9s m\u0171v\u00e9szeti form\u00e1k alapjait, mik\u00f6zben felszabaduln\u00e1nak az \u00f6nkifejez\u00e9s ir\u00e1nti f\u00e9lelmekt\u0151l, \u00e9s megtal\u00e1ln\u00e1k saj\u00e1t egy\u00e9ni m\u0171v\u00e9szi st\u00edlusukat.<\/p>\n<\/div>\n<\/div>\n<\/div>\n<\/div>\n<\/div>\n\n\n\n<div class=\"wp-block-cover alignfull has-parallax wp-duotone-unset-3\" style=\"min-height:828px;aspect-ratio:unset;\"><span aria-hidden=\"true\" class=\"wp-block-cover__background has-black-background-color has-background-dim-0 has-background-dim\"><\/span><div class=\"wp-block-cover__image-background wp-image-1154 has-parallax\" style=\"background-position:50% 50%;background-image:url(https:\/\/thinkeduhub.com\/wp-content\/uploads\/2024\/08\/honlap-hatter-1-1.jpg)\"><\/div><div class=\"wp-block-cover__inner-container is-layout-flow wp-block-cover-is-layout-flow\">\n<div class=\"wp-block-group alignfull has-global-padding is-layout-constrained wp-container-core-group-is-layout-6d8556d3 wp-block-group-is-layout-constrained\" style=\"margin-top:0px;margin-bottom:0px;padding-top:100px;padding-right:20px;padding-bottom:100px;padding-left:20px\">\n<div class=\"wp-block-columns alignwide is-layout-flex wp-container-core-columns-is-layout-8e3aed5f wp-block-columns-is-layout-flex\" style=\"border-style:none;border-width:0px;margin-top:0px;margin-bottom:0px;padding-top:0px;padding-right:30px;padding-bottom:0px;padding-left:30px\">\n<div class=\"wp-block-column is-vertically-aligned-center is-layout-flow wp-container-core-column-is-layout-abe5317a wp-block-column-is-layout-flow\" style=\"padding-top:0px;padding-right:0px;padding-bottom:40px;padding-left:0px\">\n<h2 class=\"wp-block-heading has-text-align-center has-text-color\" style=\"color:#ffffff;margin-top:0;margin-bottom:var(--wp--preset--spacing--20);font-size:clamp(24.034px, 1.502rem + ((1vw - 3.2px) * 1.814), 40px);font-style:normal;font-weight:600\">MI\u00c9RT VAGYUNK EGYEDIEK?<\/h2>\n\n\n\n<div class=\"wp-block-group alignwide is-vertical is-content-justification-center is-layout-flex wp-container-core-group-is-layout-35d0fedc wp-block-group-is-layout-flex\" style=\"border-style:none;border-width:0px;border-radius:15px;margin-bottom:var(--wp--preset--spacing--70)\">\n<hr class=\"wp-block-separator has-text-color has-alpha-channel-opacity has-background is-style-default wp-container-content-4daaf377\" style=\"margin-top:0;margin-bottom:0;background-color:#10a19e;color:#10a19e\"\/>\n<\/div>\n\n\n\n<p class=\"has-text-align-left has-text-color\" style=\"color:#ffffff;margin-bottom:2rem;font-size:clamp(14px, 0.875rem + ((1vw - 3.2px) * 0.455), 18px);\">A Flying Colors k\u00f6zpont modern szeml\u00e9let\u0171 m\u0171v\u00e9szeti oktat\u00e1s\u00e1val t\u0171nik ki, amelyet Evetovi\u0107 N\u00f3ra, k\u00e9pz\u0151m\u0171v\u00e9sz-mester \u00e9s fest\u0151m\u0171v\u00e9sz vezet.<\/p>\n\n\n\n<p class=\"has-text-color\" style=\"color:#ffffff;margin-bottom:2rem;font-size:clamp(14px, 0.875rem + ((1vw - 3.2px) * 0.455), 18px);\">Programunk lehet\u0151s\u00e9get biztos\u00edt a r\u00e9sztvev\u0151k sz\u00e1m\u00e1ra, hogy az alapvet\u0151 technik\u00e1kt\u00f3l a komplex m\u0171v\u00e9szi kifejez\u00e9sm\u00f3dokig fejl\u0151djenek, bele\u00e9rtve az olajfest\u00e9szetet is.<\/p>\n\n\n\n<p class=\"has-text-color\" style=\"color:#ffffff;margin-bottom:0rem;font-size:clamp(14px, 0.875rem + ((1vw - 3.2px) * 0.455), 18px);\">M\u0171helyeink mindenki sz\u00e1m\u00e1ra nyitottak, f\u00fcggetlen\u00fcl a kor\u00e1bbi tapasztalatokt\u00f3l, \u00e9s az egy\u00e9ni ig\u00e9nyekhez, valamint \u00e9rdekl\u0151d\u00e9si k\u00f6r\u00f6kh\u00f6z igazodnak. Kiemelt figyelmet ford\u00edtunk arra, hogy a r\u00e9sztvev\u0151k interakt\u00edv m\u00f3dszereken kereszt\u00fcl ismerkedjenek meg az \u00e1ltal\u00e1nos m\u0171velts\u00e9ggel \u00e9s a m\u0171v\u00e9szett\u00f6rt\u00e9nettel.<\/p>\n<\/div>\n\n\n\n<div class=\"wp-block-column is-layout-flow wp-block-column-is-layout-flow\" style=\"flex-basis:40%\">\n<figure class=\"wp-block-image aligncenter size-full has-custom-border\"><img loading=\"lazy\" decoding=\"async\" width=\"1702\" height=\"1277\" src=\"https:\/\/thinkeduhub.com\/wp-content\/uploads\/2024\/08\/rajz2.jpg\" alt=\"\" class=\"wp-image-1216\" style=\"border-radius:15px;aspect-ratio:3\/4;object-fit:cover\"\/><\/figure>\n<\/div>\n<\/div>\n<\/div>\n<\/div><\/div>\n\n\n\n<div class=\"wp-block-group alignfull has-global-padding is-layout-constrained wp-container-core-group-is-layout-74bc26e9 wp-block-group-is-layout-constrained\" style=\"margin-top:0;margin-bottom:0;padding-top:100px;padding-bottom:100px\">\n<h2 class=\"wp-block-heading alignwide has-text-align-center has-text-color has-link-color wp-elements-c093f55a67fb00b462d29831d32f02eb\" style=\"color:#3f0072;font-size:clamp(24.034px, 1.502rem + ((1vw - 3.2px) * 1.814), 40px);font-style:normal;font-weight:600\">Mi\u00e9rt fontos ez?<\/h2>\n\n\n\n<div class=\"wp-block-group alignwide is-vertical is-content-justification-center is-layout-flex wp-container-core-group-is-layout-1c8cae62 wp-block-group-is-layout-flex\" style=\"margin-top:0;margin-bottom:var(--wp--preset--spacing--40);padding-top:0;padding-right:0;padding-bottom:0;padding-left:0\">\n<hr class=\"wp-block-separator has-text-color has-alpha-channel-opacity has-background is-style-default wp-container-content-4daaf377\" style=\"margin-top:var(--wp--preset--spacing--20);margin-bottom:var(--wp--preset--spacing--20);background-color:#10a19e;color:#10a19e\"\/>\n<\/div>\n\n\n\n<div style=\"height:24px\" aria-hidden=\"true\" class=\"wp-block-spacer\"><\/div>\n\n\n\n<div class=\"wp-block-columns alignwide is-layout-flex wp-container-core-columns-is-layout-92515837 wp-block-columns-is-layout-flex\">\n<div class=\"wp-block-column is-layout-flow wp-container-core-column-is-layout-3ca914a4 wp-block-column-is-layout-flow\">\n<figure class=\"wp-block-image aligncenter size-full is-resized\"><img loading=\"lazy\" decoding=\"async\" width=\"283\" height=\"277\" src=\"https:\/\/thinkeduhub.com\/wp-content\/uploads\/2024\/09\/image-removebg-preview-1.png\" alt=\"\" class=\"wp-image-2231\" style=\"width:100px\"\/><\/figure>\n\n\n\n<p class=\"has-text-align-center\" style=\"margin-top:21px;margin-bottom:0;font-size:clamp(14px, 0.875rem + ((1vw - 3.2px) * 0.455), 18px);\">A kreativit\u00e1s fejleszt\u00e9se kulcsfontoss\u00e1g\u00fa a gyermekek \u00e1tfog\u00f3 fejl\u0151d\u00e9se szempontj\u00e1b\u00f3l.<\/p>\n<\/div>\n\n\n\n<div class=\"wp-block-column is-layout-flow wp-container-core-column-is-layout-3ca914a4 wp-block-column-is-layout-flow\">\n<figure class=\"wp-block-image aligncenter size-full is-resized\"><img loading=\"lazy\" decoding=\"async\" width=\"296\" height=\"279\" src=\"https:\/\/thinkeduhub.com\/wp-content\/uploads\/2024\/09\/image-removebg-preview-2.png\" alt=\"\" class=\"wp-image-2232\" style=\"width:100px\"\/><\/figure>\n\n\n\n<p class=\"has-text-align-center\" style=\"margin-top:21px;margin-bottom:0;font-size:clamp(14px, 0.875rem + ((1vw - 3.2px) * 0.455), 18px);\">M\u0171helyeink nem csup\u00e1n oktat\u00f3 jelleg\u0171ek, hanem inspir\u00e1l\u00f3ak is, lehet\u0151s\u00e9get teremtve a gyermekek sz\u00e1m\u00e1ra, hogy felfedezz\u00e9k az alkot\u00e1s \u00f6r\u00f6m\u00e9t.<\/p>\n<\/div>\n\n\n\n<div class=\"wp-block-column is-layout-flow wp-container-core-column-is-layout-3ca914a4 wp-block-column-is-layout-flow\">\n<figure class=\"wp-block-image aligncenter size-full is-resized\"><img loading=\"lazy\" decoding=\"async\" width=\"303\" height=\"281\" src=\"https:\/\/thinkeduhub.com\/wp-content\/uploads\/2024\/09\/image-removebg-preview-3.png\" alt=\"\" class=\"wp-image-2234\" style=\"width:100px\" srcset=\"https:\/\/thinkeduhub.com\/wp-content\/uploads\/2024\/09\/image-removebg-preview-3.png 303w, https:\/\/thinkeduhub.com\/wp-content\/uploads\/2024\/09\/image-removebg-preview-3-300x278.png 300w\" sizes=\"auto, (max-width: 303px) 100vw, 303px\" \/><\/figure>\n\n\n\n<p class=\"has-text-align-center\" style=\"margin-top:21px;margin-bottom:0;font-size:clamp(14px, 0.875rem + ((1vw - 3.2px) * 0.455), 18px);\">A n\u00e1lunk elsaj\u00e1t\u00edtott m\u0171v\u00e9szeti k\u00e9szs\u00e9gek nemcsak abban seg\u00edtenek, hogy a gyerekek sz\u00edneken, vonalakon \u00e9s form\u00e1kon kereszt\u00fcl kifejezz\u00e9k magukat, hanem megtan\u00edtj\u00e1k \u0151ket a t\u00fcrelemre, az elk\u00f6telezetts\u00e9gre \u00e9s a kritikus gondolkod\u00e1sra is.<\/p>\n<\/div>\n\n\n\n<div class=\"wp-block-column is-layout-flow wp-container-core-column-is-layout-3ca914a4 wp-block-column-is-layout-flow\">\n<figure class=\"wp-block-image aligncenter size-full is-resized\"><img loading=\"lazy\" decoding=\"async\" width=\"311\" height=\"251\" src=\"https:\/\/thinkeduhub.com\/wp-content\/uploads\/2024\/09\/image-removebg-preview-4.png\" alt=\"\" class=\"wp-image-2235\" style=\"width:110px\" srcset=\"https:\/\/thinkeduhub.com\/wp-content\/uploads\/2024\/09\/image-removebg-preview-4.png 311w, https:\/\/thinkeduhub.com\/wp-content\/uploads\/2024\/09\/image-removebg-preview-4-300x242.png 300w\" sizes=\"auto, (max-width: 311px) 100vw, 311px\" \/><\/figure>\n\n\n\n<p class=\"has-text-align-center\" style=\"margin-top:21px;margin-bottom:0;font-size:clamp(14px, 0.875rem + ((1vw - 3.2px) * 0.455), 18px);\">Tervezz\u00fck egy professzion\u00e1lis m\u0171v\u00e9szeti alkot\u00f3t\u00e1bor megszervez\u00e9s\u00e9t is, ahol a r\u00e9sztvev\u0151k egyed\u00fcl\u00e1ll\u00f3 lehet\u0151s\u00e9get kapnak arra, hogy kapcsolatba l\u00e9pjenek a r\u00e9gi\u00f3 elismert m\u0171v\u00e9szeivel, b\u0151v\u00edts\u00e9k l\u00e1t\u00f3k\u00f6r\u00fcket, \u00e9s \u00e9rt\u00e9kes tapasztalatokat szerezzenek gal\u00e9ria- \u00e9s m\u00fazeuml\u00e1togat\u00e1sok sor\u00e1n.<\/p>\n<\/div>\n<\/div>\n<\/div>\n\n\n\n<section class=\"wp-block-cover alignfull has-parallax\" style=\"margin-top:37px;padding-bottom:13.51rem;min-height:374px;aspect-ratio:unset;\"><span aria-hidden=\"true\" class=\"wp-block-cover__background has-background-dim-0 has-background-dim\" style=\"background-color:#430165\"><\/span><div class=\"wp-block-cover__image-background wp-image-1154 has-parallax\" style=\"background-position:50% 50%;background-image:url(https:\/\/thinkeduhub.com\/wp-content\/uploads\/2024\/08\/honlap-hatter-1-1.jpg)\"><\/div><div class=\"wp-block-cover__inner-container has-global-padding is-layout-constrained wp-container-core-cover-is-layout-dc546073 wp-block-cover-is-layout-constrained\">\n<div class=\"wp-block-group alignfull has-text-color has-global-padding is-layout-constrained wp-container-core-group-is-layout-6f61d7e7 wp-block-group-is-layout-constrained\" style=\"color:#252525;margin-top:0px;padding-top:0rem;padding-right:1rem;padding-bottom:0rem;padding-left:1rem;font-size:clamp(0.875rem, 0.875rem + ((1vw - 0.2rem) * 0.464), 1.13rem);font-style:normal;font-weight:400;line-height:1.4\">\n<div class=\"wp-block-group alignwide is-vertical is-content-justification-center is-layout-flex wp-container-core-group-is-layout-b6c1f246 wp-block-group-is-layout-flex\">\n<div class=\"wp-block-group has-global-padding is-layout-constrained wp-container-core-group-is-layout-a099c240 wp-block-group-is-layout-constrained\">\n<h1 class=\"wp-block-heading has-text-align-center has-text-color\" style=\"color:#ffffff;margin-bottom:1.11rem;font-size:clamp(1.93rem, 1.93rem + ((1vw - 0.2rem) * 2.673), 3.4rem);font-style:normal;font-weight:500;line-height:1.2;text-transform:none\">Jelentkezzen most!<\/h1>\n\n\n\n<p class=\"has-text-align-center has-text-color\" style=\"color:#ffbe00;margin-top:0rem;font-size:clamp(0.875rem, 0.875rem + ((1vw - 0.2rem) * 0.427), 1.11rem);font-style:normal;font-weight:500;line-height:1.6\">Kezdje el gyermeke oktat\u00e1s\u00e1t vel\u00fcnk!<\/p>\n\n\n\n<div class=\"wp-block-group is-vertical is-content-justification-stretch is-layout-flex wp-container-core-group-is-layout-be82aac6 wp-block-group-is-layout-flex\" style=\"margin-top:0rem;padding-right:0px;padding-left:0px\">\n<div class=\"wp-block-group has-global-padding is-content-justification-center is-layout-constrained wp-container-core-group-is-layout-0638dde4 wp-block-group-is-layout-constrained\" style=\"margin-top:0px\">\n<div class=\"wp-block-buttons is-horizontal is-content-justification-right is-layout-flex wp-container-core-buttons-is-layout-1b0e492f wp-block-buttons-is-layout-flex\" style=\"margin-top:2.21rem\">\n<div class=\"wp-block-button has-custom-width wp-block-button__width-100 has-custom-font-size is-style-fill\" style=\"font-size:clamp(0.875rem, 0.875rem + ((1vw - 0.2rem) * 0.609), 1.21rem);font-style:normal;font-weight:600;line-height:1;text-transform:capitalize\"><a class=\"wp-block-button__link has-luminous-vivid-amber-to-luminous-vivid-orange-gradient-background has-text-color has-background wp-element-button\" href=\"https:\/\/thinkeduhub.com\/hu\/kursevi\/#flying-colors-kursevi\" style=\"border-style:none;border-width:0px;border-radius:20px;color:#ffffff;padding-top:1.1rem;padding-right:0.81rem;padding-bottom:1.1rem;padding-left:0.81rem\">REGISZTR\u00c1CI\u00d3<\/a><\/div>\n<\/div>\n<\/div>\n<\/div>\n<\/div>\n<\/div>\n<\/div>\n<\/div><\/section>","protected":false},"excerpt":{"rendered":"<p>\u0160TA JE NA\u0160 CILJ Na\u0161 cilj u Flying Colors centru je da deci omogu\u0107imo da istra\u017ee i razviju svoj umetni\u010dki potencijal kroz kreativne radionice crtanja, slikanja i vajanja. \u017delimo da deca, kroz rad sa iskusnim umetnicima, steknu osnovna znanja o likovnim tehnikama i umetni\u010dkim formama, te da se oslobode straha od izra\u017eavanja i prona\u0111u sopstveni [&hellip;]<\/p>","protected":false},"author":2,"featured_media":0,"parent":0,"menu_order":0,"comment_status":"closed","ping_status":"closed","template":"","meta":{"ngg_post_thumbnail":0,"footnotes":""},"class_list":["post-50","page","type-page","status-publish","hentry"],"_links":{"self":[{"href":"https:\/\/thinkeduhub.com\/hu\/wp-json\/wp\/v2\/pages\/50","targetHints":{"allow":["GET"]}}],"collection":[{"href":"https:\/\/thinkeduhub.com\/hu\/wp-json\/wp\/v2\/pages"}],"about":[{"href":"https:\/\/thinkeduhub.com\/hu\/wp-json\/wp\/v2\/types\/page"}],"author":[{"embeddable":true,"href":"https:\/\/thinkeduhub.com\/hu\/wp-json\/wp\/v2\/users\/2"}],"replies":[{"embeddable":true,"href":"https:\/\/thinkeduhub.com\/hu\/wp-json\/wp\/v2\/comments?post=50"}],"version-history":[{"count":15,"href":"https:\/\/thinkeduhub.com\/hu\/wp-json\/wp\/v2\/pages\/50\/revisions"}],"predecessor-version":[{"id":2270,"href":"https:\/\/thinkeduhub.com\/hu\/wp-json\/wp\/v2\/pages\/50\/revisions\/2270"}],"wp:attachment":[{"href":"https:\/\/thinkeduhub.com\/hu\/wp-json\/wp\/v2\/media?parent=50"}],"curies":[{"name":"wp","href":"https:\/\/api.w.org\/{rel}","templated":true}]}}