{"id":64,"date":"2024-04-22T14:40:55","date_gmt":"2024-04-22T14:40:55","guid":{"rendered":"http:\/\/oeg.awf.temporary.site\/?page_id=64"},"modified":"2025-05-16T20:16:32","modified_gmt":"2025-05-16T20:16:32","slug":"timbildinzi","status":"publish","type":"page","link":"https:\/\/thinkeduhub.com\/hu\/timbildinzi\/","title":{"rendered":"Tim bilding"},"content":{"rendered":"<div class=\"wp-block-cover alignfull has-parallax\" style=\"padding-top:200px;padding-bottom:100px;min-height:432px;aspect-ratio:unset;\"><div class=\"wp-block-cover__image-background wp-image-1154 has-parallax\" style=\"background-position:50% 50%;background-image:url(https:\/\/thinkeduhub.com\/wp-content\/uploads\/2024\/08\/honlap-hatter-1-1.jpg)\"><\/div><span aria-hidden=\"true\" class=\"wp-block-cover__background has-background-dim-0 has-background-dim\" style=\"background-color:#c67ba2\"><\/span><div class=\"wp-block-cover__inner-container has-global-padding is-layout-constrained wp-container-core-cover-is-layout-6d4063e3 wp-block-cover-is-layout-constrained\">\n<h1 class=\"wp-block-heading has-text-align-center has-text-color has-bayon-font-family\" style=\"color:#ffffff;font-size:clamp(37.821px, 2.364rem + ((1vw - 3.2px) * 3.657), 70px);font-style:normal;font-weight:700;text-transform:uppercase\">Csapat\u00e9p\u00edt\u00e9s<\/h1>\n<\/div><\/div>\n\n\n\n<div class=\"wp-block-group alignfull has-global-padding is-layout-constrained wp-block-group-is-layout-constrained\" style=\"margin-top:var(--wp--preset--spacing--80);margin-bottom:5.8rem\">\n<h2 class=\"wp-block-heading alignwide has-text-align-center has-text-color has-bayon-font-family\" id=\"flying-colors-kursevi\" style=\"color:#3f0072;padding-bottom:0px;font-size:clamp(26.465px, 1.654rem + ((1vw - 3.2px) * 2.106), 45px);letter-spacing:2px;text-transform:uppercase\"><strong>flying colors<\/strong><\/h2>\n\n\n\n<h4 class=\"wp-block-heading alignwide has-text-align-center has-text-color has-link-color wp-elements-a6ccde86115f2a1e5c904c26c122ac8b\" style=\"color:#000000;margin-top:0;margin-bottom:0;text-transform:uppercase\">M\u0171v\u00e9szeti workshopok<\/h4>\n\n\n\n<h6 class=\"wp-block-heading alignwide has-text-align-center has-text-color has-link-color wp-elements-fd514dbd440a34482e61eff13a324748\" style=\"color:#000000;margin-top:0;margin-bottom:0;text-transform:none\">C\u00e9gek sz\u00e1m\u00e1ra<\/h6>\n\n\n\n<div class=\"wp-block-group alignwide is-style-default has-background has-small-font-size is-vertical is-content-justification-center is-layout-flex wp-container-core-group-is-layout-d3939954 wp-block-group-is-layout-flex\" style=\"background-color:#10a19e;margin-top:var(--wp--preset--spacing--30);margin-bottom:0;padding-top:0;padding-right:0;padding-bottom:0;padding-left:0\">\n<hr class=\"wp-block-separator alignwide has-text-color has-alpha-channel-opacity has-background is-style-default\" style=\"margin-top:5px;background-color:#10a19e;color:#10a19e\"\/>\n<\/div>\n\n\n\n<div class=\"wp-block-group alignwide has-global-padding is-content-justification-right is-layout-constrained wp-container-core-group-is-layout-bb4622ba wp-block-group-is-layout-constrained\" style=\"margin-top:0;margin-bottom:0px;padding-top:50px;padding-right:10px;padding-bottom:10px;padding-left:10px\">\n<div class=\"wp-block-columns alignwide are-vertically-aligned-top is-layout-flex wp-container-core-columns-is-layout-e35f6d5e wp-block-columns-is-layout-flex\" style=\"margin-bottom:10px\">\n<div class=\"wp-block-column is-vertically-aligned-top border-radius: 20px is-layout-flow wp-container-core-column-is-layout-47e5a185 wp-block-column-is-layout-flow\" style=\"box-shadow:none;flex-basis:370px\">\n<div class=\"wp-block-group has-border-color has-background has-global-padding is-layout-constrained wp-block-group-is-layout-constrained\" style=\"border-color:#ff7000;border-width:1px;border-radius:20px;background:linear-gradient(0deg,rgb(63,0,114) 0%,rgb(16,161,158) 72%);min-height:0px\">\n<figure class=\"wp-block-image aligncenter size-large has-custom-border\"><img loading=\"lazy\" decoding=\"async\" width=\"1024\" height=\"683\" src=\"https:\/\/thinkeduhub.com\/wp-content\/uploads\/2024\/08\/369911817_672280401600182_2075655797593655140_n-1024x683.jpg\" alt=\"\" class=\"has-border-color wp-image-2137\" style=\"border-color:#ff7000;border-width:1px;border-top-left-radius:20px;border-top-right-radius:20px;border-bottom-left-radius:20px;border-bottom-right-radius:20px;aspect-ratio:1;object-fit:cover\" srcset=\"https:\/\/thinkeduhub.com\/wp-content\/uploads\/2024\/08\/369911817_672280401600182_2075655797593655140_n-1024x683.jpg 1024w, https:\/\/thinkeduhub.com\/wp-content\/uploads\/2024\/08\/369911817_672280401600182_2075655797593655140_n-300x200.jpg 300w, https:\/\/thinkeduhub.com\/wp-content\/uploads\/2024\/08\/369911817_672280401600182_2075655797593655140_n-768x512.jpg 768w, https:\/\/thinkeduhub.com\/wp-content\/uploads\/2024\/08\/369911817_672280401600182_2075655797593655140_n-1536x1024.jpg 1536w, https:\/\/thinkeduhub.com\/wp-content\/uploads\/2024\/08\/369911817_672280401600182_2075655797593655140_n.jpg 2048w\" sizes=\"auto, (max-width: 1024px) 100vw, 1024px\" \/><\/figure>\n\n\n\n<h2 class=\"wp-block-heading has-text-align-center has-text-color has-bayon-font-family\" style=\"color:#ffbe00;padding-top:0px;padding-bottom:0px;font-size:clamp(15.747px, 0.984rem + ((1vw - 3.2px) * 0.938), 24px);font-style:normal;font-weight:600;text-transform:uppercase\"><strong>Fest\u00e9szet<\/strong><\/h2>\n\n\n\n<h2 class=\"wp-block-heading has-text-align-center has-text-color has-bayon-font-family\" style=\"color:#ff7000;margin-top:0;margin-bottom:0;padding-top:6px;padding-bottom:0px;font-size:14px;text-transform:uppercase\"><strong><strong><strong><strong>C\u00e9gek sz\u00e1m\u00e1ra<\/strong><\/strong><\/strong><\/strong><\/h2>\n\n\n\n<div class=\"wp-block-columns alignfull is-layout-flex wp-container-core-columns-is-layout-dafa1ebb wp-block-columns-is-layout-flex\" style=\"margin-top:2.1rem;margin-bottom:0;padding-top:0;padding-bottom:0\">\n<div class=\"wp-block-column is-layout-flow wp-block-column-is-layout-flow\">\n<div class=\"wp-block-buttons is-content-justification-center is-layout-flex wp-container-core-buttons-is-layout-8cf952ab wp-block-buttons-is-layout-flex\" style=\"margin-top:15px;margin-bottom:15px\">\n<div class=\"wp-block-button has-custom-width wp-block-button__width-50 is-style-fill\"><a class=\"wp-block-button__link has-luminous-vivid-amber-to-luminous-vivid-orange-gradient-background has-text-color has-background has-bayon-font-family has-text-align-center has-custom-font-size wp-element-button\" href=\"https:\/\/thinkeduhub.com\/hu\/slikartsvo-za-firme\/\" style=\"border-radius:50px;color:#ffffff;padding-top:15px;padding-right:15px;padding-bottom:15px;padding-left:15px;font-size:clamp(14px, 0.875rem + ((1vw - 3.2px) * 0.227), 16px);text-transform:uppercase\">R\u00e9szletek<\/a><\/div>\n<\/div>\n<\/div>\n<\/div>\n<\/div>\n<\/div>\n\n\n\n<div class=\"wp-block-column is-vertically-aligned-top border-radius: 20px is-layout-flow wp-container-core-column-is-layout-47e5a185 wp-block-column-is-layout-flow\" style=\"box-shadow:none;flex-basis:370px\">\n<div class=\"wp-block-group has-border-color has-background has-global-padding is-layout-constrained wp-block-group-is-layout-constrained\" style=\"border-color:#ff7000;border-width:1px;border-radius:20px;background:linear-gradient(0deg,rgb(63,0,114) 0%,rgb(16,161,158) 72%);min-height:0px\">\n<figure class=\"wp-block-image aligncenter size-large has-custom-border\"><img loading=\"lazy\" decoding=\"async\" width=\"1024\" height=\"683\" src=\"https:\/\/thinkeduhub.com\/wp-content\/uploads\/2024\/08\/369975141_672280501600172_6077378492750477294_n-1024x683.jpg\" alt=\"\" class=\"has-border-color wp-image-2136\" style=\"border-color:#ff7000;border-width:1px;border-top-left-radius:20px;border-top-right-radius:20px;border-bottom-left-radius:20px;border-bottom-right-radius:20px;aspect-ratio:1;object-fit:cover\" srcset=\"https:\/\/thinkeduhub.com\/wp-content\/uploads\/2024\/08\/369975141_672280501600172_6077378492750477294_n-1024x683.jpg 1024w, https:\/\/thinkeduhub.com\/wp-content\/uploads\/2024\/08\/369975141_672280501600172_6077378492750477294_n-300x200.jpg 300w, https:\/\/thinkeduhub.com\/wp-content\/uploads\/2024\/08\/369975141_672280501600172_6077378492750477294_n-768x512.jpg 768w, https:\/\/thinkeduhub.com\/wp-content\/uploads\/2024\/08\/369975141_672280501600172_6077378492750477294_n-1536x1024.jpg 1536w, https:\/\/thinkeduhub.com\/wp-content\/uploads\/2024\/08\/369975141_672280501600172_6077378492750477294_n.jpg 2048w\" sizes=\"auto, (max-width: 1024px) 100vw, 1024px\" \/><\/figure>\n\n\n\n<h2 class=\"wp-block-heading has-text-align-center has-text-color has-bayon-font-family\" style=\"color:#ffbe00;padding-top:0px;padding-bottom:0px;font-size:clamp(15.747px, 0.984rem + ((1vw - 3.2px) * 0.938), 24px);font-style:normal;font-weight:600;text-transform:uppercase\"><strong>Szobr\u00e1szat<\/strong><\/h2>\n\n\n\n<h2 class=\"wp-block-heading has-text-align-center has-text-color has-bayon-font-family\" style=\"color:#ff7000;margin-top:0;margin-bottom:0;padding-top:6px;padding-bottom:0px;font-size:14px;text-transform:uppercase\"><strong><strong><strong><strong>C\u00e9gek sz\u00e1m\u00e1ra<\/strong><\/strong><\/strong><\/strong><\/h2>\n\n\n\n<div class=\"wp-block-columns alignfull is-layout-flex wp-container-core-columns-is-layout-dafa1ebb wp-block-columns-is-layout-flex\" style=\"margin-top:2.1rem;margin-bottom:0;padding-top:0;padding-bottom:0\">\n<div class=\"wp-block-column is-layout-flow wp-block-column-is-layout-flow\">\n<div class=\"wp-block-buttons is-content-justification-center is-layout-flex wp-container-core-buttons-is-layout-8cf952ab wp-block-buttons-is-layout-flex\" style=\"margin-top:15px;margin-bottom:15px\">\n<div class=\"wp-block-button has-custom-width wp-block-button__width-50 is-style-fill\"><a class=\"wp-block-button__link has-luminous-vivid-amber-to-luminous-vivid-orange-gradient-background has-text-color has-background has-bayon-font-family has-text-align-center has-custom-font-size wp-element-button\" href=\"https:\/\/thinkeduhub.com\/hu\/vajarstvo-za-firme\/\" style=\"border-radius:50px;color:#ffffff;padding-top:15px;padding-right:15px;padding-bottom:15px;padding-left:15px;font-size:clamp(14px, 0.875rem + ((1vw - 3.2px) * 0.227), 16px);text-transform:uppercase\">R\u00e9szletek<\/a><\/div>\n<\/div>\n<\/div>\n<\/div>\n<\/div>\n<\/div>\n<\/div>\n<\/div>\n\n\n\n<h2 class=\"wp-block-heading alignwide has-text-align-center has-text-color has-bayon-font-family\" id=\"da-vincijevim-tragovima\" style=\"color:#3f0072;padding-bottom:0px;font-size:clamp(26.465px, 1.654rem + ((1vw - 3.2px) * 2.106), 45px);letter-spacing:2px;text-transform:uppercase\"><strong>Da vin\u010dijevim tragovima<\/strong><\/h2>\n\n\n\n<h4 class=\"wp-block-heading alignwide has-text-align-center has-text-color has-link-color wp-elements-0b38c536bad4faa6bd4473b5e0793a32\" style=\"color:#000000;margin-top:0;margin-bottom:0\">Kv\u00edzek<\/h4>\n\n\n\n<h6 class=\"wp-block-heading alignwide has-text-align-center has-text-color has-link-color wp-elements-2b7665d1bd0982acc8d221bfbb2939a1\" style=\"color:#000000;margin-top:0;margin-bottom:0;text-transform:none\">C\u00e9geknek \u00e9s iskolai csoportoknak<\/h6>\n\n\n\n<div class=\"wp-block-group alignwide is-style-default has-background has-small-font-size is-vertical is-content-justification-center is-layout-flex wp-container-core-group-is-layout-d3939954 wp-block-group-is-layout-flex\" style=\"background-color:#10a19e;margin-top:var(--wp--preset--spacing--30);margin-bottom:0;padding-top:0;padding-right:0;padding-bottom:0;padding-left:0\">\n<hr class=\"wp-block-separator alignwide has-text-color has-alpha-channel-opacity has-background is-style-default\" style=\"margin-top:5px;background-color:#10a19e;color:#10a19e\"\/>\n<\/div>\n\n\n\n<div class=\"wp-block-group alignwide has-global-padding is-content-justification-right is-layout-constrained wp-container-core-group-is-layout-bb4622ba wp-block-group-is-layout-constrained\" style=\"margin-top:0;margin-bottom:0px;padding-top:50px;padding-right:10px;padding-bottom:10px;padding-left:10px\">\n<div class=\"wp-block-columns alignwide are-vertically-aligned-top is-layout-flex wp-container-core-columns-is-layout-e35f6d5e wp-block-columns-is-layout-flex\" style=\"margin-bottom:10px\">\n<div class=\"wp-block-column is-vertically-aligned-top border-radius: 20px is-layout-flow wp-container-core-column-is-layout-47e5a185 wp-block-column-is-layout-flow\" style=\"box-shadow:none;flex-basis:370px\">\n<div class=\"wp-block-group has-border-color has-background has-global-padding is-layout-constrained wp-block-group-is-layout-constrained\" style=\"border-color:#ff7000;border-width:1px;border-radius:20px;background:linear-gradient(0deg,rgb(63,0,114) 0%,rgb(16,161,158) 72%);min-height:0px\">\n<figure class=\"wp-block-image aligncenter size-large has-custom-border\"><img loading=\"lazy\" decoding=\"async\" width=\"1024\" height=\"768\" src=\"https:\/\/thinkeduhub.com\/wp-content\/uploads\/2024\/08\/444165420_843238997833124_5515835125190752242_n-01-1-1024x768.jpg\" alt=\"\" class=\"has-border-color wp-image-2026\" style=\"border-color:#ff7000;border-width:1px;border-top-left-radius:20px;border-top-right-radius:20px;border-bottom-left-radius:20px;border-bottom-right-radius:20px;aspect-ratio:1;object-fit:cover\"\/><\/figure>\n\n\n\n<h2 class=\"wp-block-heading has-text-align-center has-text-color has-bayon-font-family\" style=\"color:#ffbe00;padding-top:0px;padding-bottom:0px;font-size:clamp(15.747px, 0.984rem + ((1vw - 3.2px) * 0.938), 24px);font-style:normal;font-weight:600;text-transform:uppercase\"><strong>THE Circle<\/strong><\/h2>\n\n\n\n<h2 class=\"wp-block-heading has-text-align-center has-text-color has-bayon-font-family\" style=\"color:#ff7000;margin-top:0;margin-bottom:0;padding-top:6px;padding-bottom:0px;font-size:14px;text-transform:uppercase\"><strong><strong><strong><strong>Feln\u0151ttek sz\u00e1m\u00e1ra<\/strong><\/strong><\/strong><\/strong><\/h2>\n\n\n\n<p class=\"has-text-align-center has-text-color has-link-color wp-elements-cdcf1b40662f70da16359177b7f31404\" style=\"color:#ffffff;padding-top:0rem;padding-right:var(--wp--preset--spacing--40);padding-left:var(--wp--preset--spacing--40)\">A The Circle kv\u00edz izgalmasan \u00f6tv\u00f6zi a strat\u00e9gi\u00e1t \u00e9s a zenei tud\u00e1st 280 k\u00e9rd\u00e9sen kereszt\u00fcl, ahol a csapatok sl\u00e1gereket ismernek fel \u00e9s akad\u00e1lyokat k\u00fczdenek le, hogy el\u00e9rj\u00e9k a k\u00f6r k\u00f6zep\u00e9t.<\/p>\n\n\n\n<div class=\"wp-block-columns is-layout-flex wp-container-core-columns-is-layout-dafa1ebb wp-block-columns-is-layout-flex\" style=\"margin-top:2.1rem;margin-bottom:0;padding-top:0;padding-bottom:0\">\n<div class=\"wp-block-column is-layout-flow wp-block-column-is-layout-flow\">\n<div class=\"wp-block-buttons is-content-justification-center is-layout-flex wp-container-core-buttons-is-layout-8cf952ab wp-block-buttons-is-layout-flex\" style=\"margin-top:15px;margin-bottom:15px\">\n<div class=\"wp-block-button has-custom-width wp-block-button__width-50 is-style-fill\"><a class=\"wp-block-button__link has-luminous-vivid-amber-to-luminous-vivid-orange-gradient-background has-text-color has-background has-bayon-font-family has-text-align-center has-custom-font-size wp-element-button\" href=\"https:\/\/thinkeduhub.com\/hu\/the-circle\/\" style=\"border-radius:50px;color:#ffffff;padding-top:15px;padding-right:15px;padding-bottom:15px;padding-left:15px;font-size:clamp(14px, 0.875rem + ((1vw - 3.2px) * 0.227), 16px);text-transform:uppercase\">R\u00e9szletek<\/a><\/div>\n<\/div>\n<\/div>\n<\/div>\n<\/div>\n<\/div>\n\n\n\n<div class=\"wp-block-column is-vertically-aligned-top border-radius: 20px is-layout-flow wp-container-core-column-is-layout-47e5a185 wp-block-column-is-layout-flow\" style=\"box-shadow:none;flex-basis:370px\">\n<div class=\"wp-block-group has-border-color has-background has-global-padding is-layout-constrained wp-block-group-is-layout-constrained\" style=\"border-color:#ff7000;border-width:1px;border-radius:20px;background:linear-gradient(0deg,rgb(63,0,114) 0%,rgb(16,161,158) 72%);min-height:0px\">\n<figure class=\"wp-block-image aligncenter size-large has-custom-border\"><img loading=\"lazy\" decoding=\"async\" width=\"1024\" height=\"1024\" src=\"https:\/\/thinkeduhub.com\/wp-content\/uploads\/2024\/08\/84398040_831301533964149_3915650623529287680_n-1024x1024.jpg\" alt=\"\" class=\"has-border-color wp-image-2028\" style=\"border-color:#ff7000;border-width:1px;border-top-left-radius:20px;border-top-right-radius:20px;border-bottom-left-radius:20px;border-bottom-right-radius:20px;aspect-ratio:1;object-fit:cover\" srcset=\"https:\/\/thinkeduhub.com\/wp-content\/uploads\/2024\/08\/84398040_831301533964149_3915650623529287680_n-1024x1024.jpg 1024w, https:\/\/thinkeduhub.com\/wp-content\/uploads\/2024\/08\/84398040_831301533964149_3915650623529287680_n-300x300.jpg 300w, https:\/\/thinkeduhub.com\/wp-content\/uploads\/2024\/08\/84398040_831301533964149_3915650623529287680_n-150x150.jpg 150w, https:\/\/thinkeduhub.com\/wp-content\/uploads\/2024\/08\/84398040_831301533964149_3915650623529287680_n-768x769.jpg 768w, https:\/\/thinkeduhub.com\/wp-content\/uploads\/2024\/08\/84398040_831301533964149_3915650623529287680_n.jpg 1289w\" sizes=\"auto, (max-width: 1024px) 100vw, 1024px\" \/><\/figure>\n\n\n\n<h2 class=\"wp-block-heading has-text-align-center has-text-color has-bayon-font-family\" style=\"color:#ffbe00;padding-top:0px;padding-bottom:0px;font-size:clamp(15.747px, 0.984rem + ((1vw - 3.2px) * 0.938), 24px);font-style:normal;font-weight:600;text-transform:uppercase\"><strong>#after!<\/strong><\/h2>\n\n\n\n<h2 class=\"wp-block-heading has-text-align-center has-text-color has-bayon-font-family\" style=\"color:#ff7000;margin-top:0;margin-bottom:0;padding-top:6px;padding-bottom:0px;font-size:14px;text-transform:uppercase\"><strong><strong><strong><strong>Tizen\u00e9veseknek 13+<\/strong><\/strong><\/strong><\/strong><\/h2>\n\n\n\n<p class=\"has-text-align-center has-text-color has-link-color wp-elements-a3e9b56b7396315f657c9c46cfc12ba6\" style=\"color:#ffffff;padding-top:0rem;padding-right:var(--wp--preset--spacing--40);padding-left:var(--wp--preset--spacing--40)\">Az After! kv\u00edz sz\u00f3rakoztat\u00f3 kih\u00edv\u00e1sokkal \u00e9s csapatj\u00e1t\u00e9kokkal vezeti be a tin\u00e9dzsereket a popkult\u00fara vil\u00e1g\u00e1ba, er\u0151s\u00edtve az oszt\u00e1lyk\u00f6z\u00f6ss\u00e9get \u00e9s rengeteg nevet\u00e9st biztos\u00edtva.<\/p>\n\n\n\n<div class=\"wp-block-columns is-layout-flex wp-container-core-columns-is-layout-2ee3112b wp-block-columns-is-layout-flex\" style=\"margin-top:3.9rem;margin-bottom:0;padding-top:0;padding-bottom:0\">\n<div class=\"wp-block-column is-layout-flow wp-block-column-is-layout-flow\">\n<div class=\"wp-block-buttons is-content-justification-center is-layout-flex wp-container-core-buttons-is-layout-c6c139c0 wp-block-buttons-is-layout-flex\" style=\"margin-top:15px;margin-bottom:15px\">\n<div class=\"wp-block-button has-custom-width wp-block-button__width-50 is-style-fill\"><a class=\"wp-block-button__link has-luminous-vivid-amber-to-luminous-vivid-orange-gradient-background has-text-color has-background has-bayon-font-family has-text-align-center has-custom-font-size wp-element-button\" href=\"https:\/\/thinkeduhub.com\/hu\/after\/\" style=\"border-radius:50px;color:#ffffff;padding-top:15px;padding-right:15px;padding-bottom:15px;padding-left:15px;font-size:clamp(14px, 0.875rem + ((1vw - 3.2px) * 0.227), 16px);text-transform:uppercase\">R\u00e9szletek<\/a><\/div>\n<\/div>\n<\/div>\n<\/div>\n<\/div>\n<\/div>\n\n\n\n<div class=\"wp-block-column is-vertically-aligned-top border-radius: 20px is-layout-flow wp-container-core-column-is-layout-47e5a185 wp-block-column-is-layout-flow\" style=\"box-shadow:none;flex-basis:370px\">\n<div class=\"wp-block-group has-border-color has-background has-global-padding is-layout-constrained wp-block-group-is-layout-constrained\" style=\"border-color:#ff7000;border-width:1px;border-radius:20px;background:linear-gradient(0deg,rgb(63,0,114) 0%,rgb(16,161,158) 72%);min-height:0px\">\n<figure class=\"wp-block-image aligncenter size-full has-custom-border\"><img loading=\"lazy\" decoding=\"async\" width=\"700\" height=\"467\" src=\"https:\/\/thinkeduhub.com\/wp-content\/uploads\/2024\/08\/im-680949.png\" alt=\"\" class=\"has-border-color wp-image-2032\" style=\"border-color:#ff7000;border-width:3px;border-bottom-left-radius:20px;border-bottom-right-radius:20px;aspect-ratio:1;object-fit:cover\" srcset=\"https:\/\/thinkeduhub.com\/wp-content\/uploads\/2024\/08\/im-680949.png 700w, https:\/\/thinkeduhub.com\/wp-content\/uploads\/2024\/08\/im-680949-300x200.png 300w\" sizes=\"auto, (max-width: 700px) 100vw, 700px\" \/><\/figure>\n\n\n\n<h2 class=\"wp-block-heading has-text-align-center has-text-color has-bayon-font-family\" style=\"color:#ffbe00;padding-top:0px;padding-bottom:0px;font-size:clamp(15.747px, 0.984rem + ((1vw - 3.2px) * 0.938), 24px);font-style:normal;font-weight:600;text-transform:uppercase\"><strong>pop player<\/strong><\/h2>\n\n\n\n<h2 class=\"wp-block-heading has-text-align-center has-text-color has-bayon-font-family\" style=\"color:#ff7000;margin-top:0;margin-bottom:0;padding-top:6px;padding-bottom:0px;font-size:14px;text-transform:uppercase\"><strong><strong><strong><strong>Feln\u0151ttek sz\u00e1m\u00e1ra<\/strong><\/strong><\/strong><\/strong><\/h2>\n\n\n\n<p class=\"has-text-align-center has-text-color has-link-color wp-elements-7b8e911261323ecfcc3c006c3b51c72e\" style=\"color:#ffffff;padding-top:0rem;padding-right:var(--wp--preset--spacing--40);padding-left:var(--wp--preset--spacing--40)\">A Pop Player kv\u00edz, amelyet R\u00f3zsa Zsombor tervezett, zenei kih\u00edv\u00e1st k\u00edn\u00e1l strat\u00e9giai elemekkel \u00e9s sl\u00e1gerek felismer\u00e9s\u00e9vel, remek hangulatot teremtve a csapatmunk\u00e1hoz \u00e9s sz\u00f3rakoz\u00e1shoz.<\/p>\n\n\n\n<div class=\"wp-block-columns is-layout-flex wp-container-core-columns-is-layout-dafa1ebb wp-block-columns-is-layout-flex\" style=\"margin-top:2.1rem;margin-bottom:0;padding-top:0;padding-bottom:0\">\n<div class=\"wp-block-column is-layout-flow wp-block-column-is-layout-flow\">\n<div class=\"wp-block-buttons is-content-justification-center is-layout-flex wp-container-core-buttons-is-layout-c6c139c0 wp-block-buttons-is-layout-flex\" style=\"margin-top:15px;margin-bottom:15px\">\n<div class=\"wp-block-button has-custom-width wp-block-button__width-50 is-style-fill\"><a class=\"wp-block-button__link has-luminous-vivid-amber-to-luminous-vivid-orange-gradient-background has-text-color has-background has-bayon-font-family has-text-align-center has-custom-font-size wp-element-button\" href=\"https:\/\/thinkeduhub.com\/hu\/pop-player\/\" style=\"border-radius:50px;color:#ffffff;padding-top:15px;padding-right:15px;padding-bottom:15px;padding-left:15px;font-size:clamp(14px, 0.875rem + ((1vw - 3.2px) * 0.227), 16px);text-transform:uppercase\">R\u00e9szletek<\/a><\/div>\n<\/div>\n<\/div>\n<\/div>\n<\/div>\n<\/div>\n<\/div>\n<\/div>\n<\/div>","protected":false},"excerpt":{"rendered":"<p>flying colors Umetni\u010dke radionice Za firme Slikarstvo Za firme Vajarstvo Za firme Da vin\u010dijevim tragovima KVIZOVI Za firme i \u0161kolske grupe THE Circle Za odrasle The Circle kviz nudi uzbudljivu kombinaciju strategije i znanja o muzici kroz 280 pitanja, gde se timovi takmi\u010de u prepoznavanju hitova i re\u0161avanju prepreka kako bi stigli do centra kruga. [&hellip;]<\/p>","protected":false},"author":2,"featured_media":0,"parent":0,"menu_order":0,"comment_status":"closed","ping_status":"closed","template":"","meta":{"ngg_post_thumbnail":0,"footnotes":""},"class_list":["post-64","page","type-page","status-publish","hentry"],"_links":{"self":[{"href":"https:\/\/thinkeduhub.com\/hu\/wp-json\/wp\/v2\/pages\/64","targetHints":{"allow":["GET"]}}],"collection":[{"href":"https:\/\/thinkeduhub.com\/hu\/wp-json\/wp\/v2\/pages"}],"about":[{"href":"https:\/\/thinkeduhub.com\/hu\/wp-json\/wp\/v2\/types\/page"}],"author":[{"embeddable":true,"href":"https:\/\/thinkeduhub.com\/hu\/wp-json\/wp\/v2\/users\/2"}],"replies":[{"embeddable":true,"href":"https:\/\/thinkeduhub.com\/hu\/wp-json\/wp\/v2\/comments?post=64"}],"version-history":[{"count":20,"href":"https:\/\/thinkeduhub.com\/hu\/wp-json\/wp\/v2\/pages\/64\/revisions"}],"predecessor-version":[{"id":3261,"href":"https:\/\/thinkeduhub.com\/hu\/wp-json\/wp\/v2\/pages\/64\/revisions\/3261"}],"wp:attachment":[{"href":"https:\/\/thinkeduhub.com\/hu\/wp-json\/wp\/v2\/media?parent=64"}],"curies":[{"name":"wp","href":"https:\/\/api.w.org\/{rel}","templated":true}]}}